



{"id":238542,"date":"2026-05-16T15:40:40","date_gmt":"2026-05-16T13:40:40","guid":{"rendered":"https:\/\/www.mongrip.com\/?page_id=238542"},"modified":"2026-05-17T17:33:43","modified_gmt":"2026-05-17T15:33:43","slug":"x-monaco-grand-prix-signature-limited-edition","status":"publish","type":"page","link":"https:\/\/www.mongrip.com\/it\/x-monaco-grand-prix-signature-limited-edition\/","title":{"rendered":"X Monaco Grand Prix \u2013 Signature Limited Edition"},"content":{"rendered":"\t\t<div data-elementor-type=\"wp-page\" data-elementor-id=\"238542\" class=\"elementor elementor-238542 elementor-238540\" wpc-filter-elementor-widget=\"1\" data-elementor-post-type=\"page\">\n\t\t\t\t\t\t<section class=\"elementor-section elementor-top-section elementor-element elementor-element-68131aa5 elementor-section-full_width elementor-reverse-mobile elementor-section-height-default elementor-section-height-default sc_fly_static\" data-id=\"68131aa5\" data-element_type=\"section\" data-settings=\"{&quot;background_background&quot;:&quot;classic&quot;}\">\n\t\t\t\t\t\t<div class=\"elementor-container elementor-column-gap-default\">\n\t\t\t\t\t<div class=\"elementor-column elementor-col-50 elementor-top-column elementor-element elementor-element-3d8e55c3 sc_content_align_inherit sc_layouts_column_icons_position_left sc_fly_static\" data-id=\"3d8e55c3\" data-element_type=\"column\" data-settings=\"{&quot;background_background&quot;:&quot;classic&quot;}\">\n\t\t\t<div class=\"elementor-widget-wrap elementor-element-populated\">\n\t\t\t\t\t\t<div class=\"elementor-element elementor-element-74736b76 sc_fly_static elementor-widget elementor-widget-trx_sc_title\" data-id=\"74736b76\" data-element_type=\"widget\" data-widget_type=\"trx_sc_title.default\">\n\t\t\t\t<div class=\"elementor-widget-container\">\n\t\t\t\t\t<div\t\tclass=\"sc_title sc_title_default\"><h1 class=\"sc_item_title sc_title_title sc_item_title_style_default sc_item_title_tag trx_addons_inline_2116875873\"\n\t\t\t><span class=\"sc_item_title_text\">X Monaco Grand Prix \u2013 Signature Limited Edition<br\/><\/span><span class=\"sc_item_title_text2\">500 PIECES OF HISTORY<\/span><\/h1><span class=\"sc_item_subtitle sc_title_subtitle sc_item_subtitle_below sc_item_title_style_default\">Wear the legend of the Monaco Grand Prix.<\/span><\/div>\t\t\t\t<\/div>\n\t\t\t\t<\/div>\n\t\t\t\t<div class=\"elementor-element elementor-element-371fa90e sc_fly_static elementor-widget elementor-widget-spacer\" data-id=\"371fa90e\" data-element_type=\"widget\" data-widget_type=\"spacer.default\">\n\t\t\t\t<div class=\"elementor-widget-container\">\n\t\t\t\t\t\t\t<div class=\"elementor-spacer\">\n\t\t\t<div class=\"elementor-spacer-inner\"><\/div>\n\t\t<\/div>\n\t\t\t\t\t\t<\/div>\n\t\t\t\t<\/div>\n\t\t\t\t<div class=\"elementor-element elementor-element-1e61c61a sc_fly_static elementor-widget elementor-widget-text-editor\" data-id=\"1e61c61a\" data-element_type=\"widget\" data-widget_type=\"text-editor.default\">\n\t\t\t\t<div class=\"elementor-widget-container\">\n\t\t\t\t\t\t\t\t\t<p class=\"s7\"><span class=\"s2\">X Monaco Grand Prix \u2013 Signature Limited Edition \u00e8 la collezione esclusiva, in edizione limitata di 500 bracciali, realizzati con un autentico pneumatico usato in Formula 1\u2122, nata dalla collaborazione con l\u2019Automobile Club de Monaco.<\/span><\/p><p class=\"s7\"><span class=\"s2\">La \u201cX\u201d \u00e8 il segno distintivo della collezione: espressione dei <\/span><span class=\"s2\">10<\/span><span class=\"s2\"> anni del <\/span><span class=\"s2\">brand<\/span><span class=\"s2\"> e omaggio al circuito dei sogni di ogni appassionato di motorsport, all\u2019Automobile Club de Monaco e alla visione che ha reso MONGRIP\u2122 il simbolo della velocit\u00e0 che diventa memoria.<\/span><\/p>\t\t\t\t\t\t\t\t<\/div>\n\t\t\t\t<\/div>\n\t\t\t\t<div class=\"elementor-element elementor-element-1d672763 sc_fly_static elementor-widget elementor-widget-spacer\" data-id=\"1d672763\" data-element_type=\"widget\" data-widget_type=\"spacer.default\">\n\t\t\t\t<div class=\"elementor-widget-container\">\n\t\t\t\t\t\t\t<div class=\"elementor-spacer\">\n\t\t\t<div class=\"elementor-spacer-inner\"><\/div>\n\t\t<\/div>\n\t\t\t\t\t\t<\/div>\n\t\t\t\t<\/div>\n\t\t\t\t<div class=\"elementor-element elementor-element-5c305671 sc_fly_static elementor-widget elementor-widget-trx_sc_button\" data-id=\"5c305671\" data-element_type=\"widget\" data-widget_type=\"trx_sc_button.default\">\n\t\t\t\t<div class=\"elementor-widget-container\">\n\t\t\t\t\t<div\tclass=\"sc_item_button sc_button_wrap\"><a href=\"\/it\/prodotto\/x-monaco-grand-prix-signature\" class=\"sc_button sc_button_default sc_button_size_normal sc_button_icon_left color_style_link2\"><span class=\"sc_button_text\"><span class=\"sc_button_title\">vai alla pagina del prodotto<\/span><\/span><\/a><\/div>\t\t\t\t<\/div>\n\t\t\t\t<\/div>\n\t\t\t\t\t<\/div>\n\t\t<\/div>\n\t\t\t\t<div class=\"elementor-column elementor-col-50 elementor-top-column elementor-element elementor-element-31369573 sc_content_align_inherit sc_layouts_column_icons_position_left sc_fly_static\" data-id=\"31369573\" data-element_type=\"column\" data-settings=\"{&quot;background_background&quot;:&quot;slideshow&quot;,&quot;background_slideshow_gallery&quot;:[{&quot;id&quot;:238554,&quot;url&quot;:&quot;https:\\\/\\\/www.mongrip.com\\\/wp-content\\\/uploads\\\/X-MONACO-GRAND-PRIX-SIGNATURE-LIMITED-EDITION-PHOTO-2-scaled.jpg&quot;},{&quot;id&quot;:238545,&quot;url&quot;:&quot;https:\\\/\\\/www.mongrip.com\\\/wp-content\\\/uploads\\\/mongrip_monaco_gp_2-edit-scaled.jpg&quot;}],&quot;background_slideshow_loop&quot;:&quot;yes&quot;,&quot;background_slideshow_slide_duration&quot;:5000,&quot;background_slideshow_slide_transition&quot;:&quot;fade&quot;,&quot;background_slideshow_transition_duration&quot;:500}\">\n\t\t\t<div class=\"elementor-widget-wrap elementor-element-populated\">\n\t\t\t\t\t\t<div class=\"elementor-element elementor-element-74125d1 sc_fly_static elementor-widget elementor-widget-spacer\" data-id=\"74125d1\" data-element_type=\"widget\" data-widget_type=\"spacer.default\">\n\t\t\t\t<div class=\"elementor-widget-container\">\n\t\t\t\t\t\t\t<div class=\"elementor-spacer\">\n\t\t\t<div class=\"elementor-spacer-inner\"><\/div>\n\t\t<\/div>\n\t\t\t\t\t\t<\/div>\n\t\t\t\t<\/div>\n\t\t\t\t\t<\/div>\n\t\t<\/div>\n\t\t\t\t\t<\/div>\n\t\t<\/section>\n\t\t\t\t<section class=\"elementor-section elementor-top-section elementor-element elementor-element-c5127c4 elementor-section-full_width elementor-section-height-default elementor-section-height-default sc_fly_static\" data-id=\"c5127c4\" data-element_type=\"section\" data-settings=\"{&quot;background_background&quot;:&quot;classic&quot;}\">\n\t\t\t\t\t\t<div class=\"elementor-container elementor-column-gap-default\">\n\t\t\t\t\t<div class=\"elementor-column elementor-col-50 elementor-top-column elementor-element elementor-element-8a63dfc sc_content_align_inherit sc_layouts_column_icons_position_left sc_fly_static\" data-id=\"8a63dfc\" data-element_type=\"column\" data-settings=\"{&quot;background_background&quot;:&quot;slideshow&quot;,&quot;background_slideshow_gallery&quot;:[{&quot;id&quot;:238557,&quot;url&quot;:&quot;https:\\\/\\\/www.mongrip.com\\\/wp-content\\\/uploads\\\/X-MONACO-GRAND-PRIX-SIGNATURE-LIMITED-EDITION-PHOTO-1.jpg&quot;}],&quot;background_slideshow_slide_duration&quot;:2500,&quot;background_slideshow_loop&quot;:&quot;yes&quot;,&quot;background_slideshow_slide_transition&quot;:&quot;fade&quot;,&quot;background_slideshow_transition_duration&quot;:500}\">\n\t\t\t<div class=\"elementor-widget-wrap elementor-element-populated\">\n\t\t\t\t\t\t<div class=\"elementor-element elementor-element-75324e8 sc_fly_static elementor-widget elementor-widget-spacer\" data-id=\"75324e8\" data-element_type=\"widget\" data-widget_type=\"spacer.default\">\n\t\t\t\t<div class=\"elementor-widget-container\">\n\t\t\t\t\t\t\t<div class=\"elementor-spacer\">\n\t\t\t<div class=\"elementor-spacer-inner\"><\/div>\n\t\t<\/div>\n\t\t\t\t\t\t<\/div>\n\t\t\t\t<\/div>\n\t\t\t\t\t<\/div>\n\t\t<\/div>\n\t\t\t\t<div class=\"elementor-column elementor-col-50 elementor-top-column elementor-element elementor-element-7584ca1 sc_content_align_inherit sc_layouts_column_icons_position_left sc_fly_static\" data-id=\"7584ca1\" data-element_type=\"column\" data-settings=\"{&quot;background_background&quot;:&quot;classic&quot;}\">\n\t\t\t<div class=\"elementor-widget-wrap elementor-element-populated\">\n\t\t\t\t\t\t<div class=\"elementor-element elementor-element-1ca754b sc_fly_static elementor-widget elementor-widget-text-editor\" data-id=\"1ca754b\" data-element_type=\"widget\" data-widget_type=\"text-editor.default\">\n\t\t\t\t<div class=\"elementor-widget-container\">\n\t\t\t\t\t\t\t\t\t<p class=\"s7\"><span class=\"s2\">Elemento distintivo della collezione \u00e8 una porzione originale di uno pneumatico Goodyear Eagle F1 posteriore da bagnato destro, montato su una delle 22 monoposto che hanno preso parte al leggendario Monaco Grand Prix del 1996: uno pneumatico che ha affrontato condizioni estreme in una gara destinata a entrare nella storia.<\/span><\/p><p class=\"s7\"><span class=\"s2\">Disegnata e progettata a Monaco e realizzata in Italia, la X Monaco Grand Prix \u2013 Signature Limited Edition incarna l\u2019essenza di MONGRIP\u2122: preservare autentiche reliquie della competizione e tradurle in creazioni essenziali, dove materia, memoria e ricerca dell\u2019eccellenza si fondono, impreziosendo l\u2019esclusiva racing <\/span><span class=\"s2\">relic<\/span><span class=\"s2\"> del circuito, proveniente dal celebre tracciato cittadino del Principato di Monaco, con una chiusura in argento impreziosita da smalto nei colori della bandiera monegasca.<\/span><\/p>\t\t\t\t\t\t\t\t<\/div>\n\t\t\t\t<\/div>\n\t\t\t\t\t<\/div>\n\t\t<\/div>\n\t\t\t\t\t<\/div>\n\t\t<\/section>\n\t\t\t\t<section class=\"elementor-section elementor-top-section elementor-element elementor-element-c39f12d elementor-section-full_width elementor-reverse-mobile elementor-section-height-default elementor-section-height-default sc_fly_static\" data-id=\"c39f12d\" data-element_type=\"section\" data-settings=\"{&quot;background_background&quot;:&quot;classic&quot;}\">\n\t\t\t\t\t\t<div class=\"elementor-container elementor-column-gap-default\">\n\t\t\t\t\t<div class=\"elementor-column elementor-col-50 elementor-top-column elementor-element elementor-element-58c2802 sc_content_align_inherit sc_layouts_column_icons_position_left sc_fly_static\" data-id=\"58c2802\" data-element_type=\"column\" data-settings=\"{&quot;background_background&quot;:&quot;classic&quot;}\">\n\t\t\t<div class=\"elementor-widget-wrap elementor-element-populated\">\n\t\t\t\t\t\t<div class=\"elementor-element elementor-element-fd9a27c sc_fly_static elementor-widget elementor-widget-text-editor\" data-id=\"fd9a27c\" data-element_type=\"widget\" data-widget_type=\"text-editor.default\">\n\t\t\t\t<div class=\"elementor-widget-container\">\n\t\t\t\t\t\t\t\t\t<p class=\"s7\"><span class=\"s2\">Il 19 maggio 1996, un violento acquazzone prima del via trasforma radicalmente il corso del Monaco Grand Prix: tutti i grandi favoriti della vigilia \u2014 da Michael Schumacher a Damon Hill, da Jean Alesi a Mika H\u00e4kkinen \u2014 sono costretti al ritiro.<\/span><\/p><p class=\"s7\"><span class=\"s2\">Le strategie si dissolvono e, in un epilogo inatteso, il francese Olivier Panis, al volante della Ligier, compie il suo capolavoro conquistando una vittoria destinata a rimanere l\u2019unica della sua carriera in Formula 1\u2122, ma indelebile nella storia del motorsport. Solo altri due piloti riescono a vedere la bandiera a scacchi: David Coulthard, secondo classificato, e Johnny Herbert, sul terzo gradino del podio.<\/span><\/p><p class=\"s7\"><span class=\"s2\">A trent\u2019anni di distanza, quel momento non \u00e8 pi\u00f9 soltanto ricordo: \u00e8 materia.<\/span><\/p><p class=\"s7\"><span class=\"s2\">Con la X Monaco Grand Prix \u2013 Signature Limited Edition, MONGRIP\u2122 cattura quell\u2019istante e lo traduce in una forma tangibile. Ogni creazione racchiude un frammento autentico di quella gara, preservato e reinterpretato dai maestri artigiani italiani in un oggetto che unisce precisione, intensit\u00e0 e design, affermandosi come un autentico must-<\/span><span class=\"s2\">have<\/span><span class=\"s2\"> per ogni appassionato di Formula 1\u2122 e dell\u2019iconico circuito monegasco.<\/span><\/p>\t\t\t\t\t\t\t\t<\/div>\n\t\t\t\t<\/div>\n\t\t\t\t\t<\/div>\n\t\t<\/div>\n\t\t\t\t<div class=\"elementor-column elementor-col-50 elementor-top-column elementor-element elementor-element-7364d8c sc_content_align_inherit sc_layouts_column_icons_position_left sc_fly_static\" data-id=\"7364d8c\" data-element_type=\"column\" data-settings=\"{&quot;background_background&quot;:&quot;slideshow&quot;,&quot;background_slideshow_gallery&quot;:[{&quot;id&quot;:238560,&quot;url&quot;:&quot;https:\\\/\\\/www.mongrip.com\\\/wp-content\\\/uploads\\\/2026-04-29-0001.jpg&quot;},{&quot;id&quot;:238563,&quot;url&quot;:&quot;https:\\\/\\\/www.mongrip.com\\\/wp-content\\\/uploads\\\/2026-04-29-0007.jpg&quot;},{&quot;id&quot;:238566,&quot;url&quot;:&quot;https:\\\/\\\/www.mongrip.com\\\/wp-content\\\/uploads\\\/2026-04-29-0008.jpg&quot;},{&quot;id&quot;:238569,&quot;url&quot;:&quot;https:\\\/\\\/www.mongrip.com\\\/wp-content\\\/uploads\\\/2026-04-29-0009.jpg&quot;},{&quot;id&quot;:238572,&quot;url&quot;:&quot;https:\\\/\\\/www.mongrip.com\\\/wp-content\\\/uploads\\\/2026-04-29-0010.jpg&quot;},{&quot;id&quot;:238575,&quot;url&quot;:&quot;https:\\\/\\\/www.mongrip.com\\\/wp-content\\\/uploads\\\/2026-04-29-0012.jpg&quot;},{&quot;id&quot;:238578,&quot;url&quot;:&quot;https:\\\/\\\/www.mongrip.com\\\/wp-content\\\/uploads\\\/2026-04-29-0013.jpg&quot;},{&quot;id&quot;:238581,&quot;url&quot;:&quot;https:\\\/\\\/www.mongrip.com\\\/wp-content\\\/uploads\\\/2026-04-29-0014.jpg&quot;},{&quot;id&quot;:238584,&quot;url&quot;:&quot;https:\\\/\\\/www.mongrip.com\\\/wp-content\\\/uploads\\\/2026-05-08-0001.jpg&quot;},{&quot;id&quot;:238587,&quot;url&quot;:&quot;https:\\\/\\\/www.mongrip.com\\\/wp-content\\\/uploads\\\/2026-05-08-0002.jpg&quot;},{&quot;id&quot;:238590,&quot;url&quot;:&quot;https:\\\/\\\/www.mongrip.com\\\/wp-content\\\/uploads\\\/2026-05-08-0003.jpg&quot;},{&quot;id&quot;:238593,&quot;url&quot;:&quot;https:\\\/\\\/www.mongrip.com\\\/wp-content\\\/uploads\\\/Monaco1-rotated.jpg&quot;},{&quot;id&quot;:238596,&quot;url&quot;:&quot;https:\\\/\\\/www.mongrip.com\\\/wp-content\\\/uploads\\\/Monaco2-rotated.jpg&quot;},{&quot;id&quot;:238599,&quot;url&quot;:&quot;https:\\\/\\\/www.mongrip.com\\\/wp-content\\\/uploads\\\/Monaco4-rotated.jpg&quot;},{&quot;id&quot;:238602,&quot;url&quot;:&quot;https:\\\/\\\/www.mongrip.com\\\/wp-content\\\/uploads\\\/Monaco6.jpg&quot;},{&quot;id&quot;:238605,&quot;url&quot;:&quot;https:\\\/\\\/www.mongrip.com\\\/wp-content\\\/uploads\\\/Monaco7-rotated.jpg&quot;},{&quot;id&quot;:238608,&quot;url&quot;:&quot;https:\\\/\\\/www.mongrip.com\\\/wp-content\\\/uploads\\\/Monaco8-rotated.jpg&quot;}],&quot;background_slideshow_loop&quot;:&quot;yes&quot;,&quot;background_slideshow_slide_duration&quot;:5000,&quot;background_slideshow_slide_transition&quot;:&quot;fade&quot;,&quot;background_slideshow_transition_duration&quot;:500}\">\n\t\t\t<div class=\"elementor-widget-wrap elementor-element-populated\">\n\t\t\t\t\t\t<div class=\"elementor-element elementor-element-558c0cd sc_fly_static elementor-widget elementor-widget-spacer\" data-id=\"558c0cd\" data-element_type=\"widget\" data-widget_type=\"spacer.default\">\n\t\t\t\t<div class=\"elementor-widget-container\">\n\t\t\t\t\t\t\t<div class=\"elementor-spacer\">\n\t\t\t<div class=\"elementor-spacer-inner\"><\/div>\n\t\t<\/div>\n\t\t\t\t\t\t<\/div>\n\t\t\t\t<\/div>\n\t\t\t\t\t<\/div>\n\t\t<\/div>\n\t\t\t\t\t<\/div>\n\t\t<\/section>\n\t\t\t\t<\/div>\n\t\t","protected":false},"excerpt":{"rendered":"<p>X Monaco Grand Prix \u2013 Signature Limited Edition500 PIECES OF HISTORY Wear the legend of the Monaco Grand Prix. X Monaco Grand Prix \u2013 Signature Limited Edition \u00e8 la collezione esclusiva, in edizione limitata di 500 bracciali, realizzati con un autentico pneumatico usato in Formula 1\u2122, nata dalla collaborazione con l\u2019Automobile Club de Monaco. La&hellip;<\/p>\n","protected":false},"author":9328,"featured_media":0,"parent":0,"menu_order":0,"comment_status":"closed","ping_status":"closed","template":"","meta":{"iawp_total_views":7,"footnotes":""},"class_list":["post-238542","page","type-page","status-publish","hentry"],"_links":{"self":[{"href":"https:\/\/www.mongrip.com\/it\/wp-json\/wp\/v2\/pages\/238542","targetHints":{"allow":["GET"]}}],"collection":[{"href":"https:\/\/www.mongrip.com\/it\/wp-json\/wp\/v2\/pages"}],"about":[{"href":"https:\/\/www.mongrip.com\/it\/wp-json\/wp\/v2\/types\/page"}],"author":[{"embeddable":true,"href":"https:\/\/www.mongrip.com\/it\/wp-json\/wp\/v2\/users\/9328"}],"replies":[{"embeddable":true,"href":"https:\/\/www.mongrip.com\/it\/wp-json\/wp\/v2\/comments?post=238542"}],"version-history":[{"count":9,"href":"https:\/\/www.mongrip.com\/it\/wp-json\/wp\/v2\/pages\/238542\/revisions"}],"predecessor-version":[{"id":238948,"href":"https:\/\/www.mongrip.com\/it\/wp-json\/wp\/v2\/pages\/238542\/revisions\/238948"}],"wp:attachment":[{"href":"https:\/\/www.mongrip.com\/it\/wp-json\/wp\/v2\/media?parent=238542"}],"curies":[{"name":"wp","href":"https:\/\/api.w.org\/{rel}","templated":true}]}}