



{"id":109850,"date":"2024-09-09T17:42:58","date_gmt":"2024-09-09T15:42:58","guid":{"rendered":"https:\/\/staging.mongrip.com\/michael-shumacher-legend\/"},"modified":"2024-10-17T16:43:57","modified_gmt":"2024-10-17T14:43:57","slug":"michael-shumacher-legend","status":"publish","type":"page","link":"https:\/\/www.mongrip.com\/it\/michael-shumacher-legend\/","title":{"rendered":"Michael Shumacher Legend Edition"},"content":{"rendered":"\t\t<div data-elementor-type=\"wp-page\" data-elementor-id=\"109850\" class=\"elementor elementor-109850 elementor-107963\" data-elementor-post-type=\"page\">\n\t\t\t\t\t\t<section class=\"elementor-section elementor-top-section elementor-element elementor-element-706d27b4 elementor-section-full_width elementor-section-height-full elementor-section-height-default elementor-section-items-middle sc_fly_static\" data-id=\"706d27b4\" data-element_type=\"section\" data-settings=\"{&quot;background_background&quot;:&quot;classic&quot;}\">\n\t\t\t\t\t\t<div class=\"elementor-container elementor-column-gap-extended\">\n\t\t\t\t\t<div class=\"elementor-column elementor-col-100 elementor-top-column elementor-element elementor-element-814908a sc_content_align_inherit sc_layouts_column_icons_position_left sc_fly_static\" data-id=\"814908a\" data-element_type=\"column\">\n\t\t\t<div class=\"elementor-widget-wrap elementor-element-populated\">\n\t\t\t\t\t\t<div class=\"elementor-element elementor-element-7c06bb4 sc_fly_static elementor-widget elementor-widget-trx_widget_video\" data-id=\"7c06bb4\" data-element_type=\"widget\" data-widget_type=\"trx_widget_video.default\">\n\t\t\t\t<div class=\"elementor-widget-container\">\n\t\t\t\t\t<div class=\"widget_area sc_widget_video\"><aside class=\"widget widget_video\"><div id=\"sc_video_1525784419\" class=\"trx_addons_video_player without_cover with_video_autoplay\"><div class=\"video_embed video_frame\"><iframe allow=\"autoplay\" src=\"https:\/\/player.vimeo.com\/video\/943250160?autoplay=1&feature=oembed&wmode=transparent&origin=https%3A%2F%2Fwww.mongrip.com%2Fit%2F&widgetid=1&enablejsapi=1&disablekb=1&modestbranding=1&iv_load_policy=3&rel=0&showinfo=0&playsinline=1&muted=1&controls=0&background=1&autohide=1&loop=1\" width=\"1200\" height=\"675\"><\/iframe><\/div><\/div><\/aside><\/div>\t\t\t\t<\/div>\n\t\t\t\t<\/div>\n\t\t\t\t\t<\/div>\n\t\t<\/div>\n\t\t\t\t\t<\/div>\n\t\t<\/section>\n\t\t\t\t<section class=\"elementor-section elementor-top-section elementor-element elementor-element-68131aa5 elementor-section-full_width elementor-reverse-mobile elementor-section-height-default elementor-section-height-default sc_fly_static\" data-id=\"68131aa5\" data-element_type=\"section\" data-settings=\"{&quot;background_background&quot;:&quot;classic&quot;}\">\n\t\t\t\t\t\t<div class=\"elementor-container elementor-column-gap-default\">\n\t\t\t\t\t<div class=\"elementor-column elementor-col-25 elementor-top-column elementor-element elementor-element-3d8e55c3 sc_content_align_inherit sc_layouts_column_icons_position_left sc_fly_static\" data-id=\"3d8e55c3\" data-element_type=\"column\" data-settings=\"{&quot;background_background&quot;:&quot;classic&quot;}\">\n\t\t\t<div class=\"elementor-widget-wrap elementor-element-populated\">\n\t\t\t\t\t\t<div class=\"elementor-element elementor-element-74736b76 sc_fly_static elementor-widget elementor-widget-trx_sc_title\" data-id=\"74736b76\" data-element_type=\"widget\" data-widget_type=\"trx_sc_title.default\">\n\t\t\t\t<div class=\"elementor-widget-container\">\n\t\t\t\t\t<div\t\tclass=\"sc_title sc_title_default\"><span class=\"sc_item_subtitle sc_title_subtitle sc_item_subtitle_above sc_item_title_style_default\">LEGEND LIMITED EDITION<\/span><h1 class=\"sc_item_title sc_title_title sc_item_title_style_default sc_item_title_tag trx_addons_inline_162454878\"\n\t\t\t><span class=\"sc_item_title_text\">Michael Schumacher<\/span><span class=\"sc_item_title_text2\"> MZ96<\/span><\/h1><\/div>\t\t\t\t<\/div>\n\t\t\t\t<\/div>\n\t\t\t\t<div class=\"elementor-element elementor-element-371fa90e sc_fly_static elementor-widget elementor-widget-spacer\" data-id=\"371fa90e\" data-element_type=\"widget\" data-widget_type=\"spacer.default\">\n\t\t\t\t<div class=\"elementor-widget-container\">\n\t\t\t\t\t\t\t<div class=\"elementor-spacer\">\n\t\t\t<div class=\"elementor-spacer-inner\"><\/div>\n\t\t<\/div>\n\t\t\t\t\t\t<\/div>\n\t\t\t\t<\/div>\n\t\t\t\t<div class=\"elementor-element elementor-element-1e61c61a sc_fly_static elementor-widget elementor-widget-text-editor\" data-id=\"1e61c61a\" data-element_type=\"widget\" data-widget_type=\"text-editor.default\">\n\t\t\t\t<div class=\"elementor-widget-container\">\n\t\t\t\t\t\t\t\t\t<p>MZ96, la pi\u00f9 recente collezione LEGEND di bracciali in edizione limitata di MONGRIP\u2122\ufe0f, \u00e8 realizzata con lo pneumatico utilizzato da Michael Schumacher nel leggendario GP di Monza del 1996 e rende omaggio allo straordinario sette volte Campione del Mondo di Formula1\u2122\ufe0f.<\/p><p>Questa edizione limitata \u00e8 composta da 91 bracciali, celebrando le vittorie di Schumacher, mentre i 7 diamanti sulla fibbia in platino 950 rendono omaggio ai suoi 7 titoli mondiali.<\/p>\t\t\t\t\t\t\t\t<\/div>\n\t\t\t\t<\/div>\n\t\t\t\t<div class=\"elementor-element elementor-element-1d672763 sc_fly_static elementor-widget elementor-widget-spacer\" data-id=\"1d672763\" data-element_type=\"widget\" data-widget_type=\"spacer.default\">\n\t\t\t\t<div class=\"elementor-widget-container\">\n\t\t\t\t\t\t\t<div class=\"elementor-spacer\">\n\t\t\t<div class=\"elementor-spacer-inner\"><\/div>\n\t\t<\/div>\n\t\t\t\t\t\t<\/div>\n\t\t\t\t<\/div>\n\t\t\t\t<div class=\"elementor-element elementor-element-5c305671 sc_fly_static elementor-widget elementor-widget-trx_sc_button\" data-id=\"5c305671\" data-element_type=\"widget\" data-widget_type=\"trx_sc_button.default\">\n\t\t\t\t<div class=\"elementor-widget-container\">\n\t\t\t\t\t<div\tclass=\"sc_item_button sc_button_wrap\"><a href=\"\/it\/product\/michael-schumacher-legend-limited-edition-platinum-it\/\" class=\"sc_button sc_button_default sc_button_size_normal sc_button_icon_left color_style_link2\"><span class=\"sc_button_text\"><span class=\"sc_button_title\">ACQUISTA<\/span><\/span><\/a><\/div>\t\t\t\t<\/div>\n\t\t\t\t<\/div>\n\t\t\t\t\t<\/div>\n\t\t<\/div>\n\t\t\t\t<div class=\"elementor-column elementor-col-25 elementor-top-column elementor-element elementor-element-31369573 sc_content_align_inherit sc_layouts_column_icons_position_left sc_fly_static\" data-id=\"31369573\" data-element_type=\"column\" data-settings=\"{&quot;background_background&quot;:&quot;slideshow&quot;,&quot;background_slideshow_gallery&quot;:[{&quot;id&quot;:107979,&quot;url&quot;:&quot;https:\\\/\\\/www.mongrip.com\\\/wp-content\\\/uploads\\\/mz96-shumacher-mongrip-bracelet-gallery.webp&quot;},{&quot;id&quot;:107975,&quot;url&quot;:&quot;https:\\\/\\\/www.mongrip.com\\\/wp-content\\\/uploads\\\/mz96-shumacher-mongrip-bracelet-gallery-2.webp&quot;},{&quot;id&quot;:110414,&quot;url&quot;:&quot;https:\\\/\\\/www.mongrip.com\\\/wp-content\\\/uploads\\\/mz96-shumacher-mongrip-bracelet-gallery-3.webp&quot;},{&quot;id&quot;:110408,&quot;url&quot;:&quot;https:\\\/\\\/www.mongrip.com\\\/wp-content\\\/uploads\\\/mz96-shumacher-mongrip-bracelet-gallery-5.webp&quot;},{&quot;id&quot;:110411,&quot;url&quot;:&quot;https:\\\/\\\/www.mongrip.com\\\/wp-content\\\/uploads\\\/mz96-shumacher-mongrip-bracelet-gallery-4.webp&quot;}],&quot;background_slideshow_loop&quot;:&quot;yes&quot;,&quot;background_slideshow_slide_duration&quot;:5000,&quot;background_slideshow_slide_transition&quot;:&quot;fade&quot;,&quot;background_slideshow_transition_duration&quot;:500}\">\n\t\t\t<div class=\"elementor-widget-wrap elementor-element-populated\">\n\t\t\t\t\t\t<div class=\"elementor-element elementor-element-74125d1 sc_fly_static elementor-widget elementor-widget-spacer\" data-id=\"74125d1\" data-element_type=\"widget\" data-widget_type=\"spacer.default\">\n\t\t\t\t<div class=\"elementor-widget-container\">\n\t\t\t\t\t\t\t<div class=\"elementor-spacer\">\n\t\t\t<div class=\"elementor-spacer-inner\"><\/div>\n\t\t<\/div>\n\t\t\t\t\t\t<\/div>\n\t\t\t\t<\/div>\n\t\t\t\t\t<\/div>\n\t\t<\/div>\n\t\t\t\t<div class=\"sc_parallax sc_parallax_blocks elementor-column elementor-col-50 elementor-top-column elementor-element elementor-element-1456ef9a sc_layouts_hide_on_tablet sc_layouts_hide_on_mobile sc_content_align_inherit sc_layouts_column_icons_position_left sc_fly_static\" data-parallax-blocks=\"[{&quot;image&quot;:{&quot;url&quot;:&quot;https:\\\/\\\/www.mongrip.com\\\/wp-content\\\/uploads\\\/shumacher-homepage-img-mongrip-copia.webp&quot;,&quot;id&quot;:107918,&quot;size&quot;:&quot;&quot;,&quot;alt&quot;:&quot;&quot;,&quot;source&quot;:&quot;library&quot;},&quot;speed&quot;:{&quot;unit&quot;:&quot;px&quot;,&quot;size&quot;:60,&quot;sizes&quot;:[]},&quot;_id&quot;:&quot;9a815d0&quot;,&quot;type&quot;:&quot;none&quot;,&quot;mouse_handler&quot;:&quot;row&quot;,&quot;animation_prop&quot;:&quot;background&quot;,&quot;bg_size&quot;:&quot;cover&quot;,&quot;left&quot;:{&quot;unit&quot;:&quot;px&quot;,&quot;size&quot;:0,&quot;sizes&quot;:[]},&quot;top&quot;:{&quot;unit&quot;:&quot;px&quot;,&quot;size&quot;:0,&quot;sizes&quot;:[]},&quot;z_index&quot;:{&quot;unit&quot;:&quot;px&quot;,&quot;size&quot;:&quot;&quot;,&quot;sizes&quot;:[]},&quot;class&quot;:&quot;&quot;,&quot;motion_dir&quot;:&quot;round&quot;,&quot;motion_time&quot;:{&quot;unit&quot;:&quot;px&quot;,&quot;size&quot;:5,&quot;sizes&quot;:[]},&quot;mouse_tilt_amount&quot;:{&quot;unit&quot;:&quot;px&quot;,&quot;size&quot;:70,&quot;sizes&quot;:[]}}]\" data-id=\"1456ef9a\" data-element_type=\"column\" data-settings=\"{&quot;background_background&quot;:&quot;classic&quot;}\">\n\t\t\t<div class=\"elementor-widget-wrap\">\n\t\t\t\t\t\t\t<\/div>\n\t\t<\/div>\n\t\t\t\t\t<\/div>\n\t\t<\/section>\n\t\t\t\t<section class=\"elementor-section elementor-top-section elementor-element elementor-element-c5127c4 elementor-section-full_width elementor-section-height-default elementor-section-height-default sc_fly_static\" data-id=\"c5127c4\" data-element_type=\"section\" data-settings=\"{&quot;background_background&quot;:&quot;classic&quot;}\">\n\t\t\t\t\t\t<div class=\"elementor-container elementor-column-gap-default\">\n\t\t\t\t\t<div class=\"elementor-column elementor-col-50 elementor-top-column elementor-element elementor-element-4cbb1fd sc_layouts_hide_on_tablet sc_layouts_hide_on_mobile sc_content_align_center sc_layouts_column_align_center sc_layouts_column sc_layouts_column_icons_position_left sc_fly_static\" data-id=\"4cbb1fd\" data-element_type=\"column\" data-settings=\"{&quot;background_background&quot;:&quot;classic&quot;}\">\n\t\t\t<div class=\"elementor-widget-wrap elementor-element-populated\">\n\t\t\t\t\t\t<div class=\"elementor-element elementor-element-051b60a sc_fly_static elementor-widget elementor-widget-image\" data-id=\"051b60a\" data-element_type=\"widget\" data-widget_type=\"image.default\">\n\t\t\t\t<div class=\"elementor-widget-container\">\n\t\t\t\t\t\t\t\t\t\t\t\t\t\t\t<img decoding=\"async\" width=\"134\" height=\"294\" src=\"https:\/\/www.mongrip.com\/wp-content\/uploads\/kff-foundation.webp\" class=\"attachment-large size-large wp-image-121761\" alt=\"\" \/>\t\t\t\t\t\t\t\t\t\t\t\t\t\t\t<\/div>\n\t\t\t\t<\/div>\n\t\t\t\t\t<\/div>\n\t\t<\/div>\n\t\t\t\t<div class=\"elementor-column elementor-col-25 elementor-top-column elementor-element elementor-element-8a63dfc sc_content_align_inherit sc_layouts_column_icons_position_left sc_fly_static\" data-id=\"8a63dfc\" data-element_type=\"column\" data-settings=\"{&quot;background_background&quot;:&quot;slideshow&quot;,&quot;background_slideshow_gallery&quot;:[{&quot;id&quot;:110855,&quot;url&quot;:&quot;https:\\\/\\\/www.mongrip.com\\\/wp-content\\\/uploads\\\/mongrip-sabine.jpeg&quot;}],&quot;background_slideshow_slide_duration&quot;:2500,&quot;background_slideshow_loop&quot;:&quot;yes&quot;,&quot;background_slideshow_slide_transition&quot;:&quot;fade&quot;,&quot;background_slideshow_transition_duration&quot;:500}\">\n\t\t\t<div class=\"elementor-widget-wrap elementor-element-populated\">\n\t\t\t\t\t\t<div class=\"elementor-element elementor-element-75324e8 sc_fly_static elementor-widget elementor-widget-spacer\" data-id=\"75324e8\" data-element_type=\"widget\" data-widget_type=\"spacer.default\">\n\t\t\t\t<div class=\"elementor-widget-container\">\n\t\t\t\t\t\t\t<div class=\"elementor-spacer\">\n\t\t\t<div class=\"elementor-spacer-inner\"><\/div>\n\t\t<\/div>\n\t\t\t\t\t\t<\/div>\n\t\t\t\t<\/div>\n\t\t\t\t\t<\/div>\n\t\t<\/div>\n\t\t\t\t<div class=\"elementor-column elementor-col-25 elementor-top-column elementor-element elementor-element-7584ca1 sc_content_align_inherit sc_layouts_column_icons_position_left sc_fly_static\" data-id=\"7584ca1\" data-element_type=\"column\" data-settings=\"{&quot;background_background&quot;:&quot;classic&quot;}\">\n\t\t\t<div class=\"elementor-widget-wrap elementor-element-populated\">\n\t\t\t\t\t\t<div class=\"elementor-element elementor-element-c8028cf sc_fly_static elementor-widget elementor-widget-trx_sc_title\" data-id=\"c8028cf\" data-element_type=\"widget\" data-widget_type=\"trx_sc_title.default\">\n\t\t\t\t<div class=\"elementor-widget-container\">\n\t\t\t\t\t<div\t\tclass=\"sc_title sc_title_default\"><h1 class=\"sc_item_title sc_title_title sc_item_title_style_default sc_item_title_tag trx_addons_inline_74952540\"\n\t\t\t><span class=\"sc_item_title_text\">Sabine Kehm<\/span><\/h1><\/div>\t\t\t\t<\/div>\n\t\t\t\t<\/div>\n\t\t\t\t<div class=\"elementor-element elementor-element-8aa3c46 sc_fly_static elementor-widget elementor-widget-spacer\" data-id=\"8aa3c46\" data-element_type=\"widget\" data-widget_type=\"spacer.default\">\n\t\t\t\t<div class=\"elementor-widget-container\">\n\t\t\t\t\t\t\t<div class=\"elementor-spacer\">\n\t\t\t<div class=\"elementor-spacer-inner\"><\/div>\n\t\t<\/div>\n\t\t\t\t\t\t<\/div>\n\t\t\t\t<\/div>\n\t\t\t\t<div class=\"elementor-element elementor-element-1ca754b sc_fly_static elementor-widget elementor-widget-text-editor\" data-id=\"1ca754b\" data-element_type=\"widget\" data-widget_type=\"text-editor.default\">\n\t\t\t\t<div class=\"elementor-widget-container\">\n\t\t\t\t\t\t\t\t\t<p class=\"p1\">\u201cNon riesco a immaginare nulla di pi\u00f9 incredibile che indossare al mio polso un autentico pezzo di storia delle corse, \u00e8 il massimo appagamento per ogni appassionato di motorsport. Per la KEEP FIGHTING FOUNDATION, che mira a continuare l&#8217;opera di beneficenza di Michael, la collaborazione con MONGRIP\u2122 \u00e8 sia un onore che un piacere perch\u00e9 condividiamo chiaramente la stessa passione. Il nome di Michael \u00e8 sinonimo di qualit\u00e0 ed eccellenza e niente di meno \u00e8 dimostrato con questa edizione limitata. Con un gioiello cos\u00ec speciale, la sua eredit\u00e0 \u00e8 proposta in grande stile\u201d.<\/p><p>\u00a0<\/p><p class=\"p1\">Sabine Kehm, manager di Michael Schumacher, ha dichiarato a nome della KEEP FIGHTING FOUNDATION<\/p>\t\t\t\t\t\t\t\t<\/div>\n\t\t\t\t<\/div>\n\t\t\t\t<div class=\"elementor-element elementor-element-45d4a5a sc_fly_static elementor-widget elementor-widget-spacer\" data-id=\"45d4a5a\" data-element_type=\"widget\" data-widget_type=\"spacer.default\">\n\t\t\t\t<div class=\"elementor-widget-container\">\n\t\t\t\t\t\t\t<div class=\"elementor-spacer\">\n\t\t\t<div class=\"elementor-spacer-inner\"><\/div>\n\t\t<\/div>\n\t\t\t\t\t\t<\/div>\n\t\t\t\t<\/div>\n\t\t\t\t\t<\/div>\n\t\t<\/div>\n\t\t\t\t\t<\/div>\n\t\t<\/section>\n\t\t\t\t<\/div>\n\t\t","protected":false},"excerpt":{"rendered":"<p>LEGEND LIMITED EDITION Michael Schumacher MZ96 MZ96, la pi\u00f9 recente collezione LEGEND di bracciali in edizione limitata di MONGRIP\u2122\ufe0f, \u00e8 realizzata con lo pneumatico utilizzato da Michael Schumacher nel leggendario GP di Monza del 1996 e rende omaggio allo straordinario sette volte Campione del Mondo di Formula1\u2122\ufe0f. Questa edizione limitata \u00e8 composta da 91 bracciali,&hellip;<\/p>\n","protected":false},"author":9328,"featured_media":0,"parent":0,"menu_order":0,"comment_status":"closed","ping_status":"closed","template":"","meta":{"iawp_total_views":1253,"footnotes":""},"class_list":["post-109850","page","type-page","status-publish","hentry"],"_links":{"self":[{"href":"https:\/\/www.mongrip.com\/it\/wp-json\/wp\/v2\/pages\/109850","targetHints":{"allow":["GET"]}}],"collection":[{"href":"https:\/\/www.mongrip.com\/it\/wp-json\/wp\/v2\/pages"}],"about":[{"href":"https:\/\/www.mongrip.com\/it\/wp-json\/wp\/v2\/types\/page"}],"author":[{"embeddable":true,"href":"https:\/\/www.mongrip.com\/it\/wp-json\/wp\/v2\/users\/9328"}],"replies":[{"embeddable":true,"href":"https:\/\/www.mongrip.com\/it\/wp-json\/wp\/v2\/comments?post=109850"}],"version-history":[{"count":0,"href":"https:\/\/www.mongrip.com\/it\/wp-json\/wp\/v2\/pages\/109850\/revisions"}],"wp:attachment":[{"href":"https:\/\/www.mongrip.com\/it\/wp-json\/wp\/v2\/media?parent=109850"}],"curies":[{"name":"wp","href":"https:\/\/api.w.org\/{rel}","templated":true}]}}