



{"id":78745,"date":"2024-01-25T15:30:20","date_gmt":"2024-01-25T14:30:20","guid":{"rendered":"https:\/\/www.mongrip.com\/prodotto\/gt-race-tabac-silver-925-1000\/"},"modified":"2026-04-02T22:38:12","modified_gmt":"2026-04-02T20:38:12","slug":"gt-race-tabac-silver-925-1000","status":"publish","type":"product","link":"https:\/\/www.mongrip.com\/fr\/produit\/gt-race-tabac-silver-925-1000\/","title":{"rendered":"GT Race TABAC &#8211;  Silver 925\/1000"},"content":{"rendered":"<div class=\"zn_text_box eluid8eaeeb3c zn_text_box-light element-scheme--light\">\n<div class=\"datagrid\">\n\n<div class=\"wpdt-c row wpDataTableContainerSimpleTable wpDataTables wpDataTablesWrapper\n\"\n    >\n        <table id=\"wpdtSimpleTable-13\"\n           style=\"border-collapse:collapse;\n                   border-spacing:0px;\"\n           class=\"wpdtSimpleTable wpDataTable\"\n           data-column=\"2\"\n           data-rows=\"13\"\n           data-wpID=\"13\"\n           data-responsive=\"0\"\n           data-has-header=\"0\">\n\n                    <tbody>        <tr class=\"wpdt-cell-row  remove-borders \" >\n                                <td class=\"wpdt-cell wpdt-bc-F8F7F6 wpdt-tc-949494 remove-borders \"\n                                            data-cell-id=\"A1\"\n                    data-col-index=\"0\"\n                    data-row-index=\"0\"\n                    style=\" width:46.023688663283%;                    padding:10px;\n                    \"\n                    >\n                                        CODE MODEL:                    <\/td>\n                                                <td class=\"wpdt-cell wpdt-tc-949494 wpdt-bc-F8F7F6 remove-borders \"\n                                            data-cell-id=\"B1\"\n                    data-col-index=\"1\"\n                    data-row-index=\"0\"\n                    style=\" width:53.976311336717%;                    padding:10px;\n                    \"\n                    >\n                                        GTRTV                    <\/td>\n                                        <\/tr>\n                            <tr class=\"wpdt-cell-row  remove-borders \" >\n                                <td class=\"wpdt-cell wpdt-bc-EBEBEB wpdt-tc-949494 remove-borders \"\n                                            data-cell-id=\"A2\"\n                    data-col-index=\"0\"\n                    data-row-index=\"1\"\n                    style=\"                    padding:10px;\n                    \"\n                    >\n                                        COLLECTIONS:                    <\/td>\n                                                <td class=\"wpdt-cell wpdt-tc-949494 wpdt-bc-EBEBEB remove-borders \"\n                                            data-cell-id=\"B2\"\n                    data-col-index=\"1\"\n                    data-row-index=\"1\"\n                    style=\"                    padding:10px;\n                    \"\n                    >\n                                        Race                    <\/td>\n                                        <\/tr>\n                            <tr class=\"wpdt-cell-row  remove-borders \" >\n                                <td class=\"wpdt-cell wpdt-bc-F8F7F6 wpdt-tc-949494 remove-borders \"\n                                            data-cell-id=\"A3\"\n                    data-col-index=\"0\"\n                    data-row-index=\"2\"\n                    style=\"                    padding:10px;\n                    \"\n                    >\n                                        BRACELET SERIAL NUMBER:                    <\/td>\n                                                <td class=\"wpdt-cell wpdt-tc-949494 wpdt-bc-F8F7F6 remove-borders \"\n                                            data-cell-id=\"B3\"\n                    data-col-index=\"1\"\n                    data-row-index=\"2\"\n                    style=\"                    padding:10px;\n                    \"\n                    >\n                                        Yes                    <\/td>\n                                        <\/tr>\n                            <tr class=\"wpdt-cell-row  remove-borders \" >\n                                <td class=\"wpdt-cell wpdt-bc-EBEBEB wpdt-tc-949494 remove-borders \"\n                                            data-cell-id=\"A4\"\n                    data-col-index=\"0\"\n                    data-row-index=\"3\"\n                    style=\"                    padding:10px;\n                    \"\n                    >\n                                        METAL:                    <\/td>\n                                                <td class=\"wpdt-cell wpdt-tc-949494 wpdt-bc-EBEBEB remove-borders \"\n                                            data-cell-id=\"B4\"\n                    data-col-index=\"1\"\n                    data-row-index=\"3\"\n                    style=\"                    padding:10px;\n                    \"\n                    >\n                                        Silver 925\/1000                    <\/td>\n                                        <\/tr>\n                            <tr class=\"wpdt-cell-row  remove-borders \" >\n                                <td class=\"wpdt-cell wpdt-bc-F8F7F6 wpdt-tc-949494 remove-borders \"\n                                            data-cell-id=\"A5\"\n                    data-col-index=\"0\"\n                    data-row-index=\"4\"\n                    style=\"                    padding:10px;\n                    \"\n                    >\n                                        METAL FINISHING:                    <\/td>\n                                                <td class=\"wpdt-cell wpdt-tc-949494 wpdt-bc-F8F7F6 remove-borders \"\n                                            data-cell-id=\"B5\"\n                    data-col-index=\"1\"\n                    data-row-index=\"4\"\n                    style=\"                    padding:10px;\n                    \"\n                    >\n                                        Polished, Vintage-Modern Design                    <\/td>\n                                        <\/tr>\n                            <tr class=\"wpdt-cell-row  remove-borders \" >\n                                <td class=\"wpdt-cell wpdt-bc-EBEBEB wpdt-tc-949494 remove-borders \"\n                                            data-cell-id=\"A6\"\n                    data-col-index=\"0\"\n                    data-row-index=\"5\"\n                    style=\"                    padding:10px;\n                    \"\n                    >\n                                        MAX HEIGHT:                    <\/td>\n                                                <td class=\"wpdt-cell wpdt-tc-949494 wpdt-bc-EBEBEB remove-borders \"\n                                            data-cell-id=\"B6\"\n                    data-col-index=\"1\"\n                    data-row-index=\"5\"\n                    style=\"                    padding:10px;\n                    \"\n                    >\n                                        4,5 mm \u2013 0,17 In                    <\/td>\n                                        <\/tr>\n                            <tr class=\"wpdt-cell-row  remove-borders \" >\n                                <td class=\"wpdt-cell wpdt-bc-F8F7F6 wpdt-tc-949494 remove-borders \"\n                                            data-cell-id=\"A7\"\n                    data-col-index=\"0\"\n                    data-row-index=\"6\"\n                    style=\"                    padding:10px;\n                    \"\n                    >\n                                        MAX WIDTH:                    <\/td>\n                                                <td class=\"wpdt-cell wpdt-tc-949494 wpdt-bc-F8F7F6 remove-borders \"\n                                            data-cell-id=\"B7\"\n                    data-col-index=\"1\"\n                    data-row-index=\"6\"\n                    style=\"                    padding:10px;\n                    \"\n                    >\n                                        11,5 mm \u2013 0,45 In                    <\/td>\n                                        <\/tr>\n                            <tr class=\"wpdt-cell-row  remove-borders \" >\n                                <td class=\"wpdt-cell wpdt-bc-EBEBEB wpdt-tc-949494 remove-borders \"\n                                            data-cell-id=\"A8\"\n                    data-col-index=\"0\"\n                    data-row-index=\"7\"\n                    style=\"                    padding:10px;\n                    \"\n                    >\n                                        CLASP:                    <\/td>\n                                                <td class=\"wpdt-cell wpdt-tc-949494 wpdt-bc-EBEBEB remove-borders \"\n                                            data-cell-id=\"B8\"\n                    data-col-index=\"1\"\n                    data-row-index=\"7\"\n                    style=\"                    padding:10px;\n                    \"\n                    >\n                                        Hidden                    <\/td>\n                                        <\/tr>\n                            <tr class=\"wpdt-cell-row  remove-borders \" >\n                                <td class=\"wpdt-cell wpdt-bc-F8F7F6 wpdt-tc-949494 remove-borders \"\n                                            data-cell-id=\"A9\"\n                    data-col-index=\"0\"\n                    data-row-index=\"8\"\n                    style=\"                    padding:10px;\n                    \"\n                    >\n                                        CLASP LENGTH:                    <\/td>\n                                                <td class=\"wpdt-cell wpdt-tc-949494 wpdt-bc-F8F7F6 remove-borders \"\n                                            data-cell-id=\"B9\"\n                    data-col-index=\"1\"\n                    data-row-index=\"8\"\n                    style=\"                    padding:10px;\n                    \"\n                    >\n                                        23 mm \u2013 0,90 In                    <\/td>\n                                        <\/tr>\n                            <tr class=\"wpdt-cell-row  remove-borders \" >\n                                <td class=\"wpdt-cell wpdt-bc-EBEBEB wpdt-tc-949494 remove-borders \"\n                                            data-cell-id=\"A10\"\n                    data-col-index=\"0\"\n                    data-row-index=\"9\"\n                    style=\"                    padding:10px;\n                    \"\n                    >\n                                        CLASP WEIGHT                    <\/td>\n                                                <td class=\"wpdt-cell wpdt-tc-949494 wpdt-bc-EBEBEB remove-borders \"\n                                            data-cell-id=\"B10\"\n                    data-col-index=\"1\"\n                    data-row-index=\"9\"\n                    style=\"                    padding:10px;\n                    \"\n                    >\n                                        6 g Silver 925\/1000                    <\/td>\n                                        <\/tr>\n                            <tr class=\"wpdt-cell-row  remove-borders \" >\n                                <td class=\"wpdt-cell wpdt-bc-F8F7F6 wpdt-tc-949494 remove-borders \"\n                                            data-cell-id=\"A11\"\n                    data-col-index=\"0\"\n                    data-row-index=\"10\"\n                    style=\"                    padding:10px;\n                    \"\n                    >\n                                        NUMBER METAL DETAILS:                    <\/td>\n                                                <td class=\"wpdt-cell wpdt-tc-949494 wpdt-bc-F8F7F6 remove-borders \"\n                                            data-cell-id=\"B11\"\n                    data-col-index=\"1\"\n                    data-row-index=\"10\"\n                    style=\"                    padding:10px;\n                    \"\n                    >\n                                        \u2013                    <\/td>\n                                        <\/tr>\n                            <tr class=\"wpdt-cell-row  remove-borders \" >\n                                <td class=\"wpdt-cell wpdt-bc-EBEBEB wpdt-tc-949494 remove-borders \"\n                                            data-cell-id=\"A12\"\n                    data-col-index=\"0\"\n                    data-row-index=\"11\"\n                    style=\"                    padding:10px;\n                    \"\n                    >\n                                        WEIGHT METAL DETAILS (PCS):                    <\/td>\n                                                <td class=\"wpdt-cell wpdt-tc-949494 wpdt-bc-EBEBEB remove-borders \"\n                                            data-cell-id=\"B12\"\n                    data-col-index=\"1\"\n                    data-row-index=\"11\"\n                    style=\"                    padding:10px;\n                    \"\n                    >\n                                        \u2013                    <\/td>\n                                        <\/tr>\n                            <tr class=\"wpdt-cell-row  remove-borders \" >\n                                <td class=\"wpdt-cell wpdt-bc-F8F7F6 wpdt-tc-949494 remove-borders \"\n                                            data-cell-id=\"A13\"\n                    data-col-index=\"0\"\n                    data-row-index=\"12\"\n                    style=\"                    padding:10px;\n                    \"\n                    >\n                                        WEIGHT COMPLETE BRACELET:                    <\/td>\n                                                <td class=\"wpdt-cell wpdt-tc-949494 wpdt-bc-F8F7F6 remove-borders \"\n                                            data-cell-id=\"B13\"\n                    data-col-index=\"1\"\n                    data-row-index=\"12\"\n                    style=\"                    padding:10px;\n                    \"\n                    >\n                                        10 g Silver 925\/1000                    <\/td>\n                                        <\/tr>\n                    <\/table>\n<\/div><style id='wpdt-custom-style-13'>\n.wpdt-bc-F8F7F6 { background-color: #F8F7F6 !important;}\n.wpdt-tc-949494 { color: #949494 !important;}\n.wpdt-bc-EBEBEB { background-color: #EBEBEB !important;}\n<\/style>\n\n<p>&nbsp;<\/p>\n<p>&nbsp;<\/p>\n<\/div>\n<\/div>\n<p><span style=\"font-size: 12px;\">WARRANTY AND PACKAGING: THE MONGRIP\u2122 JEWELRY COMES WITH A GUARANTEE CERTIFICATE ATTESTING TO THE TYPE OF METAL (GOLD 18 KT OR SILVER 925) AND TYRE PORTION USED.<br \/>\nTHE WEIGHTS AND MEASURES OF THE COMPLETE BRACELET ARE APPROXIMATE AND VARY DEPENDING ON THE CHARACTERISTICS OF THE TIRE PORTION USED (TOLERANCE +\/- 5%).<\/span><\/p>\n","protected":false},"excerpt":{"rendered":"<p><span style=\"color: red; font-family: 'Effra', Arial, sans-serif; font-size: 12pt;\"><br \/>\nLe seul bracelet au monde cr\u00e9\u00e9 avec une portion authentique de pneu de course utilis\u00e9 en comp\u00e9tition GT.<br \/>\n<\/span><br \/>\n<span style=\"font-size: 14pt;\">Le must du style \u00ab\u00a0on the road\u00a0\u00bb: l\u2019essence de l\u2019accessoire MONGRIP\u2122 pour ceux qui aiment se distinguer par leur unicit\u00e9, exclusivit\u00e9 et charme myst\u00e9rieux, capable de s\u2019adapter \u00e0 tous les look.<\/span><\/p>\n","protected":false},"featured_media":107766,"template":"","meta":{"iawp_total_views":196},"product_brand":[],"product_type":[5],"product_cat":[158,184,57],"product_tag":[],"class_list":{"0":"post-78745","1":"product","2":"type-product","3":"status-publish","4":"has-post-thumbnail","6":"product_cat-gt-fr","7":"product_cat-argent-925-1000","8":"product_cat-tabac-fr","10":"first","11":"instock","12":"sale","13":"taxable","14":"shipping-taxable","15":"purchasable","16":"product-type-variable"},"_links":{"self":[{"href":"https:\/\/www.mongrip.com\/fr\/wp-json\/wp\/v2\/product\/78745","targetHints":{"allow":["GET"]}}],"collection":[{"href":"https:\/\/www.mongrip.com\/fr\/wp-json\/wp\/v2\/product"}],"about":[{"href":"https:\/\/www.mongrip.com\/fr\/wp-json\/wp\/v2\/types\/product"}],"wp:featuredmedia":[{"embeddable":true,"href":"https:\/\/www.mongrip.com\/fr\/wp-json\/wp\/v2\/media\/107766"}],"wp:attachment":[{"href":"https:\/\/www.mongrip.com\/fr\/wp-json\/wp\/v2\/media?parent=78745"}],"wp:term":[{"taxonomy":"product_brand","embeddable":true,"href":"https:\/\/www.mongrip.com\/fr\/wp-json\/wp\/v2\/product_brand?post=78745"},{"taxonomy":"product_type","embeddable":true,"href":"https:\/\/www.mongrip.com\/fr\/wp-json\/wp\/v2\/product_type?post=78745"},{"taxonomy":"product_cat","embeddable":true,"href":"https:\/\/www.mongrip.com\/fr\/wp-json\/wp\/v2\/product_cat?post=78745"},{"taxonomy":"product_tag","embeddable":true,"href":"https:\/\/www.mongrip.com\/fr\/wp-json\/wp\/v2\/product_tag?post=78745"}],"curies":[{"name":"wp","href":"https:\/\/api.w.org\/{rel}","templated":true}]}}