



{"id":24193,"date":"2021-10-04T11:57:48","date_gmt":"2021-10-04T08:57:57","guid":{"rendered":"https:\/\/www.mongrip.com\/?post_type=product&#038;p=24193"},"modified":"2026-03-16T11:51:03","modified_gmt":"2026-03-16T10:51:03","slug":"gp-race-rascasse-silver-925-1000","status":"publish","type":"product","link":"https:\/\/www.mongrip.com\/fr\/produit\/gp-race-rascasse-silver-925-1000\/","title":{"rendered":"GP Race RASCASSE &#8211; Silver 925\/1000"},"content":{"rendered":"<div class=\"kl-title-block clearfix tbk--text- tbk--left text-left tbk-symbol--border tbk--colored tbk-icon-pos--after-title eluid1b4a7a19 \">\n<div class=\"wpdt-c row wpDataTableContainerSimpleTable wpDataTables wpDataTablesWrapper\n\"\n    >\n        <table id=\"wpdtSimpleTable-1\"\n           style=\"border-collapse:collapse;\n                   border-spacing:0px;\"\n           class=\"wpdtSimpleTable wpDataTable\"\n           data-column=\"2\"\n           data-rows=\"13\"\n           data-wpID=\"1\"\n           data-responsive=\"0\"\n           data-has-header=\"0\">\n\n                    <tbody>        <tr class=\"wpdt-cell-row  remove-borders \" >\n                                <td class=\"wpdt-cell wpdt-bc-F8F7F6 wpdt-tc-949494 remove-borders \"\n                                            data-cell-id=\"A1\"\n                    data-col-index=\"0\"\n                    data-row-index=\"0\"\n                    style=\" width:45.546218487395%;                    padding:10px;\n                    \"\n                    >\n                                        CODE\n  MODEL:                    <\/td>\n                                                <td class=\"wpdt-cell wpdt-tc-949494 wpdt-bc-F8F7F6 remove-borders \"\n                                            data-cell-id=\"B1\"\n                    data-col-index=\"1\"\n                    data-row-index=\"0\"\n                    style=\" width:54.453781512605%;                    padding:10px;\n                    \"\n                    >\n                                        F1RRV                    <\/td>\n                                        <\/tr>\n                            <tr class=\"wpdt-cell-row  remove-borders \" >\n                                <td class=\"wpdt-cell wpdt-bc-EBEBEB wpdt-tc-949494 remove-borders \"\n                                            data-cell-id=\"A2\"\n                    data-col-index=\"0\"\n                    data-row-index=\"1\"\n                    style=\"                    padding:10px;\n                    \"\n                    >\n                                        COLLECTIONS:                    <\/td>\n                                                <td class=\"wpdt-cell wpdt-tc-949494 wpdt-bc-EBEBEB remove-borders \"\n                                            data-cell-id=\"B2\"\n                    data-col-index=\"1\"\n                    data-row-index=\"1\"\n                    style=\"                    padding:10px;\n                    \"\n                    >\n                                        Race                    <\/td>\n                                        <\/tr>\n                            <tr class=\"wpdt-cell-row  remove-borders \" >\n                                <td class=\"wpdt-cell wpdt-bc-F8F7F6 wpdt-tc-949494 remove-borders \"\n                                            data-cell-id=\"A3\"\n                    data-col-index=\"0\"\n                    data-row-index=\"2\"\n                    style=\"                    padding:10px;\n                    \"\n                    >\n                                        BRACELET\n  SERIAL NUMBER:                    <\/td>\n                                                <td class=\"wpdt-cell wpdt-tc-949494 wpdt-bc-F8F7F6 remove-borders \"\n                                            data-cell-id=\"B3\"\n                    data-col-index=\"1\"\n                    data-row-index=\"2\"\n                    style=\"                    padding:10px;\n                    \"\n                    >\n                                        Yes                    <\/td>\n                                        <\/tr>\n                            <tr class=\"wpdt-cell-row  remove-borders \" >\n                                <td class=\"wpdt-cell wpdt-bc-EBEBEB wpdt-tc-949494 remove-borders \"\n                                            data-cell-id=\"A4\"\n                    data-col-index=\"0\"\n                    data-row-index=\"3\"\n                    style=\"                    padding:10px;\n                    \"\n                    >\n                                        METAL:                    <\/td>\n                                                <td class=\"wpdt-cell wpdt-tc-949494 wpdt-bc-EBEBEB remove-borders \"\n                                            data-cell-id=\"B4\"\n                    data-col-index=\"1\"\n                    data-row-index=\"3\"\n                    style=\"                    padding:10px;\n                    \"\n                    >\n                                        Silver 925\/1000                    <\/td>\n                                        <\/tr>\n                            <tr class=\"wpdt-cell-row  remove-borders \" >\n                                <td class=\"wpdt-cell wpdt-bc-F8F7F6 wpdt-tc-949494 remove-borders \"\n                                            data-cell-id=\"A5\"\n                    data-col-index=\"0\"\n                    data-row-index=\"4\"\n                    style=\"                    padding:10px;\n                    \"\n                    >\n                                        METAL\n  FINISHING:                    <\/td>\n                                                <td class=\"wpdt-cell wpdt-tc-949494 wpdt-bc-F8F7F6 remove-borders \"\n                                            data-cell-id=\"B5\"\n                    data-col-index=\"1\"\n                    data-row-index=\"4\"\n                    style=\"                    padding:10px;\n                    \"\n                    >\n                                        Polished, Vintage-Modern Design                    <\/td>\n                                        <\/tr>\n                            <tr class=\"wpdt-cell-row  remove-borders \" >\n                                <td class=\"wpdt-cell wpdt-bc-EBEBEB wpdt-tc-949494 remove-borders \"\n                                            data-cell-id=\"A6\"\n                    data-col-index=\"0\"\n                    data-row-index=\"5\"\n                    style=\"                    padding:10px;\n                    \"\n                    >\n                                        MAX\n  HEIGHT:                    <\/td>\n                                                <td class=\"wpdt-cell wpdt-tc-949494 wpdt-bc-EBEBEB remove-borders \"\n                                            data-cell-id=\"B6\"\n                    data-col-index=\"1\"\n                    data-row-index=\"5\"\n                    style=\"                    padding:10px;\n                    \"\n                    >\n                                        4,5 mm \u2013 0,18 In                    <\/td>\n                                        <\/tr>\n                            <tr class=\"wpdt-cell-row  remove-borders \" >\n                                <td class=\"wpdt-cell wpdt-bc-F8F7F6 wpdt-tc-949494 remove-borders \"\n                                            data-cell-id=\"A7\"\n                    data-col-index=\"0\"\n                    data-row-index=\"6\"\n                    style=\"                    padding:10px;\n                    \"\n                    >\n                                        MAX\n  WIDTH:                    <\/td>\n                                                <td class=\"wpdt-cell wpdt-tc-949494 wpdt-bc-F8F7F6 remove-borders \"\n                                            data-cell-id=\"B7\"\n                    data-col-index=\"1\"\n                    data-row-index=\"6\"\n                    style=\"                    padding:10px;\n                    \"\n                    >\n                                        6,5 mm \u2013 0,26 In                    <\/td>\n                                        <\/tr>\n                            <tr class=\"wpdt-cell-row  remove-borders \" >\n                                <td class=\"wpdt-cell wpdt-bc-EBEBEB wpdt-tc-949494 remove-borders \"\n                                            data-cell-id=\"A8\"\n                    data-col-index=\"0\"\n                    data-row-index=\"7\"\n                    style=\"                    padding:10px;\n                    \"\n                    >\n                                        CLASP:                    <\/td>\n                                                <td class=\"wpdt-cell wpdt-tc-949494 wpdt-bc-EBEBEB remove-borders \"\n                                            data-cell-id=\"B8\"\n                    data-col-index=\"1\"\n                    data-row-index=\"7\"\n                    style=\"                    padding:10px;\n                    \"\n                    >\n                                        Hidden                    <\/td>\n                                        <\/tr>\n                            <tr class=\"wpdt-cell-row  remove-borders \" >\n                                <td class=\"wpdt-cell wpdt-bc-F8F7F6 wpdt-tc-949494 remove-borders \"\n                                            data-cell-id=\"A9\"\n                    data-col-index=\"0\"\n                    data-row-index=\"8\"\n                    style=\"                    padding:10px;\n                    \"\n                    >\n                                        CLASP\n  LENGTH:                    <\/td>\n                                                <td class=\"wpdt-cell wpdt-tc-949494 wpdt-bc-F8F7F6 remove-borders \"\n                                            data-cell-id=\"B9\"\n                    data-col-index=\"1\"\n                    data-row-index=\"8\"\n                    style=\"                    padding:10px;\n                    \"\n                    >\n                                        23 mm \u2013 0,91 In                    <\/td>\n                                        <\/tr>\n                            <tr class=\"wpdt-cell-row  remove-borders \" >\n                                <td class=\"wpdt-cell wpdt-bc-EBEBEB wpdt-tc-949494 remove-borders \"\n                                            data-cell-id=\"A10\"\n                    data-col-index=\"0\"\n                    data-row-index=\"9\"\n                    style=\"                    padding:10px;\n                    \"\n                    >\n                                        CLASP\n  WEIGHT                    <\/td>\n                                                <td class=\"wpdt-cell wpdt-tc-949494 wpdt-bc-EBEBEB remove-borders \"\n                                            data-cell-id=\"B10\"\n                    data-col-index=\"1\"\n                    data-row-index=\"9\"\n                    style=\"                    padding:10px;\n                    \"\n                    >\n                                        4 g Silver 925\/1000                    <\/td>\n                                        <\/tr>\n                            <tr class=\"wpdt-cell-row  remove-borders \" >\n                                <td class=\"wpdt-cell wpdt-bc-F8F7F6 wpdt-tc-949494 remove-borders \"\n                                            data-cell-id=\"A11\"\n                    data-col-index=\"0\"\n                    data-row-index=\"10\"\n                    style=\"                    padding:10px;\n                    \"\n                    >\n                                        NUMBER\n  METAL DETAILS:                    <\/td>\n                                                <td class=\"wpdt-cell wpdt-tc-949494 wpdt-bc-F8F7F6 remove-borders \"\n                                            data-cell-id=\"B11\"\n                    data-col-index=\"1\"\n                    data-row-index=\"10\"\n                    style=\"                    padding:10px;\n                    \"\n                    >\n                                        \u2013                    <\/td>\n                                        <\/tr>\n                            <tr class=\"wpdt-cell-row  remove-borders \" >\n                                <td class=\"wpdt-cell wpdt-bc-EBEBEB wpdt-tc-949494 remove-borders \"\n                                            data-cell-id=\"A12\"\n                    data-col-index=\"0\"\n                    data-row-index=\"11\"\n                    style=\"                    padding:10px;\n                    \"\n                    >\n                                        WEIGHT\n  METAL DETAILS (PCS):                    <\/td>\n                                                <td class=\"wpdt-cell wpdt-tc-949494 wpdt-bc-EBEBEB remove-borders \"\n                                            data-cell-id=\"B12\"\n                    data-col-index=\"1\"\n                    data-row-index=\"11\"\n                    style=\"                    padding:10px;\n                    \"\n                    >\n                                        \u2013                    <\/td>\n                                        <\/tr>\n                            <tr class=\"wpdt-cell-row  remove-borders \" >\n                                <td class=\"wpdt-cell wpdt-bc-F8F7F6 wpdt-tc-949494 remove-borders \"\n                                            data-cell-id=\"A13\"\n                    data-col-index=\"0\"\n                    data-row-index=\"12\"\n                    style=\"                    padding:10px;\n                    \"\n                    >\n                                        WEIGHT\n  COMPLETE BRACELET:                    <\/td>\n                                                <td class=\"wpdt-cell wpdt-tc-949494 wpdt-bc-F8F7F6 remove-borders \"\n                                            data-cell-id=\"B13\"\n                    data-col-index=\"1\"\n                    data-row-index=\"12\"\n                    style=\"                    padding:10px;\n                    \"\n                    >\n                                        6 g Silver 925\/1000                    <\/td>\n                                        <\/tr>\n                    <\/table>\n<\/div><style id='wpdt-custom-style-1'>\n.wpdt-bc-F8F7F6 { background-color: #F8F7F6 !important;}\n.wpdt-tc-949494 { color: #949494 !important;}\n.wpdt-bc-EBEBEB { background-color: #EBEBEB !important;}\n<\/style>\n<\/div>\n<div><\/div>\n<p><span style=\"font-size: 12px;\">WARRANTY AND PACKAGING: THE MONGRIP\u2122 JEWELRY COMES WITH A GUARANTEE CERTIFICATE ATTESTING TO THE TYPE OF METAL (GOLD 18 KT OR SILVER 925) AND TYRE PORTION USED.<br \/>\nTHE WEIGHTS AND MEASURES OF THE COMPLETE BRACELET ARE APPROXIMATE AND VARY DEPENDING ON THE CHARACTERISTICS OF THE TIRE PORTION USED (TOLERANCE +\/- 5%).<\/span><\/p>\n","protected":false},"excerpt":{"rendered":"<p><span style=\"color: red; font-family: 'Effra', Arial, sans-serif; font-size: 12pt;\"><br \/>\nLe seul bracelet au monde cr\u00e9\u00e9 avec une portion authentique de pneu de course utilis\u00e9 en Formula 1\u2122 Grand Prix\u2122.<br \/>\n<\/span><br \/>\n<span style=\"font-size: 14pt;\">L\u2019essence MONGRIP\u2122 design, avec son extraordinaire simplicit\u00e9 dans un style \u00e0 la fois minimaliste et dynamique est parfait pour un usage quotidien, pour elle et pour lui.<\/span><\/p>\n","protected":false},"featured_media":109365,"template":"","meta":{"iawp_total_views":186},"product_brand":[],"product_type":[5],"product_cat":[69,56,184],"product_tag":[],"class_list":{"0":"post-24193","1":"product","2":"type-product","3":"status-publish","4":"has-post-thumbnail","6":"product_cat-gp-race-fr","7":"product_cat-rascasse-fr","8":"product_cat-argent-925-1000","10":"first","11":"instock","12":"taxable","13":"shipping-taxable","14":"purchasable","15":"product-type-variable"},"_links":{"self":[{"href":"https:\/\/www.mongrip.com\/fr\/wp-json\/wp\/v2\/product\/24193","targetHints":{"allow":["GET"]}}],"collection":[{"href":"https:\/\/www.mongrip.com\/fr\/wp-json\/wp\/v2\/product"}],"about":[{"href":"https:\/\/www.mongrip.com\/fr\/wp-json\/wp\/v2\/types\/product"}],"wp:featuredmedia":[{"embeddable":true,"href":"https:\/\/www.mongrip.com\/fr\/wp-json\/wp\/v2\/media\/109365"}],"wp:attachment":[{"href":"https:\/\/www.mongrip.com\/fr\/wp-json\/wp\/v2\/media?parent=24193"}],"wp:term":[{"taxonomy":"product_brand","embeddable":true,"href":"https:\/\/www.mongrip.com\/fr\/wp-json\/wp\/v2\/product_brand?post=24193"},{"taxonomy":"product_type","embeddable":true,"href":"https:\/\/www.mongrip.com\/fr\/wp-json\/wp\/v2\/product_type?post=24193"},{"taxonomy":"product_cat","embeddable":true,"href":"https:\/\/www.mongrip.com\/fr\/wp-json\/wp\/v2\/product_cat?post=24193"},{"taxonomy":"product_tag","embeddable":true,"href":"https:\/\/www.mongrip.com\/fr\/wp-json\/wp\/v2\/product_tag?post=24193"}],"curies":[{"name":"wp","href":"https:\/\/api.w.org\/{rel}","templated":true}]}}