



{"id":238639,"date":"2026-05-16T16:47:25","date_gmt":"2026-05-16T14:47:25","guid":{"rendered":"https:\/\/www.mongrip.com\/?post_type=product&#038;p=238639"},"modified":"2026-05-17T14:53:35","modified_gmt":"2026-05-17T12:53:35","slug":"x-monaco-grand-prix-signature","status":"publish","type":"product","link":"https:\/\/www.mongrip.com\/fr\/produit\/x-monaco-grand-prix-signature\/","title":{"rendered":"X Monaco Grand Prix \u2013 Signature Limited Edition"},"content":{"rendered":"\n<div class=\"wpdt-c row wpDataTableContainerSimpleTable wpDataTables wpDataTablesWrapper\n\"\n    >\n        <table id=\"wpdtSimpleTable-19\"\n           style=\"border-collapse:collapse;\n                   border-spacing:0px;\"\n           class=\"wpdtSimpleTable wpDataTable\"\n           data-column=\"2\"\n           data-rows=\"13\"\n           data-wpID=\"19\"\n           data-responsive=\"0\"\n           data-has-header=\"0\">\n\n                    <tbody>        <tr class=\"wpdt-cell-row  remove-borders \" >\n                                <td class=\"wpdt-cell wpdt-bc-F8F7F6 wpdt-tc-A1A0A0 remove-borders \"\n                                            data-cell-id=\"A1\"\n                    data-col-index=\"0\"\n                    data-row-index=\"0\"\n                    style=\" width:45.439189189189%;                    padding:10px;\n                    \"\n                    >\n                                        CODE MODEL                    <\/td>\n                                                <td class=\"wpdt-cell wpdt-bc-F8F7F6 wpdt-tc-A1A0A0 remove-borders \"\n                                            data-cell-id=\"B1\"\n                    data-col-index=\"1\"\n                    data-row-index=\"0\"\n                    style=\" width:54.560810810811%;                    padding:10px;\n                    \"\n                    >\n                                        F1XTK                    <\/td>\n                                        <\/tr>\n                            <tr class=\"wpdt-cell-row  remove-borders \" style=\"height:42px;\">\n                                <td class=\"wpdt-cell wpdt-bc-EBEBEB wpdt-tc-A1A0A0 remove-borders \"\n                                            data-cell-id=\"A2\"\n                    data-col-index=\"0\"\n                    data-row-index=\"1\"\n                    style=\"                    padding:10px;\n                    \"\n                    >\n                                        COLLECTIONS                    <\/td>\n                                                <td class=\"wpdt-cell wpdt-bc-EBEBEB wpdt-tc-A1A0A0 remove-borders \"\n                                            data-cell-id=\"B2\"\n                    data-col-index=\"1\"\n                    data-row-index=\"1\"\n                    style=\"                    padding:10px;\n                    \"\n                    >\n                                        X Signature                    <\/td>\n                                        <\/tr>\n                            <tr class=\"wpdt-cell-row  remove-borders \" >\n                                <td class=\"wpdt-cell wpdt-bc-F8F7F6 wpdt-tc-A1A0A0 remove-borders \"\n                                            data-cell-id=\"A3\"\n                    data-col-index=\"0\"\n                    data-row-index=\"2\"\n                    style=\"                    padding:10px;\n                    \"\n                    >\n                                        BRACELET SERIAL NUMBER                    <\/td>\n                                                <td class=\"wpdt-cell wpdt-bc-F8F7F6 wpdt-tc-A1A0A0 remove-borders \"\n                                            data-cell-id=\"B3\"\n                    data-col-index=\"1\"\n                    data-row-index=\"2\"\n                    style=\"                    padding:10px;\n                    \"\n                    >\n                                        YES                    <\/td>\n                                        <\/tr>\n                            <tr class=\"wpdt-cell-row  remove-borders \" >\n                                <td class=\"wpdt-cell wpdt-bc-EBEBEB wpdt-tc-A1A0A0 remove-borders \"\n                                            data-cell-id=\"A4\"\n                    data-col-index=\"0\"\n                    data-row-index=\"3\"\n                    style=\"                    padding:10px;\n                    \"\n                    >\n                                        METAL                    <\/td>\n                                                <td class=\"wpdt-cell wpdt-bc-EBEBEB wpdt-tc-A1A0A0 remove-borders \"\n                                            data-cell-id=\"B4\"\n                    data-col-index=\"1\"\n                    data-row-index=\"3\"\n                    style=\"                    padding:10px;\n                    \"\n                    >\n                                        Silver 925\/1000 & & Enamel                    <\/td>\n                                        <\/tr>\n                            <tr class=\"wpdt-cell-row  remove-borders \" >\n                                <td class=\"wpdt-cell wpdt-bc-F8F7F6 wpdt-tc-A1A0A0 remove-borders \"\n                                            data-cell-id=\"A5\"\n                    data-col-index=\"0\"\n                    data-row-index=\"4\"\n                    style=\"                    padding:10px;\n                    \"\n                    >\n                                        METAL FINISHING                    <\/td>\n                                                <td class=\"wpdt-cell wpdt-bc-F8F7F6 wpdt-tc-A1A0A0 remove-borders \"\n                                            data-cell-id=\"B5\"\n                    data-col-index=\"1\"\n                    data-row-index=\"4\"\n                    style=\"                    padding:10px;\n                    \"\n                    >\n                                        Polished, Vintage-Modern Design                    <\/td>\n                                        <\/tr>\n                            <tr class=\"wpdt-cell-row  remove-borders \" >\n                                <td class=\"wpdt-cell wpdt-bc-EBEBEB wpdt-tc-A1A0A0 remove-borders \"\n                                            data-cell-id=\"A6\"\n                    data-col-index=\"0\"\n                    data-row-index=\"5\"\n                    style=\"                    padding:10px;\n                    \"\n                    >\n                                        MAX HEIGHT                    <\/td>\n                                                <td class=\"wpdt-cell wpdt-bc-EBEBEB wpdt-tc-A1A0A0 remove-borders \"\n                                            data-cell-id=\"B6\"\n                    data-col-index=\"1\"\n                    data-row-index=\"5\"\n                    style=\"                    padding:10px;\n                    \"\n                    >\n                                        4,5 mm \u2013 0,17 in                    <\/td>\n                                        <\/tr>\n                            <tr class=\"wpdt-cell-row  remove-borders \" >\n                                <td class=\"wpdt-cell wpdt-bc-F8F7F6 wpdt-tc-A1A0A0 remove-borders \"\n                                            data-cell-id=\"A7\"\n                    data-col-index=\"0\"\n                    data-row-index=\"6\"\n                    style=\"                    padding:10px;\n                    \"\n                    >\n                                        MAX WIDTH                    <\/td>\n                                                <td class=\"wpdt-cell wpdt-bc-F8F7F6 wpdt-tc-A1A0A0 remove-borders \"\n                                            data-cell-id=\"B7\"\n                    data-col-index=\"1\"\n                    data-row-index=\"6\"\n                    style=\"                    padding:10px;\n                    \"\n                    >\n                                        11,5 mm \u2013 0,45 in                    <\/td>\n                                        <\/tr>\n                            <tr class=\"wpdt-cell-row  remove-borders \" >\n                                <td class=\"wpdt-cell wpdt-bc-EBEBEB wpdt-tc-A1A0A0 remove-borders \"\n                                            data-cell-id=\"A8\"\n                    data-col-index=\"0\"\n                    data-row-index=\"7\"\n                    style=\"                    padding:10px;\n                    \"\n                    >\n                                        CLASP                    <\/td>\n                                                <td class=\"wpdt-cell wpdt-bc-EBEBEB wpdt-tc-A1A0A0 remove-borders \"\n                                            data-cell-id=\"B8\"\n                    data-col-index=\"1\"\n                    data-row-index=\"7\"\n                    style=\"                    padding:10px;\n                    \"\n                    >\n                                        Hidden                    <\/td>\n                                        <\/tr>\n                            <tr class=\"wpdt-cell-row  remove-borders \" >\n                                <td class=\"wpdt-cell wpdt-bc-F8F7F6 wpdt-tc-A1A0A0 remove-borders \"\n                                            data-cell-id=\"A9\"\n                    data-col-index=\"0\"\n                    data-row-index=\"8\"\n                    style=\"                    padding:10px;\n                    \"\n                    >\n                                        CLASP LENGTH                    <\/td>\n                                                <td class=\"wpdt-cell wpdt-bc-F8F7F6 wpdt-tc-A1A0A0 remove-borders \"\n                                            data-cell-id=\"B9\"\n                    data-col-index=\"1\"\n                    data-row-index=\"8\"\n                    style=\"                    padding:10px;\n                    \"\n                    >\n                                        23 mm \u2013 0,90 in                    <\/td>\n                                        <\/tr>\n                            <tr class=\"wpdt-cell-row  remove-borders \" >\n                                <td class=\"wpdt-cell wpdt-bc-EBEBEB wpdt-tc-A1A0A0 remove-borders \"\n                                            data-cell-id=\"A10\"\n                    data-col-index=\"0\"\n                    data-row-index=\"9\"\n                    style=\"                    padding:10px;\n                    \"\n                    >\n                                        CLASP WEIGHT                    <\/td>\n                                                <td class=\"wpdt-cell wpdt-bc-EBEBEB wpdt-tc-A1A0A0 remove-borders \"\n                                            data-cell-id=\"B10\"\n                    data-col-index=\"1\"\n                    data-row-index=\"9\"\n                    style=\"                    padding:10px;\n                    \"\n                    >\n                                        6 g Silver 925\/1000                    <\/td>\n                                        <\/tr>\n                            <tr class=\"wpdt-cell-row  remove-borders \" >\n                                <td class=\"wpdt-cell wpdt-bc-F8F7F6 wpdt-tc-A1A0A0 remove-borders \"\n                                            data-cell-id=\"A11\"\n                    data-col-index=\"0\"\n                    data-row-index=\"10\"\n                    style=\"                    padding:10px;\n                    \"\n                    >\n                                        NUMBER METAL DETAILS                    <\/td>\n                                                <td class=\"wpdt-cell wpdt-bc-F8F7F6 wpdt-tc-A1A0A0 remove-borders \"\n                                            data-cell-id=\"B11\"\n                    data-col-index=\"1\"\n                    data-row-index=\"10\"\n                    style=\"                    padding:10px;\n                    \"\n                    >\n                                        -                    <\/td>\n                                        <\/tr>\n                            <tr class=\"wpdt-cell-row  remove-borders \" >\n                                <td class=\"wpdt-cell wpdt-bc-EBEBEB wpdt-tc-A1A0A0 remove-borders \"\n                                            data-cell-id=\"A12\"\n                    data-col-index=\"0\"\n                    data-row-index=\"11\"\n                    style=\"                    padding:10px;\n                    \"\n                    >\n                                        WEIGHT METAL DETAILS (PCS)                    <\/td>\n                                                <td class=\"wpdt-cell wpdt-bc-EBEBEB wpdt-tc-A1A0A0 remove-borders \"\n                                            data-cell-id=\"B12\"\n                    data-col-index=\"1\"\n                    data-row-index=\"11\"\n                    style=\"                    padding:10px;\n                    \"\n                    >\n                                        -                    <\/td>\n                                        <\/tr>\n                            <tr class=\"wpdt-cell-row  remove-borders \" >\n                                <td class=\"wpdt-cell wpdt-bc-F8F7F6 wpdt-tc-A1A0A0 remove-borders \"\n                                            data-cell-id=\"A13\"\n                    data-col-index=\"0\"\n                    data-row-index=\"12\"\n                    style=\"                    padding:10px;\n                    \"\n                    >\n                                        WEIGHT COMPLETE BRACELET                    <\/td>\n                                                <td class=\"wpdt-cell wpdt-bc-F8F7F6 wpdt-tc-A1A0A0 remove-borders \"\n                                            data-cell-id=\"B13\"\n                    data-col-index=\"1\"\n                    data-row-index=\"12\"\n                    style=\"                    padding:10px;\n                    \"\n                    >\n                                        10 g Silver 925\/1000                    <\/td>\n                                        <\/tr>\n                    <\/table>\n<\/div><style id='wpdt-custom-style-19'>\n.wpdt-bc-F8F7F6 { background-color: #F8F7F6 !important;}\n.wpdt-tc-A1A0A0 { color: #A1A0A0 !important;}\n.wpdt-bc-EBEBEB { background-color: #EBEBEB !important;}\n<\/style>\n\n<div><\/div>\n<p><span style=\"font-size: 12px;\">WARRANTY AND PACKAGING: THE MONGRIP\u2122 JEWELRY COMES WITH A GUARANTEE CERTIFICATE ATTESTING TO THE TYPE OF METAL (GOLD 18 KT OR SILVER 925) AND TYRE PORTION USED.<br \/>\nTHE WEIGHTS AND MEASURES OF THE COMPLETE BRACELET ARE APPROXIMATE AND VARY DEPENDING ON THE CHARACTERISTICS OF THE TIRE PORTION USED (TOLERANCE +\/- 5%).<\/span><\/p>\n<p>&nbsp;<\/p>\n","protected":false},"excerpt":{"rendered":"<p class=\"s7\"><strong><span class=\"s2\">X Monaco Grand Prix \u2013 Signature Limited Edition est l\u2019<\/span><span class=\"s2\">exclusive<\/span> <span class=\"s2\">collection<\/span><span class=\"s2\"> en <\/span><span class=\"s2\">\u00e9dition<\/span> <span class=\"s2\">limit\u00e9e<\/span><span class=\"s2\">pr\u00e9sent\u00e9e<\/span><span class=\"s2\"> \u00e0 l\u2019<\/span><span class=\"s2\">occasion<\/span> <span class=\"s2\">du<\/span><span class=\"s2\"> Monaco Grand Prix 2026 par MONGRIP\u2122, <\/span><span class=\"s2\">r\u00e9alis\u00e9e<\/span><span class=\"s2\"> \u00e0 partir d\u2019une <\/span><span class=\"s2\">portion<\/span> <span class=\"s2\">authentique<\/span><span class=\"s2\"> de <\/span><span class=\"s2\">pneu<\/span> <span class=\"s2\">arri\u00e8re<\/span> <span class=\"s2\">pluie<\/span> <span class=\"s2\">utilis\u00e9<\/span> <span class=\"s2\">lors<\/span> <span class=\"s2\">du<\/span> <span class=\"s2\">l\u00e9gendaire<\/span><span class=\"s2\"> Monaco Grand Prix 1996.<\/span><\/strong><\/p>\n<p class=\"s7\"><strong><span class=\"s2\">D\u00e9velopp\u00e9e<\/span><span class=\"s2\"> en <\/span><span class=\"s2\">collaboration<\/span> <span class=\"s2\">avec<\/span><span class=\"s2\"> l\u2019Automobile Club de Monaco, la <\/span><span class=\"s2\">collection<\/span><span class=\"s2\"> se compose de 500 <\/span><span class=\"s2\">cr\u00e9ations<\/span> <span class=\"s2\">d\u00e9di\u00e9es<\/span> <span class=\"s2\">au<\/span> <span class=\"s2\">circuit<\/span><span class=\"s2\"> le plus <\/span><span class=\"s2\">iconique<\/span><span class=\"s2\"> de la Formula 1\u2122 <\/span><span class=\"s2\">et \u00e0<\/span><span class=\"s2\"> une <\/span><span class=\"s2\">course<\/span><span class=\"s2\"> entr\u00e9e <\/span><span class=\"s2\">dans<\/span><span class=\"s2\"> la <\/span><span class=\"s2\">l\u00e9gende<\/span> <span class=\"s2\">du<\/span><span class=\"s2\"> sport automobile. Le \u201cX\u201d, <\/span><span class=\"s2\">symbole<\/span><span class=\"s2\"> du <\/span><span class=\"s2\">dixi\u00e8me<\/span> <span class=\"s2\">anniversaire<\/span><span class=\"s2\"> de MONGRIP\u2122, <\/span><span class=\"s2\">repr\u00e9sente<\/span> <span class=\"s2\">le point<\/span> <span class=\"s2\">o\u00f9<\/span> <span class=\"s2\">vitesse<\/span><span class=\"s2\">, <\/span><span class=\"s2\">m\u00e9moire<\/span><span class=\"s2\"> et <\/span><span class=\"s2\">mati\u00e8re<\/span><span class=\"s2\"> se <\/span><span class=\"s2\">rencontrent<\/span><span class=\"s2\">.<\/span><\/strong><\/p>\n<p class=\"s7\"><span class=\"s2\">Votre<\/span><span class=\"s2\"> X Monaco Grand Prix \u2013 Signature Limited Edition est <\/span><span class=\"s2\">fait<\/span><span class=\"s2\"> sur <\/span><span class=\"s2\">mesure<\/span><span class=\"s2\"> pour <\/span><span class=\"s2\">vous<\/span><span class=\"s2\">.<\/span><\/p>\n<p class=\"s7\"><span class=\"s2\">Identifiez<\/span> <span class=\"s2\">votre<\/span> <span class=\"s2\">taille<\/span> <span class=\"s2\">parmi<\/span> <span class=\"s2\">les<\/span> <span class=\"s2\">quatre<\/span> <span class=\"s2\">tailles<\/span><span class=\"s2\"> standards <\/span><span class=\"s2\">propos\u00e9es<\/span> <span class=\"s2\">ou<\/span> <span class=\"s2\">choisissez<\/span><span class=\"s2\"> l\u2019option <\/span><span class=\"s2\">\u00ab <\/span><span class=\"s2\">Taille<\/span><span class=\"s2\">personnalis\u00e9e<\/span><span class=\"s2\"> \u00bb<\/span><span class=\"s2\"> et <\/span><span class=\"s2\">indiquez<\/span><span class=\"s2\"> la <\/span><span class=\"s2\">taille<\/span><span class=\"s2\"> de <\/span><span class=\"s2\">votre<\/span> <span class=\"s2\">bracelet<\/span> <span class=\"s2\">pr\u00e9f\u00e9r\u00e9e<\/span> <span class=\"s2\">exprim\u00e9e<\/span><span class=\"s2\"> en cm.<\/span><\/p>\n<p class=\"s7\"><span class=\"s2\">Faites<\/span> <span class=\"s2\">d\u00e9filer<\/span> <span class=\"s2\">vers<\/span><span class=\"s2\"> le <\/span><span class=\"s2\">bas<\/span><span class=\"s2\"> pour <\/span><span class=\"s2\">voir<\/span><span class=\"s2\"> le <\/span><span class=\"s2\">\u00ab Guide<\/span> <span class=\"s2\">des<\/span> <span class=\"s2\">tailles<\/span><span class=\"s2\"> \u00bb<\/span><span class=\"s2\"> et <\/span><span class=\"s2\">comment<\/span> <span class=\"s2\">trouver<\/span><span class=\"s2\"> la bonne <\/span><span class=\"s2\">taille<\/span><span class=\"s2\"> pour <\/span><span class=\"s2\">votre<\/span> <span class=\"s2\">bracelet<\/span><span class=\"s2\">.<\/span><\/p>\n<p><span style=\"color: #ee2737;\"><span class=\"s2\"><strong>OUVERTURE DES PR\u00c9COMMANDES<\/strong>: <\/span><span class=\"s2\">jeudi 21 mai 2026 \u2014 09:00 CET<br \/>\n<\/span><\/span><span style=\"color: #ee2737;\"><span class=\"s2\"><strong>LANCEMENT OFFICIEL DES VENTES<\/strong>: <\/span><span class=\"s2\">jeudi 4 juin 2026 \u2014 09:00 CET<\/span><\/span><\/p>\n","protected":false},"featured_media":238544,"template":"","meta":{"iawp_total_views":17},"product_brand":[],"product_type":[5],"product_cat":[320],"product_tag":[],"class_list":{"0":"post-238639","1":"product","2":"type-product","3":"status-publish","4":"has-post-thumbnail","6":"product_cat-x-signature","8":"first","9":"outofstock","10":"taxable","11":"shipping-taxable","12":"purchasable","13":"product-type-variable"},"_links":{"self":[{"href":"https:\/\/www.mongrip.com\/fr\/wp-json\/wp\/v2\/product\/238639","targetHints":{"allow":["GET"]}}],"collection":[{"href":"https:\/\/www.mongrip.com\/fr\/wp-json\/wp\/v2\/product"}],"about":[{"href":"https:\/\/www.mongrip.com\/fr\/wp-json\/wp\/v2\/types\/product"}],"wp:featuredmedia":[{"embeddable":true,"href":"https:\/\/www.mongrip.com\/fr\/wp-json\/wp\/v2\/media\/238544"}],"wp:attachment":[{"href":"https:\/\/www.mongrip.com\/fr\/wp-json\/wp\/v2\/media?parent=238639"}],"wp:term":[{"taxonomy":"product_brand","embeddable":true,"href":"https:\/\/www.mongrip.com\/fr\/wp-json\/wp\/v2\/product_brand?post=238639"},{"taxonomy":"product_type","embeddable":true,"href":"https:\/\/www.mongrip.com\/fr\/wp-json\/wp\/v2\/product_type?post=238639"},{"taxonomy":"product_cat","embeddable":true,"href":"https:\/\/www.mongrip.com\/fr\/wp-json\/wp\/v2\/product_cat?post=238639"},{"taxonomy":"product_tag","embeddable":true,"href":"https:\/\/www.mongrip.com\/fr\/wp-json\/wp\/v2\/product_tag?post=238639"}],"curies":[{"name":"wp","href":"https:\/\/api.w.org\/{rel}","templated":true}]}}