



{"id":195627,"date":"2025-05-29T11:19:28","date_gmt":"2025-05-29T09:19:28","guid":{"rendered":"https:\/\/www.mongrip.com\/product\/raidillon-limited-edition\/"},"modified":"2025-07-25T09:21:12","modified_gmt":"2025-07-25T07:21:12","slug":"raidillon-limited-edition","status":"publish","type":"product","link":"https:\/\/www.mongrip.com\/fr\/produit\/raidillon-limited-edition\/","title":{"rendered":"RAIDILLON Limited Edition"},"content":{"rendered":"<p>Des reliques authentiques du virage le plus embl\u00e9matique de l&rsquo;histoire de la Formule 1 &#8211; le l\u00e9gendaire Raidillon de l&rsquo;Eau Rouge \u00e0 Spa-Francorchamps. Chaque pi\u00e8ce contient des fragments de vibreurs originaux r\u00e9cup\u00e9r\u00e9s lors des travaux de r\u00e9novation de la piste en janvier 2025.<\/p>\n<p>&nbsp;<\/p>\n<p>Pr\u00e9sentoir en aluminium raffin\u00e9 exposant des fragments de reliques jaunes et rouges avec des marques de pneus visibles. Livr\u00e9 dans un emballage en bois massif authentique, fabriqu\u00e9 selon les m\u00e9thodes artisanales italiennes.<\/p>\n<p>&nbsp;<\/p>\n<p><strong>Certificat d&rsquo;authenticit\u00e9 inclus.<\/strong><\/p>\n<p>&nbsp;<\/p>\n\n<div class=\"wpdt-c row wpDataTableContainerSimpleTable wpDataTables wpDataTablesWrapper\n\"\n    >\n        <table id=\"wpdtSimpleTable-18\"\n           style=\"border-collapse:collapse;\n                   border-spacing:0px;\"\n           class=\"wpdtSimpleTable wpDataTable\"\n           data-column=\"2\"\n           data-rows=\"4\"\n           data-wpID=\"18\"\n           data-responsive=\"0\"\n           data-has-header=\"0\">\n\n                    <tbody>        <tr class=\"wpdt-cell-row  remove-borders \" >\n                                <td class=\"wpdt-cell  remove-borders \"\n                                            data-cell-id=\"A1\"\n                    data-col-index=\"0\"\n                    data-row-index=\"0\"\n                    style=\" width:45.439189189189%;                    padding:10px;\n                    \"\n                    >\n                                        ALUMINUM DISPLAY STAND SIZE                    <\/td>\n                                                <td class=\"wpdt-cell  remove-borders \"\n                                            data-cell-id=\"B1\"\n                    data-col-index=\"1\"\n                    data-row-index=\"0\"\n                    style=\" width:54.560810810811%;                    padding:10px;\n                    \"\n                    >\n                                        153 x 230 x 50 mm                    <\/td>\n                                        <\/tr>\n                            <tr class=\"wpdt-cell-row  remove-borders \" >\n                                <td class=\"wpdt-cell  remove-borders \"\n                                            data-cell-id=\"A2\"\n                    data-col-index=\"0\"\n                    data-row-index=\"1\"\n                    style=\"                    padding:10px;\n                    \"\n                    >\n                                        WEIGHT OF THE ALUMINUM DISPLAY STAND                    <\/td>\n                                                <td class=\"wpdt-cell  remove-borders \"\n                                            data-cell-id=\"B2\"\n                    data-col-index=\"1\"\n                    data-row-index=\"1\"\n                    style=\"                    padding:10px;\n                    \"\n                    >\n                                        1,15 kg                    <\/td>\n                                        <\/tr>\n                            <tr class=\"wpdt-cell-row  remove-borders \" >\n                                <td class=\"wpdt-cell  remove-borders \"\n                                            data-cell-id=\"A3\"\n                    data-col-index=\"0\"\n                    data-row-index=\"2\"\n                    style=\"                    padding:10px;\n                    \"\n                    >\n                                        WOODEN BOX SIZE                    <\/td>\n                                                <td class=\"wpdt-cell  remove-borders \"\n                                            data-cell-id=\"B3\"\n                    data-col-index=\"1\"\n                    data-row-index=\"2\"\n                    style=\"                    padding:10px;\n                    \"\n                    >\n                                        290 x 200 x 83 mm                    <\/td>\n                                        <\/tr>\n                            <tr class=\"wpdt-cell-row  remove-borders \" >\n                                <td class=\"wpdt-cell  remove-borders \"\n                                            data-cell-id=\"A4\"\n                    data-col-index=\"0\"\n                    data-row-index=\"3\"\n                    style=\"                    padding:10px;\n                    \"\n                    >\n                                        TOTAL WEIGHT OF THE PRODUCT INCLUDED IN THE WOODEN BOX                    <\/td>\n                                                <td class=\"wpdt-cell  remove-borders \"\n                                            data-cell-id=\"B4\"\n                    data-col-index=\"1\"\n                    data-row-index=\"3\"\n                    style=\"                    padding:10px;\n                    \"\n                    >\n                                        2,20 Kg                    <\/td>\n                                        <\/tr>\n                    <\/table>\n<\/div><style id='wpdt-custom-style-18'>\n<\/style>\n\n<p>&nbsp;<\/p>\n<p><span style=\"font-size: 8pt;\">MEASUREMENTS MAY BE SUBJECT TO A MINIMUM TOLERANCE DEPENDING ON THE CURB RELICS CONTAINED<\/span><\/p>\n","protected":false},"excerpt":{"rendered":"<p class=\"p1\"><span style=\"font-size: 14pt;\">Relique comprenant des morceaux authentiques de vibreurs du l\u00e9gendaire virage du Raidillon sur le circuit de Spa-Francorchamps, collect\u00e9s en janvier 2025.<\/span><\/p>\n<p class=\"p1\"><span style=\"font-size: 14pt; color: #ee2737;\">Cette \u00e9dition limit\u00e9e est compos\u00e9e de 888 pi\u00e8ces seulement.<\/span><\/p>\n","protected":false},"featured_media":200044,"template":"","meta":{"iawp_total_views":3692},"product_brand":[],"product_type":[3],"product_cat":[303],"product_tag":[],"class_list":{"0":"post-195627","1":"product","2":"type-product","3":"status-publish","4":"has-post-thumbnail","6":"product_cat-curbstone-collection-fr","8":"first","9":"instock","10":"taxable","11":"shipping-taxable","12":"purchasable","13":"product-type-simple"},"_links":{"self":[{"href":"https:\/\/www.mongrip.com\/fr\/wp-json\/wp\/v2\/product\/195627","targetHints":{"allow":["GET"]}}],"collection":[{"href":"https:\/\/www.mongrip.com\/fr\/wp-json\/wp\/v2\/product"}],"about":[{"href":"https:\/\/www.mongrip.com\/fr\/wp-json\/wp\/v2\/types\/product"}],"wp:featuredmedia":[{"embeddable":true,"href":"https:\/\/www.mongrip.com\/fr\/wp-json\/wp\/v2\/media\/200044"}],"wp:attachment":[{"href":"https:\/\/www.mongrip.com\/fr\/wp-json\/wp\/v2\/media?parent=195627"}],"wp:term":[{"taxonomy":"product_brand","embeddable":true,"href":"https:\/\/www.mongrip.com\/fr\/wp-json\/wp\/v2\/product_brand?post=195627"},{"taxonomy":"product_type","embeddable":true,"href":"https:\/\/www.mongrip.com\/fr\/wp-json\/wp\/v2\/product_type?post=195627"},{"taxonomy":"product_cat","embeddable":true,"href":"https:\/\/www.mongrip.com\/fr\/wp-json\/wp\/v2\/product_cat?post=195627"},{"taxonomy":"product_tag","embeddable":true,"href":"https:\/\/www.mongrip.com\/fr\/wp-json\/wp\/v2\/product_tag?post=195627"}],"curies":[{"name":"wp","href":"https:\/\/api.w.org\/{rel}","templated":true}]}}