



{"id":17198,"date":"2019-12-09T11:24:40","date_gmt":"2019-12-09T10:24:40","guid":{"rendered":"https:\/\/www.mongrip.com\/?post_type=product&#038;p=17198"},"modified":"2024-10-14T18:31:15","modified_gmt":"2024-10-14T16:31:15","slug":"ayrton-senna-legend-limited-edition","status":"publish","type":"product","link":"https:\/\/www.mongrip.com\/fr\/produit\/ayrton-senna-legend-limited-edition\/","title":{"rendered":"AYRTON SENNA LEGEND LIMITED EDITION 18K ROSE GOLD"},"content":{"rendered":"<div class=\"kl-title-block clearfix tbk--text- tbk--left text-left tbk-symbol--border tbk--colored tbk-icon-pos--after-title eluid1b4a7a19 \">\n<div class=\"datagrid\">\n\n<div class=\"wpdt-c row wpDataTableContainerSimpleTable wpDataTables wpDataTablesWrapper\n\"\n    >\n        <table id=\"wpdtSimpleTable-5\"\n           style=\"border-collapse:collapse;\n                   border-spacing:0px;\"\n           class=\"wpdtSimpleTable wpDataTable\"\n           data-column=\"2\"\n           data-rows=\"13\"\n           data-wpID=\"5\"\n           data-responsive=\"0\"\n           data-has-header=\"0\">\n\n                    <tbody>        <tr class=\"wpdt-cell-row  remove-borders \" >\n                                <td class=\"wpdt-cell wpdt-bc-F8F7F6 wpdt-tc-949494 remove-borders \"\n                                            data-cell-id=\"A1\"\n                    data-col-index=\"0\"\n                    data-row-index=\"0\"\n                    style=\" width:46.023688663283%;                    padding:10px;\n                    \"\n                    >\n                                        CODE MODEL:                    <\/td>\n                                                <td class=\"wpdt-cell wpdt-tc-949494 wpdt-bc-F8F7F6 remove-borders \"\n                                            data-cell-id=\"B1\"\n                    data-col-index=\"1\"\n                    data-row-index=\"0\"\n                    style=\" width:53.976311336717%;                    padding:10px;\n                    \"\n                    >\n                                        F1LTR                    <\/td>\n                                        <\/tr>\n                            <tr class=\"wpdt-cell-row  remove-borders \" >\n                                <td class=\"wpdt-cell wpdt-bc-EBEBEB wpdt-tc-949494 remove-borders \"\n                                            data-cell-id=\"A2\"\n                    data-col-index=\"0\"\n                    data-row-index=\"1\"\n                    style=\"                    padding:10px;\n                    \"\n                    >\n                                        COLLECTIONS:                    <\/td>\n                                                <td class=\"wpdt-cell wpdt-tc-949494 wpdt-bc-EBEBEB remove-borders \"\n                                            data-cell-id=\"B2\"\n                    data-col-index=\"1\"\n                    data-row-index=\"1\"\n                    style=\"                    padding:10px;\n                    \"\n                    >\n                                        Legend                    <\/td>\n                                        <\/tr>\n                            <tr class=\"wpdt-cell-row  remove-borders \" >\n                                <td class=\"wpdt-cell wpdt-bc-F8F7F6 wpdt-tc-949494 remove-borders \"\n                                            data-cell-id=\"A3\"\n                    data-col-index=\"0\"\n                    data-row-index=\"2\"\n                    style=\"                    padding:10px;\n                    \"\n                    >\n                                        BRACELET SERIAL NUMBER:                    <\/td>\n                                                <td class=\"wpdt-cell wpdt-tc-949494 wpdt-bc-F8F7F6 remove-borders \"\n                                            data-cell-id=\"B3\"\n                    data-col-index=\"1\"\n                    data-row-index=\"2\"\n                    style=\"                    padding:10px;\n                    \"\n                    >\n                                        Yes                    <\/td>\n                                        <\/tr>\n                            <tr class=\"wpdt-cell-row  remove-borders \" >\n                                <td class=\"wpdt-cell wpdt-bc-EBEBEB wpdt-tc-949494 remove-borders \"\n                                            data-cell-id=\"A4\"\n                    data-col-index=\"0\"\n                    data-row-index=\"3\"\n                    style=\"                    padding:10px;\n                    \"\n                    >\n                                        METAL:                    <\/td>\n                                                <td class=\"wpdt-cell wpdt-tc-949494 wpdt-bc-EBEBEB remove-borders \"\n                                            data-cell-id=\"B4\"\n                    data-col-index=\"1\"\n                    data-row-index=\"3\"\n                    style=\"                    padding:10px;\n                    \"\n                    >\n                                        18K Rose Gold                    <\/td>\n                                        <\/tr>\n                            <tr class=\"wpdt-cell-row  remove-borders \" >\n                                <td class=\"wpdt-cell wpdt-bc-F8F7F6 wpdt-tc-949494 remove-borders \"\n                                            data-cell-id=\"A5\"\n                    data-col-index=\"0\"\n                    data-row-index=\"4\"\n                    style=\"                    padding:10px;\n                    \"\n                    >\n                                        METAL FINISHING:                    <\/td>\n                                                <td class=\"wpdt-cell wpdt-tc-949494 wpdt-bc-F8F7F6 remove-borders \"\n                                            data-cell-id=\"B5\"\n                    data-col-index=\"1\"\n                    data-row-index=\"4\"\n                    style=\"                    padding:10px;\n                    \"\n                    >\n                                        SATIN                    <\/td>\n                                        <\/tr>\n                            <tr class=\"wpdt-cell-row  remove-borders \" >\n                                <td class=\"wpdt-cell wpdt-bc-EBEBEB wpdt-tc-949494 remove-borders \"\n                                            data-cell-id=\"A6\"\n                    data-col-index=\"0\"\n                    data-row-index=\"5\"\n                    style=\"                    padding:10px;\n                    \"\n                    >\n                                        MAX HEIGHT:                    <\/td>\n                                                <td class=\"wpdt-cell wpdt-tc-949494 wpdt-bc-EBEBEB remove-borders \"\n                                            data-cell-id=\"B6\"\n                    data-col-index=\"1\"\n                    data-row-index=\"5\"\n                    style=\"                    padding:10px;\n                    \"\n                    >\n                                        4,5 mm \u2013 0,18 In                    <\/td>\n                                        <\/tr>\n                            <tr class=\"wpdt-cell-row  remove-borders \" >\n                                <td class=\"wpdt-cell wpdt-bc-F8F7F6 wpdt-tc-949494 remove-borders \"\n                                            data-cell-id=\"A7\"\n                    data-col-index=\"0\"\n                    data-row-index=\"6\"\n                    style=\"                    padding:10px;\n                    \"\n                    >\n                                        MAX WIDTH:                    <\/td>\n                                                <td class=\"wpdt-cell wpdt-tc-949494 wpdt-bc-F8F7F6 remove-borders \"\n                                            data-cell-id=\"B7\"\n                    data-col-index=\"1\"\n                    data-row-index=\"6\"\n                    style=\"                    padding:10px;\n                    \"\n                    >\n                                        11,5 mm \u2013 0,45 In                    <\/td>\n                                        <\/tr>\n                            <tr class=\"wpdt-cell-row  remove-borders \" >\n                                <td class=\"wpdt-cell wpdt-bc-EBEBEB wpdt-tc-949494 remove-borders \"\n                                            data-cell-id=\"A8\"\n                    data-col-index=\"0\"\n                    data-row-index=\"7\"\n                    style=\"                    padding:10px;\n                    \"\n                    >\n                                        CLASP:                    <\/td>\n                                                <td class=\"wpdt-cell wpdt-tc-949494 wpdt-bc-EBEBEB remove-borders \"\n                                            data-cell-id=\"B8\"\n                    data-col-index=\"1\"\n                    data-row-index=\"7\"\n                    style=\"                    padding:10px;\n                    \"\n                    >\n                                        Hidden                    <\/td>\n                                        <\/tr>\n                            <tr class=\"wpdt-cell-row  remove-borders \" >\n                                <td class=\"wpdt-cell wpdt-bc-F8F7F6 wpdt-tc-949494 remove-borders \"\n                                            data-cell-id=\"A9\"\n                    data-col-index=\"0\"\n                    data-row-index=\"8\"\n                    style=\"                    padding:10px;\n                    \"\n                    >\n                                        CLASP LENGTH:                    <\/td>\n                                                <td class=\"wpdt-cell wpdt-tc-949494 wpdt-bc-F8F7F6 remove-borders \"\n                                            data-cell-id=\"B9\"\n                    data-col-index=\"1\"\n                    data-row-index=\"8\"\n                    style=\"                    padding:10px;\n                    \"\n                    >\n                                        23 mm \u2013 0,91 In                    <\/td>\n                                        <\/tr>\n                            <tr class=\"wpdt-cell-row  remove-borders \" >\n                                <td class=\"wpdt-cell wpdt-bc-EBEBEB wpdt-tc-949494 remove-borders \"\n                                            data-cell-id=\"A10\"\n                    data-col-index=\"0\"\n                    data-row-index=\"9\"\n                    style=\"                    padding:10px;\n                    \"\n                    >\n                                        CLASP WEIGHT                    <\/td>\n                                                <td class=\"wpdt-cell wpdt-tc-949494 wpdt-bc-EBEBEB remove-borders \"\n                                            data-cell-id=\"B10\"\n                    data-col-index=\"1\"\n                    data-row-index=\"9\"\n                    style=\"                    padding:10px;\n                    \"\n                    >\n                                        8,5 g 18K Gold                    <\/td>\n                                        <\/tr>\n                            <tr class=\"wpdt-cell-row  remove-borders \" >\n                                <td class=\"wpdt-cell wpdt-bc-F8F7F6 wpdt-tc-949494 remove-borders \"\n                                            data-cell-id=\"A11\"\n                    data-col-index=\"0\"\n                    data-row-index=\"10\"\n                    style=\"                    padding:10px;\n                    \"\n                    >\n                                        NUMBER METAL DETAILS:                    <\/td>\n                                                <td class=\"wpdt-cell wpdt-tc-949494 wpdt-bc-F8F7F6 remove-borders \"\n                                            data-cell-id=\"B11\"\n                    data-col-index=\"1\"\n                    data-row-index=\"10\"\n                    style=\"                    padding:10px;\n                    \"\n                    >\n                                        \u2013                    <\/td>\n                                        <\/tr>\n                            <tr class=\"wpdt-cell-row  remove-borders \" >\n                                <td class=\"wpdt-cell wpdt-bc-EBEBEB wpdt-tc-949494 remove-borders \"\n                                            data-cell-id=\"A12\"\n                    data-col-index=\"0\"\n                    data-row-index=\"11\"\n                    style=\"                    padding:10px;\n                    \"\n                    >\n                                        WEIGHT METAL DETAILS (PCS):                    <\/td>\n                                                <td class=\"wpdt-cell wpdt-tc-949494 wpdt-bc-EBEBEB remove-borders \"\n                                            data-cell-id=\"B12\"\n                    data-col-index=\"1\"\n                    data-row-index=\"11\"\n                    style=\"                    padding:10px;\n                    \"\n                    >\n                                        \u2013                    <\/td>\n                                        <\/tr>\n                            <tr class=\"wpdt-cell-row  remove-borders \" >\n                                <td class=\"wpdt-cell wpdt-bc-F8F7F6 wpdt-tc-949494 remove-borders \"\n                                            data-cell-id=\"A13\"\n                    data-col-index=\"0\"\n                    data-row-index=\"12\"\n                    style=\"                    padding:10px;\n                    \"\n                    >\n                                        WEIGHT COMPLETE BRACELET:                    <\/td>\n                                                <td class=\"wpdt-cell wpdt-tc-949494 wpdt-bc-F8F7F6 remove-borders \"\n                                            data-cell-id=\"B13\"\n                    data-col-index=\"1\"\n                    data-row-index=\"12\"\n                    style=\"                    padding:10px;\n                    \"\n                    >\n                                        13\u00a0 g                    <\/td>\n                                        <\/tr>\n                    <\/table>\n<\/div><style id='wpdt-custom-style-5'>\n.wpdt-bc-F8F7F6 { background-color: #F8F7F6 !important;}\n.wpdt-tc-949494 { color: #949494 !important;}\n.wpdt-bc-EBEBEB { background-color: #EBEBEB !important;}\n<\/style>\n\n<\/div>\n<\/div>\n<p><span style=\"font-size: 10px;\">WARRANTY AND PACKAGING: THE MONGRIP\u2122 JEWELRY COMES WITH A GUARANTEE CERTIFICATE ATTESTING TO THE TYPE OF METAL 18K GOLD AND TYRE PORTION USED.<br \/>\n<\/span><span style=\"font-size: 10px;\">THE WEIGHTS AND MEASURES OF THE COMPLETE BRACELET ARE APPROXIMATE AND VARY DEPENDING ON THE CHARACTERISTICS OF THE TIRE PORTION USED (TOLERANCE +\/- 5%).<\/span><\/p>\n","protected":false},"excerpt":{"rendered":"<p class=\"tbk__subtitle\" style=\"text-align: left;\"><span style=\"font-size: 14pt;\"><strong>OR ROSE 18K &amp; AUTHENTIQUE PNEU UTILISE PAR AYRTON SENNA AU GP DE DONINGTON PARK EN 1993<\/strong><\/span><\/p>\n<p><span style=\"font-size: 14pt;\">En honneur de l&rsquo;inoubliable champion, MONGRIP d\u00e9voile sa premi\u00e8re \u201cLegend Limited Edition\u201d compos\u00e9e de 161 bracelets, chiffre qui correspond au nombre de d\u00e9parts pris par Ayrton Senna dans les GP de Formule 1.<\/span><\/p>\n<p><span style=\"font-size: 14pt;\"><img decoding=\"async\" class=\"alignnone size-full wp-image-108436\" src=\"https:\/\/www.mongrip.com\/wp-content\/uploads\/selo_transp_icon.fw_.png\" alt=\"\" width=\"100\" height=\"120\" \/><\/span><\/p>\n<p><span style=\"font-size: 14pt;\">\u201c<em>Part of the revenue obtained from this product is used to support the educational programs of Ayrton Senna Institute<\/em>\u201d<\/span><\/p>\n<p>&nbsp;<\/p>\n<p><span style=\"font-size: 14pt;\"><strong>Votre iconique DP93 est fait sur mesure pour vous.<\/strong><\/span><br \/>\n<span style=\"font-size: 14pt;\">Identifiez votre taille parmi les quatre tailles standards propos\u00e9es ou choisissez l&rsquo;option \u00ab\u00a0Taille personnalis\u00e9e\u00a0\u00bb et indiquez la taille de votre bracelet pr\u00e9f\u00e9r\u00e9e exprim\u00e9e en cm.<\/span><br \/>\n<span style=\"font-size: 14pt;\">Faites d\u00e9filer vers le bas pour voir le <strong>\u00ab\u00a0Guide des tailles\u00a0\u00bb<\/strong> et comment trouver la bonne taille pour votre bracelet.<\/span><\/p>\n","protected":false},"featured_media":109395,"template":"","meta":{"iawp_total_views":668},"product_brand":[],"product_type":[5],"product_cat":[108],"product_tag":[],"class_list":{"0":"post-17198","1":"product","2":"type-product","3":"status-publish","4":"has-post-thumbnail","6":"product_cat-legend-fr","8":"first","9":"outofstock","10":"taxable","11":"shipping-taxable","12":"purchasable","13":"product-type-variable"},"_links":{"self":[{"href":"https:\/\/www.mongrip.com\/fr\/wp-json\/wp\/v2\/product\/17198","targetHints":{"allow":["GET"]}}],"collection":[{"href":"https:\/\/www.mongrip.com\/fr\/wp-json\/wp\/v2\/product"}],"about":[{"href":"https:\/\/www.mongrip.com\/fr\/wp-json\/wp\/v2\/types\/product"}],"wp:featuredmedia":[{"embeddable":true,"href":"https:\/\/www.mongrip.com\/fr\/wp-json\/wp\/v2\/media\/109395"}],"wp:attachment":[{"href":"https:\/\/www.mongrip.com\/fr\/wp-json\/wp\/v2\/media?parent=17198"}],"wp:term":[{"taxonomy":"product_brand","embeddable":true,"href":"https:\/\/www.mongrip.com\/fr\/wp-json\/wp\/v2\/product_brand?post=17198"},{"taxonomy":"product_type","embeddable":true,"href":"https:\/\/www.mongrip.com\/fr\/wp-json\/wp\/v2\/product_type?post=17198"},{"taxonomy":"product_cat","embeddable":true,"href":"https:\/\/www.mongrip.com\/fr\/wp-json\/wp\/v2\/product_cat?post=17198"},{"taxonomy":"product_tag","embeddable":true,"href":"https:\/\/www.mongrip.com\/fr\/wp-json\/wp\/v2\/product_tag?post=17198"}],"curies":[{"name":"wp","href":"https:\/\/api.w.org\/{rel}","templated":true}]}}