



{"id":238541,"date":"2026-05-17T11:49:20","date_gmt":"2026-05-17T09:49:20","guid":{"rendered":"https:\/\/www.mongrip.com\/?page_id=238541"},"modified":"2026-05-17T11:55:54","modified_gmt":"2026-05-17T09:55:54","slug":"x-monaco-grand-prix-signature-limited-edition","status":"publish","type":"page","link":"https:\/\/www.mongrip.com\/fr\/x-monaco-grand-prix-signature-limited-edition\/","title":{"rendered":"X Monaco Grand Prix \u2013 Signature Limited Edition"},"content":{"rendered":"\t\t<div data-elementor-type=\"wp-page\" data-elementor-id=\"238541\" class=\"elementor elementor-238541 elementor-238540\" wpc-filter-elementor-widget=\"1\" data-elementor-post-type=\"page\">\n\t\t\t\t\t\t<section class=\"elementor-section elementor-top-section elementor-element elementor-element-68131aa5 elementor-section-full_width elementor-reverse-mobile elementor-section-height-default elementor-section-height-default sc_fly_static\" data-id=\"68131aa5\" data-element_type=\"section\" data-settings=\"{&quot;background_background&quot;:&quot;classic&quot;}\">\n\t\t\t\t\t\t<div class=\"elementor-container elementor-column-gap-default\">\n\t\t\t\t\t<div class=\"elementor-column elementor-col-50 elementor-top-column elementor-element elementor-element-3d8e55c3 sc_content_align_inherit sc_layouts_column_icons_position_left sc_fly_static\" data-id=\"3d8e55c3\" data-element_type=\"column\" data-settings=\"{&quot;background_background&quot;:&quot;classic&quot;}\">\n\t\t\t<div class=\"elementor-widget-wrap elementor-element-populated\">\n\t\t\t\t\t\t<div class=\"elementor-element elementor-element-74736b76 sc_fly_static elementor-widget elementor-widget-trx_sc_title\" data-id=\"74736b76\" data-element_type=\"widget\" data-widget_type=\"trx_sc_title.default\">\n\t\t\t\t<div class=\"elementor-widget-container\">\n\t\t\t\t\t<div\t\tclass=\"sc_title sc_title_default\"><h1 class=\"sc_item_title sc_title_title sc_item_title_style_default sc_item_title_tag trx_addons_inline_338881625\"\n\t\t\t><span class=\"sc_item_title_text\">X Monaco Grand Prix \u2013 Signature Limited Edition<br\/><\/span><span class=\"sc_item_title_text2\">500 PIECES OF HISTORY<\/span><\/h1><span class=\"sc_item_subtitle sc_title_subtitle sc_item_subtitle_below sc_item_title_style_default\">Wear the legend of the Monaco Grand Prix.<\/span><\/div>\t\t\t\t<\/div>\n\t\t\t\t<\/div>\n\t\t\t\t<div class=\"elementor-element elementor-element-371fa90e sc_fly_static elementor-widget elementor-widget-spacer\" data-id=\"371fa90e\" data-element_type=\"widget\" data-widget_type=\"spacer.default\">\n\t\t\t\t<div class=\"elementor-widget-container\">\n\t\t\t\t\t\t\t<div class=\"elementor-spacer\">\n\t\t\t<div class=\"elementor-spacer-inner\"><\/div>\n\t\t<\/div>\n\t\t\t\t\t\t<\/div>\n\t\t\t\t<\/div>\n\t\t\t\t<div class=\"elementor-element elementor-element-1e61c61a sc_fly_static elementor-widget elementor-widget-text-editor\" data-id=\"1e61c61a\" data-element_type=\"widget\" data-widget_type=\"text-editor.default\">\n\t\t\t\t<div class=\"elementor-widget-container\">\n\t\t\t\t\t\t\t\t\t<p class=\"s7\"><span class=\"s2\">X Monaco Grand Prix \u2013 Signature Limited Edition est la collection exclusive <\/span><span class=\"s2\">en<\/span> <span class=\"s2\">\u00e9dition<\/span> <span class=\"s2\">limit\u00e9e<\/span><span class=\"s2\"> de 500 bracelets <\/span><span class=\"s2\">r\u00e9alis\u00e9s<\/span><span class=\"s2\"> \u00e0 <\/span><span class=\"s2\">partir<\/span><span class=\"s2\"> d\u2019un <\/span><span class=\"s2\">authentique<\/span> <span class=\"s2\">pneu<\/span> <span class=\"s2\">utilis\u00e9<\/span> <span class=\"s2\">en<\/span><span class=\"s2\"> Formula 1\u2122, n\u00e9e de la collaboration avec <\/span><span class=\"s2\">l\u2019Automobile<\/span><span class=\"s2\"> Club de Monaco.<\/span><\/p><p class=\"s7\"><span class=\"s2\">Le \u201cX\u201d est le <\/span><span class=\"s2\">symbole<\/span> <span class=\"s2\">distinctif<\/span><span class=\"s2\"> de la <\/span><span class=\"s2\">collection :<\/span><span class=\"s2\"> expression des 10 <\/span><span class=\"s2\">ans<\/span><span class=\"s2\"> de la marque et <\/span><span class=\"s2\">hommage<\/span><span class=\"s2\">au circuit de <\/span><span class=\"s2\">r\u00eave<\/span><span class=\"s2\"> de <\/span><span class=\"s2\">chaque<\/span> <span class=\"s2\">passionn\u00e9<\/span><span class=\"s2\"> de sport automobile, \u00e0 <\/span><span class=\"s2\">l\u2019Automobile<\/span><span class=\"s2\"> Club de Monaco et \u00e0 la vision qui a fait de MONGRIP\u2122 le <\/span><span class=\"s2\">symbole<\/span><span class=\"s2\"> de la <\/span><span class=\"s2\">vitesse<\/span><span class=\"s2\"> qui <\/span><span class=\"s2\">devient<\/span> <span class=\"s2\">m\u00e9moire<\/span><span class=\"s2\">.<\/span><\/p><p><span style=\"color: #ee2737;\"><span class=\"s2\"><strong>OUVERTURE DES PR\u00c9COMMANDES<\/strong>: <\/span><span class=\"s2\">jeudi 21 mai 2026 \u2014 09:00 CET<br \/><\/span><span class=\"s2\"><strong>LANCEMENT OFFICIEL DES VENTES<\/strong>: <\/span><span class=\"s2\">jeudi 4 juin 2026 \u2014 09:00 CET<\/span><\/span><\/p>\t\t\t\t\t\t\t\t<\/div>\n\t\t\t\t<\/div>\n\t\t\t\t<div class=\"elementor-element elementor-element-1d672763 sc_fly_static elementor-widget elementor-widget-spacer\" data-id=\"1d672763\" data-element_type=\"widget\" data-widget_type=\"spacer.default\">\n\t\t\t\t<div class=\"elementor-widget-container\">\n\t\t\t\t\t\t\t<div class=\"elementor-spacer\">\n\t\t\t<div class=\"elementor-spacer-inner\"><\/div>\n\t\t<\/div>\n\t\t\t\t\t\t<\/div>\n\t\t\t\t<\/div>\n\t\t\t\t<div class=\"elementor-element elementor-element-5c305671 sc_fly_static elementor-widget elementor-widget-trx_sc_button\" data-id=\"5c305671\" data-element_type=\"widget\" data-widget_type=\"trx_sc_button.default\">\n\t\t\t\t<div class=\"elementor-widget-container\">\n\t\t\t\t\t<div\tclass=\"sc_item_button sc_button_wrap\"><a href=\"\/fr\/produit\/x-monaco-grand-prix-signature\" class=\"sc_button sc_button_default sc_button_size_normal sc_button_icon_left color_style_link2\"><span class=\"sc_button_text\"><span class=\"sc_button_title\">Voir la page produit<\/span><\/span><\/a><\/div>\t\t\t\t<\/div>\n\t\t\t\t<\/div>\n\t\t\t\t\t<\/div>\n\t\t<\/div>\n\t\t\t\t<div class=\"elementor-column elementor-col-50 elementor-top-column elementor-element elementor-element-31369573 sc_content_align_inherit sc_layouts_column_icons_position_left sc_fly_static\" data-id=\"31369573\" data-element_type=\"column\" data-settings=\"{&quot;background_background&quot;:&quot;slideshow&quot;,&quot;background_slideshow_gallery&quot;:[{&quot;id&quot;:238553,&quot;url&quot;:&quot;https:\\\/\\\/www.mongrip.com\\\/wp-content\\\/uploads\\\/X-MONACO-GRAND-PRIX-SIGNATURE-LIMITED-EDITION-PHOTO-2-scaled.jpg&quot;},{&quot;id&quot;:238544,&quot;url&quot;:&quot;https:\\\/\\\/www.mongrip.com\\\/wp-content\\\/uploads\\\/mongrip_monaco_gp_2-edit-scaled.jpg&quot;}],&quot;background_slideshow_slide_duration&quot;:2500,&quot;background_slideshow_loop&quot;:&quot;yes&quot;,&quot;background_slideshow_slide_transition&quot;:&quot;fade&quot;,&quot;background_slideshow_transition_duration&quot;:500}\">\n\t\t\t<div class=\"elementor-widget-wrap elementor-element-populated\">\n\t\t\t\t\t\t<div class=\"elementor-element elementor-element-9ff4092 sc_fly_static elementor-widget elementor-widget-spacer\" data-id=\"9ff4092\" data-element_type=\"widget\" data-widget_type=\"spacer.default\">\n\t\t\t\t<div class=\"elementor-widget-container\">\n\t\t\t\t\t\t\t<div class=\"elementor-spacer\">\n\t\t\t<div class=\"elementor-spacer-inner\"><\/div>\n\t\t<\/div>\n\t\t\t\t\t\t<\/div>\n\t\t\t\t<\/div>\n\t\t\t\t\t<\/div>\n\t\t<\/div>\n\t\t\t\t\t<\/div>\n\t\t<\/section>\n\t\t\t\t<section class=\"elementor-section elementor-top-section elementor-element elementor-element-3885cc93 elementor-section-full_width elementor-section-height-default elementor-section-height-default sc_fly_static\" data-id=\"3885cc93\" data-element_type=\"section\" data-settings=\"{&quot;background_background&quot;:&quot;classic&quot;}\">\n\t\t\t\t\t\t<div class=\"elementor-container elementor-column-gap-default\">\n\t\t\t\t\t<div class=\"elementor-column elementor-col-50 elementor-top-column elementor-element elementor-element-70fb6405 sc_content_align_inherit sc_layouts_column_icons_position_left sc_fly_static\" data-id=\"70fb6405\" data-element_type=\"column\" data-settings=\"{&quot;background_background&quot;:&quot;slideshow&quot;,&quot;background_slideshow_gallery&quot;:[{&quot;id&quot;:238556,&quot;url&quot;:&quot;https:\\\/\\\/www.mongrip.com\\\/wp-content\\\/uploads\\\/X-MONACO-GRAND-PRIX-SIGNATURE-LIMITED-EDITION-PHOTO-1.jpg&quot;}],&quot;background_slideshow_loop&quot;:&quot;yes&quot;,&quot;background_slideshow_slide_duration&quot;:5000,&quot;background_slideshow_slide_transition&quot;:&quot;fade&quot;,&quot;background_slideshow_transition_duration&quot;:500}\">\n\t\t\t<div class=\"elementor-widget-wrap elementor-element-populated\">\n\t\t\t\t\t\t<div class=\"elementor-element elementor-element-67bc9d1 sc_fly_static elementor-widget elementor-widget-spacer\" data-id=\"67bc9d1\" data-element_type=\"widget\" data-widget_type=\"spacer.default\">\n\t\t\t\t<div class=\"elementor-widget-container\">\n\t\t\t\t\t\t\t<div class=\"elementor-spacer\">\n\t\t\t<div class=\"elementor-spacer-inner\"><\/div>\n\t\t<\/div>\n\t\t\t\t\t\t<\/div>\n\t\t\t\t<\/div>\n\t\t\t\t\t<\/div>\n\t\t<\/div>\n\t\t\t\t<div class=\"elementor-column elementor-col-50 elementor-top-column elementor-element elementor-element-2aac41ab sc_content_align_inherit sc_layouts_column_icons_position_left sc_fly_static\" data-id=\"2aac41ab\" data-element_type=\"column\" data-settings=\"{&quot;background_background&quot;:&quot;classic&quot;}\">\n\t\t\t<div class=\"elementor-widget-wrap elementor-element-populated\">\n\t\t\t\t\t\t<div class=\"elementor-element elementor-element-53ed2882 sc_fly_static elementor-widget elementor-widget-text-editor\" data-id=\"53ed2882\" data-element_type=\"widget\" data-widget_type=\"text-editor.default\">\n\t\t\t\t<div class=\"elementor-widget-container\">\n\t\t\t\t\t\t\t\t\t<p class=\"s7\"><span class=\"s2\">L\u2019<\/span><span class=\"s2\">\u00e9l\u00e9ment<\/span> <span class=\"s2\">distinctif<\/span><span class=\"s2\"> de la <\/span><span class=\"s2\">collection<\/span><span class=\"s2\"> est une <\/span><span class=\"s2\">portion<\/span><span class=\"s2\"> originale d\u2019un <\/span><span class=\"s2\">pneu<\/span><span class=\"s2\"> Goodyear Eagle F1 <\/span><span class=\"s2\">arri\u00e8re<\/span><span class=\"s2\">droit<\/span> <span class=\"s2\">pluie<\/span><span class=\"s2\">, <\/span><span class=\"s2\">mont\u00e9<\/span><span class=\"s2\"> sur l\u2019une <\/span><span class=\"s2\">des<\/span><span class=\"s2\"> 22 <\/span><span class=\"s2\">monoplaces<\/span> <span class=\"s2\">ayant<\/span> <span class=\"s2\">pris<\/span><span class=\"s2\"> part <\/span><span class=\"s2\">au<\/span> <span class=\"s2\">l\u00e9gendaire<\/span><span class=\"s2\"> Monaco Grand Prix <\/span><span class=\"s2\">1996 :<\/span><span class=\"s2\"> un <\/span><span class=\"s2\">pneu<\/span> <span class=\"s2\">ayant<\/span> <span class=\"s2\">affront\u00e9<\/span> <span class=\"s2\">des<\/span> <span class=\"s2\">conditions<\/span> <span class=\"s2\">extr\u00eames<\/span> <span class=\"s2\">lors<\/span><span class=\"s2\"> d\u2019une <\/span><span class=\"s2\">course<\/span> <span class=\"s2\">destin\u00e9e<\/span><span class=\"s2\"> \u00e0 <\/span><span class=\"s2\">entrer<\/span> <span class=\"s2\">dans<\/span><span class=\"s2\">l\u2019histoire.<\/span><\/p><p class=\"s7\"><span class=\"s2\">Con\u00e7ue<\/span><span class=\"s2\"> et <\/span><span class=\"s2\">d\u00e9velopp\u00e9e<\/span><span class=\"s2\"> \u00e0 Monaco et <\/span><span class=\"s2\">r\u00e9alis\u00e9e<\/span><span class=\"s2\"> en Italie, la X Monaco Grand Prix \u2013 Signature Limited Edition <\/span><span class=\"s2\">incarne<\/span> <span class=\"s2\">l\u2019essence<\/span><span class=\"s2\"> de MONGRIP<\/span><span class=\"s2\">\u2122 :<\/span> <span class=\"s2\">pr\u00e9server<\/span><span class=\"s2\"> d\u2019<\/span><span class=\"s2\">authentiques<\/span> <span class=\"s2\">reliques<\/span><span class=\"s2\"> de la <\/span><span class=\"s2\">comp\u00e9tition<\/span><span class=\"s2\"> et <\/span><span class=\"s2\">les<\/span><span class=\"s2\"> transformer en <\/span><span class=\"s2\">cr\u00e9ations<\/span> <span class=\"s2\">essentielles<\/span><span class=\"s2\">, <\/span><span class=\"s2\">o\u00f9<\/span> <span class=\"s2\">mati\u00e8re<\/span><span class=\"s2\">, <\/span><span class=\"s2\">m\u00e9moire<\/span><span class=\"s2\"> et <\/span><span class=\"s2\">qu\u00eate<\/span><span class=\"s2\"> de l\u2019<\/span><span class=\"s2\">excellence<\/span><span class=\"s2\"> se <\/span><span class=\"s2\">fondent<\/span><span class=\"s2\">, <\/span><span class=\"s2\">sublimant<\/span><span class=\"s2\"> l\u2019<\/span><span class=\"s2\">exclusive<\/span><span class=\"s2\"> racing <\/span><span class=\"s2\">relic<\/span> <span class=\"s2\">du<\/span> <span class=\"s2\">circuit<\/span><span class=\"s2\">, <\/span><span class=\"s2\">provenant<\/span> <span class=\"s2\">du<\/span> <span class=\"s2\">c\u00e9l\u00e8bre<\/span> <span class=\"s2\">trac\u00e9<\/span> <span class=\"s2\">urbain<\/span><span class=\"s2\"> de la <\/span><span class=\"s2\">Principaut\u00e9<\/span><span class=\"s2\"> de Monaco, <\/span><span class=\"s2\">ainsi<\/span> <span class=\"s2\">qu\u2019un<\/span> <span class=\"s2\">fermoir<\/span><span class=\"s2\"> en <\/span><span class=\"s2\">argent<\/span> <span class=\"s2\">orn\u00e9<\/span><span class=\"s2\"> d\u2019<\/span><span class=\"s2\">\u00e9mail<\/span> <span class=\"s2\">aux<\/span> <span class=\"s2\">couleurs<\/span> <span class=\"s2\">du<\/span> <span class=\"s2\">drapeau<\/span> <span class=\"s2\">mon\u00e9gasque<\/span><span class=\"s2\">.<\/span><\/p>\t\t\t\t\t\t\t\t<\/div>\n\t\t\t\t<\/div>\n\t\t\t\t\t<\/div>\n\t\t<\/div>\n\t\t\t\t\t<\/div>\n\t\t<\/section>\n\t\t\t\t<section class=\"elementor-section elementor-top-section elementor-element elementor-element-9966107 elementor-section-full_width elementor-reverse-mobile elementor-section-height-default elementor-section-height-default sc_fly_static\" data-id=\"9966107\" data-element_type=\"section\" data-settings=\"{&quot;background_background&quot;:&quot;classic&quot;}\">\n\t\t\t\t\t\t<div class=\"elementor-container elementor-column-gap-default\">\n\t\t\t\t\t<div class=\"elementor-column elementor-col-50 elementor-top-column elementor-element elementor-element-d6e863c sc_content_align_inherit sc_layouts_column_icons_position_left sc_fly_static\" data-id=\"d6e863c\" data-element_type=\"column\" data-settings=\"{&quot;background_background&quot;:&quot;classic&quot;}\">\n\t\t\t<div class=\"elementor-widget-wrap elementor-element-populated\">\n\t\t\t\t\t\t<div class=\"elementor-element elementor-element-e732ded sc_fly_static elementor-widget elementor-widget-text-editor\" data-id=\"e732ded\" data-element_type=\"widget\" data-widget_type=\"text-editor.default\">\n\t\t\t\t<div class=\"elementor-widget-container\">\n\t\t\t\t\t\t\t\t\t<p class=\"s10\"><span class=\"s9\">Le 19 mai 1996, une violente averse <\/span><span class=\"s9\">avant<\/span><span class=\"s9\"> le <\/span><span class=\"s9\">d\u00e9part<\/span> <span class=\"s9\">transforme<\/span> <span class=\"s9\">radicalement<\/span><span class=\"s9\"> le <\/span><span class=\"s9\">cours<\/span> <span class=\"s9\">du<\/span><span class=\"s9\"> Monaco Grand <\/span><span class=\"s9\">Prix :<\/span> <span class=\"s9\">tous<\/span> <span class=\"s9\">les<\/span> <span class=\"s9\">grands<\/span> <span class=\"s9\">favoris<\/span><span class=\"s9\"> de la <\/span><span class=\"s9\">veille<\/span><span class=\"s9\"> \u2014 de Michael Schumacher \u00e0 Damon Hill, de Jean Alesi \u00e0 Mika H\u00e4kkinen \u2014 <\/span><span class=\"s9\">sont<\/span> <span class=\"s9\">contraints<\/span><span class=\"s9\"> \u00e0 l\u2019<\/span><span class=\"s9\">abandon<\/span><span class=\"s9\">.<\/span><\/p><p class=\"s10\"><span class=\"s9\">Les<\/span> <span class=\"s9\">strat\u00e9gies<\/span><span class=\"s9\"> s\u2019<\/span><span class=\"s9\">effondrent<\/span><span class=\"s9\"> et, <\/span><span class=\"s9\">dans<\/span><span class=\"s9\"> un <\/span><span class=\"s9\">d\u00e9nouement<\/span> <span class=\"s9\">inattendu<\/span><span class=\"s9\">, le <\/span><span class=\"s9\">fran\u00e7ais<\/span><span class=\"s9\"> Olivier Panis, <\/span><span class=\"s9\">au<\/span><span class=\"s9\"> volant de la Ligier, <\/span><span class=\"s9\">accomplit<\/span><span class=\"s9\"> le chef-<\/span><span class=\"s9\">d\u2019\u0153uvre<\/span><span class=\"s9\"> de sa <\/span><span class=\"s9\">carri\u00e8re<\/span><span class=\"s9\"> en <\/span><span class=\"s9\">remportant<\/span><span class=\"s9\"> une <\/span><span class=\"s9\">victoire<\/span> <span class=\"s9\">destin\u00e9e<\/span><span class=\"s9\"> \u00e0 <\/span><span class=\"s9\">rester<\/span><span class=\"s9\">l\u2019<\/span><span class=\"s9\">unique<\/span><span class=\"s9\"> de sa <\/span><span class=\"s9\">carri\u00e8re<\/span><span class=\"s9\"> en Formula 1\u2122, mais <\/span><span class=\"s9\">grav\u00e9e<\/span><span class=\"s9\"> \u00e0 <\/span><span class=\"s9\">jamais<\/span> <span class=\"s9\">dans<\/span><span class=\"s9\"> l\u2019histoire <\/span><span class=\"s9\">du<\/span><span class=\"s9\"> sport automobile. <\/span><span class=\"s9\">Seuls<\/span> <span class=\"s9\">deux<\/span> <span class=\"s9\">autres<\/span> <span class=\"s9\">pilotes<\/span> <span class=\"s9\">verront<\/span><span class=\"s9\"> le <\/span><span class=\"s9\">drapeau<\/span><span class=\"s9\"> \u00e0 <\/span><span class=\"s9\">damier :<\/span><span class=\"s9\"> David Coulthard, <\/span><span class=\"s9\">deuxi\u00e8me<\/span><span class=\"s9\">, et Johnny Herbert sur la <\/span><span class=\"s9\">troisi\u00e8me<\/span><span class=\"s9\"> marche <\/span><span class=\"s9\">du<\/span> <span class=\"s9\">podium<\/span><span class=\"s9\">.<\/span><\/p><p class=\"s10\"><span class=\"s9\">Trente<\/span> <span class=\"s9\">ans<\/span><span class=\"s9\"> plus tard, <\/span><span class=\"s9\">ce<\/span><span class=\"s9\"> moment <\/span><span class=\"s9\">n\u2019est<\/span><span class=\"s9\"> plus <\/span><span class=\"s9\">seulement<\/span> <span class=\"s9\">une<\/span> <span class=\"s9\">m\u00e9moire<\/span><span class=\"s9\"> :<\/span><span class=\"s9\"> il est <\/span><span class=\"s9\">devenu<\/span><span class=\"s9\"> mati\u00e8re.<\/span><\/p><p class=\"s10\"><span class=\"s9\">Avec la X Signature Limited Edition, MONGRIP\u2122 capture <\/span><span class=\"s9\">cet<\/span><span class=\"s9\"> instant et le <\/span><span class=\"s9\">transforme<\/span> <span class=\"s9\">en<\/span> <span class=\"s9\">une<\/span><span class=\"s9\">forme<\/span><span class=\"s9\"> tangible. <\/span><span class=\"s9\">Chaque<\/span> <span class=\"s9\">cr\u00e9ation<\/span> <span class=\"s9\">renferme<\/span><span class=\"s9\"> un fragment <\/span><span class=\"s9\">authentique<\/span><span class=\"s9\"> de <\/span><span class=\"s9\">cette<\/span><span class=\"s9\"> course, <\/span><span class=\"s9\">pr\u00e9serv\u00e9<\/span><span class=\"s9\"> et <\/span><span class=\"s9\">r\u00e9interpr\u00e9t\u00e9<\/span><span class=\"s9\"> par des ma\u00eetres artisans <\/span><span class=\"s9\">italiens<\/span><span class=\"s9\"> dans un <\/span><span class=\"s9\">objet<\/span> <span class=\"s9\">r\u00e9unissant<\/span> <span class=\"s9\">pr\u00e9cision<\/span><span class=\"s9\">, <\/span><span class=\"s9\">intensit\u00e9<\/span><span class=\"s9\"> et design, <\/span><span class=\"s9\">s\u2019affirmant<\/span> <span class=\"s9\">comme<\/span><span class=\"s9\"> un <\/span><span class=\"s9\">v\u00e9ritable<\/span><span class=\"s9\"> must-have pour <\/span><span class=\"s9\">chaque<\/span> <span class=\"s9\">passionn\u00e9<\/span><span class=\"s9\"> de Formula 1\u2122 et de <\/span><span class=\"s9\">l\u2019iconique<\/span><span class=\"s9\">circuit <\/span><span class=\"s9\">mon\u00e9gasque<\/span><span class=\"s9\">.<\/span><\/p>\t\t\t\t\t\t\t\t<\/div>\n\t\t\t\t<\/div>\n\t\t\t\t\t<\/div>\n\t\t<\/div>\n\t\t\t\t<div class=\"elementor-column elementor-col-50 elementor-top-column elementor-element elementor-element-c3bcc72 sc_content_align_inherit sc_layouts_column_icons_position_left sc_fly_static\" data-id=\"c3bcc72\" data-element_type=\"column\" data-settings=\"{&quot;background_background&quot;:&quot;slideshow&quot;,&quot;background_slideshow_gallery&quot;:[{&quot;id&quot;:238559,&quot;url&quot;:&quot;https:\\\/\\\/www.mongrip.com\\\/wp-content\\\/uploads\\\/2026-04-29-0001.jpg&quot;},{&quot;id&quot;:238562,&quot;url&quot;:&quot;https:\\\/\\\/www.mongrip.com\\\/wp-content\\\/uploads\\\/2026-04-29-0007.jpg&quot;},{&quot;id&quot;:238565,&quot;url&quot;:&quot;https:\\\/\\\/www.mongrip.com\\\/wp-content\\\/uploads\\\/2026-04-29-0008.jpg&quot;},{&quot;id&quot;:238568,&quot;url&quot;:&quot;https:\\\/\\\/www.mongrip.com\\\/wp-content\\\/uploads\\\/2026-04-29-0009.jpg&quot;},{&quot;id&quot;:238571,&quot;url&quot;:&quot;https:\\\/\\\/www.mongrip.com\\\/wp-content\\\/uploads\\\/2026-04-29-0010.jpg&quot;},{&quot;id&quot;:238574,&quot;url&quot;:&quot;https:\\\/\\\/www.mongrip.com\\\/wp-content\\\/uploads\\\/2026-04-29-0012.jpg&quot;},{&quot;id&quot;:238577,&quot;url&quot;:&quot;https:\\\/\\\/www.mongrip.com\\\/wp-content\\\/uploads\\\/2026-04-29-0013.jpg&quot;},{&quot;id&quot;:238580,&quot;url&quot;:&quot;https:\\\/\\\/www.mongrip.com\\\/wp-content\\\/uploads\\\/2026-04-29-0014.jpg&quot;},{&quot;id&quot;:238583,&quot;url&quot;:&quot;https:\\\/\\\/www.mongrip.com\\\/wp-content\\\/uploads\\\/2026-05-08-0001.jpg&quot;},{&quot;id&quot;:238586,&quot;url&quot;:&quot;https:\\\/\\\/www.mongrip.com\\\/wp-content\\\/uploads\\\/2026-05-08-0002.jpg&quot;},{&quot;id&quot;:238589,&quot;url&quot;:&quot;https:\\\/\\\/www.mongrip.com\\\/wp-content\\\/uploads\\\/2026-05-08-0003.jpg&quot;},{&quot;id&quot;:238592,&quot;url&quot;:&quot;https:\\\/\\\/www.mongrip.com\\\/wp-content\\\/uploads\\\/Monaco1-rotated.jpg&quot;},{&quot;id&quot;:238595,&quot;url&quot;:&quot;https:\\\/\\\/www.mongrip.com\\\/wp-content\\\/uploads\\\/Monaco2-rotated.jpg&quot;},{&quot;id&quot;:238598,&quot;url&quot;:&quot;https:\\\/\\\/www.mongrip.com\\\/wp-content\\\/uploads\\\/Monaco4-rotated.jpg&quot;},{&quot;id&quot;:238601,&quot;url&quot;:&quot;https:\\\/\\\/www.mongrip.com\\\/wp-content\\\/uploads\\\/Monaco6.jpg&quot;},{&quot;id&quot;:238604,&quot;url&quot;:&quot;https:\\\/\\\/www.mongrip.com\\\/wp-content\\\/uploads\\\/Monaco7-rotated.jpg&quot;},{&quot;id&quot;:238607,&quot;url&quot;:&quot;https:\\\/\\\/www.mongrip.com\\\/wp-content\\\/uploads\\\/Monaco8-rotated.jpg&quot;}],&quot;background_slideshow_slide_duration&quot;:2500,&quot;background_slideshow_loop&quot;:&quot;yes&quot;,&quot;background_slideshow_slide_transition&quot;:&quot;fade&quot;,&quot;background_slideshow_transition_duration&quot;:500}\">\n\t\t\t<div class=\"elementor-widget-wrap elementor-element-populated\">\n\t\t\t\t\t\t<div class=\"elementor-element elementor-element-6d46f1e sc_fly_static elementor-widget elementor-widget-spacer\" data-id=\"6d46f1e\" data-element_type=\"widget\" data-widget_type=\"spacer.default\">\n\t\t\t\t<div class=\"elementor-widget-container\">\n\t\t\t\t\t\t\t<div class=\"elementor-spacer\">\n\t\t\t<div class=\"elementor-spacer-inner\"><\/div>\n\t\t<\/div>\n\t\t\t\t\t\t<\/div>\n\t\t\t\t<\/div>\n\t\t\t\t\t<\/div>\n\t\t<\/div>\n\t\t\t\t\t<\/div>\n\t\t<\/section>\n\t\t\t\t<\/div>\n\t\t","protected":false},"excerpt":{"rendered":"<p>X Monaco Grand Prix \u2013 Signature Limited Edition500 PIECES OF HISTORY Wear the legend of the Monaco Grand Prix. X Monaco Grand Prix \u2013 Signature Limited Edition est la collection exclusive en \u00e9dition limit\u00e9e de 500 bracelets r\u00e9alis\u00e9s \u00e0 partir d\u2019un authentique pneu utilis\u00e9 en Formula 1\u2122, n\u00e9e de la collaboration avec l\u2019Automobile Club de&hellip;<\/p>\n","protected":false},"author":9328,"featured_media":0,"parent":0,"menu_order":0,"comment_status":"closed","ping_status":"closed","template":"","meta":{"iawp_total_views":10,"footnotes":""},"class_list":["post-238541","page","type-page","status-publish","hentry"],"_links":{"self":[{"href":"https:\/\/www.mongrip.com\/fr\/wp-json\/wp\/v2\/pages\/238541","targetHints":{"allow":["GET"]}}],"collection":[{"href":"https:\/\/www.mongrip.com\/fr\/wp-json\/wp\/v2\/pages"}],"about":[{"href":"https:\/\/www.mongrip.com\/fr\/wp-json\/wp\/v2\/types\/page"}],"author":[{"embeddable":true,"href":"https:\/\/www.mongrip.com\/fr\/wp-json\/wp\/v2\/users\/9328"}],"replies":[{"embeddable":true,"href":"https:\/\/www.mongrip.com\/fr\/wp-json\/wp\/v2\/comments?post=238541"}],"version-history":[{"count":6,"href":"https:\/\/www.mongrip.com\/fr\/wp-json\/wp\/v2\/pages\/238541\/revisions"}],"predecessor-version":[{"id":238907,"href":"https:\/\/www.mongrip.com\/fr\/wp-json\/wp\/v2\/pages\/238541\/revisions\/238907"}],"wp:attachment":[{"href":"https:\/\/www.mongrip.com\/fr\/wp-json\/wp\/v2\/media?parent=238541"}],"curies":[{"name":"wp","href":"https:\/\/api.w.org\/{rel}","templated":true}]}}