



{"id":109853,"date":"2024-08-23T07:35:11","date_gmt":"2024-08-23T05:35:11","guid":{"rendered":"https:\/\/staging.mongrip.com\/our-story\/"},"modified":"2025-07-06T19:03:16","modified_gmt":"2025-07-06T17:03:16","slug":"our-story","status":"publish","type":"page","link":"https:\/\/www.mongrip.com\/fr\/our-story\/","title":{"rendered":"OUR STORY"},"content":{"rendered":"\t\t<div data-elementor-type=\"wp-page\" data-elementor-id=\"109853\" class=\"elementor elementor-109853 elementor-107453\" data-elementor-post-type=\"page\">\n\t\t\t\t\t\t<section class=\"elementor-section elementor-top-section elementor-element elementor-element-1a3616d4 elementor-section-boxed elementor-section-height-default elementor-section-height-default sc_fly_static\" data-id=\"1a3616d4\" data-element_type=\"section\">\n\t\t\t\t\t\t<div class=\"elementor-container elementor-column-gap-extended\">\n\t\t\t\t\t<div class=\"elementor-column elementor-col-100 elementor-top-column elementor-element elementor-element-26ea1ad3 sc_content_align_inherit sc_layouts_column_icons_position_left sc_fly_static\" data-id=\"26ea1ad3\" data-element_type=\"column\">\n\t\t\t<div class=\"elementor-widget-wrap elementor-element-populated\">\n\t\t\t\t\t\t<div class=\"elementor-element elementor-element-3e145b2 sc_layouts_hide_on_mobile sc_fly_static elementor-widget elementor-widget-spacer\" data-id=\"3e145b2\" data-element_type=\"widget\" data-widget_type=\"spacer.default\">\n\t\t\t\t<div class=\"elementor-widget-container\">\n\t\t\t\t\t\t\t<div class=\"elementor-spacer\">\n\t\t\t<div class=\"elementor-spacer-inner\"><\/div>\n\t\t<\/div>\n\t\t\t\t\t\t<\/div>\n\t\t\t\t<\/div>\n\t\t\t\t\t<\/div>\n\t\t<\/div>\n\t\t\t\t\t<\/div>\n\t\t<\/section>\n\t\t\t\t<section class=\"elementor-section elementor-top-section elementor-element elementor-element-3cfde7ab elementor-section-full_width elementor-section-height-default elementor-section-height-default sc_fly_static\" data-id=\"3cfde7ab\" data-element_type=\"section\">\n\t\t\t\t\t\t<div class=\"elementor-container elementor-column-gap-default\">\n\t\t\t\t\t<div class=\"elementor-column elementor-col-50 elementor-top-column elementor-element elementor-element-732f8ab0 sc_content_align_inherit sc_layouts_column_icons_position_left sc_fly_static\" data-id=\"732f8ab0\" data-element_type=\"column\" data-settings=\"{&quot;background_background&quot;:&quot;classic&quot;}\">\n\t\t\t<div class=\"elementor-widget-wrap elementor-element-populated\">\n\t\t\t\t\t\t<div class=\"elementor-element elementor-element-bb77feb sc_fly_static elementor-widget elementor-widget-spacer\" data-id=\"bb77feb\" data-element_type=\"widget\" data-widget_type=\"spacer.default\">\n\t\t\t\t<div class=\"elementor-widget-container\">\n\t\t\t\t\t\t\t<div class=\"elementor-spacer\">\n\t\t\t<div class=\"elementor-spacer-inner\"><\/div>\n\t\t<\/div>\n\t\t\t\t\t\t<\/div>\n\t\t\t\t<\/div>\n\t\t\t\t\t<\/div>\n\t\t<\/div>\n\t\t\t\t<div class=\"elementor-column elementor-col-50 elementor-top-column elementor-element elementor-element-431373b7 sc_content_align_inherit sc_layouts_column_icons_position_left sc_fly_static\" data-id=\"431373b7\" data-element_type=\"column\">\n\t\t\t<div class=\"elementor-widget-wrap elementor-element-populated\">\n\t\t\t\t\t\t<div class=\"elementor-element elementor-element-5c1dea09 sc_fly_static elementor-widget elementor-widget-trx_sc_title\" data-id=\"5c1dea09\" data-element_type=\"widget\" data-widget_type=\"trx_sc_title.default\">\n\t\t\t\t<div class=\"elementor-widget-container\">\n\t\t\t\t\t<div\t\tclass=\"sc_title sc_title_default\"><h1 class=\"sc_item_title sc_title_title sc_item_title_style_default sc_item_title_tag\"\n\t\t\t><span class=\"sc_item_title_text\">Qui Nous Sommes<\/span><\/h1><\/div>\t\t\t\t<\/div>\n\t\t\t\t<\/div>\n\t\t\t\t<div class=\"elementor-element elementor-element-66b4c772 sc_fly_static elementor-widget elementor-widget-spacer\" data-id=\"66b4c772\" data-element_type=\"widget\" data-widget_type=\"spacer.default\">\n\t\t\t\t<div class=\"elementor-widget-container\">\n\t\t\t\t\t\t\t<div class=\"elementor-spacer\">\n\t\t\t<div class=\"elementor-spacer-inner\"><\/div>\n\t\t<\/div>\n\t\t\t\t\t\t<\/div>\n\t\t\t\t<\/div>\n\t\t\t\t<div class=\"elementor-element elementor-element-1698606e sc_fly_static elementor-widget elementor-widget-text-editor\" data-id=\"1698606e\" data-element_type=\"widget\" data-widget_type=\"text-editor.default\">\n\t\t\t\t<div class=\"elementor-widget-container\">\n\t\t\t\t\t\t\t\t\t<p class=\"s3\"><span class=\"s4\">Con\u00e7ue par Giancarlo Medici, un entrepreneur, artiste et collectionneur italien, MONGRIP\u2122 est une <\/span><span class=\"s4\">soci\u00e9t\u00e9 <\/span><span class=\"s4\">mon\u00e9gasque <\/span><span class=\"s4\">sp\u00e9cialis\u00e9e <\/span><span class=\"s4\">dans la cr\u00e9ation de <\/span><span class=\"s4\">bijoux<\/span><span class=\"s4\">, d&rsquo;\u0153uvres d&rsquo;art, et de mode \u00e0 partir de souvenirs de course automobile. MONGRIP\u2122 est n\u00e9e de la <\/span><span class=\"s4\">r\u00e9alisation<\/span><span class=\"s4\"> d&rsquo;un r\u00eave et d&rsquo;une mission: <\/span><span class=\"s4\">permettre<\/span><span class=\"s4\"> aux passionn\u00e9s de sport automobile de poss\u00e9der et de devenir les gardiens de pi\u00e8ces authentiques de leur passion<\/span><span class=\"s4\">,<\/span><span class=\"s4\"> ainsi que <\/span><span class=\"s4\">de pouvoir<\/span><span class=\"s4\"> les pr\u00e9server au fil du temps.<\/span><\/p><p class=\"s3\"><span class=\"s4\">Aujourd&rsquo;hui, MONGRIP\u2122 affiche des collaborations avec l&rsquo;Institut Ayrton Senna, la Keep Fighting Foundation, l&rsquo;Autodromo Nazionale di Monza, l&rsquo;Automobile Club de Monaco, Bentley, Porsche, ainsi que des pilotes l\u00e9gendaires et des ic\u00f4nes de l&rsquo;histoire du sport automobile.<\/span><\/p>\t\t\t\t\t\t\t\t<\/div>\n\t\t\t\t<\/div>\n\t\t\t\t\t<\/div>\n\t\t<\/div>\n\t\t\t\t\t<\/div>\n\t\t<\/section>\n\t\t\t\t<section class=\"elementor-section elementor-top-section elementor-element elementor-element-3730fc93 elementor-section-full_width elementor-section-height-default elementor-section-height-default sc_fly_static\" data-id=\"3730fc93\" data-element_type=\"section\" data-settings=\"{&quot;background_background&quot;:&quot;classic&quot;}\">\n\t\t\t\t\t\t<div class=\"elementor-container elementor-column-gap-default\">\n\t\t\t\t\t<div class=\"elementor-column elementor-col-100 elementor-top-column elementor-element elementor-element-21ad17d7 sc_content_align_inherit sc_layouts_column_icons_position_left sc_fly_static\" data-id=\"21ad17d7\" data-element_type=\"column\">\n\t\t\t<div class=\"elementor-widget-wrap elementor-element-populated\">\n\t\t\t\t\t\t<div class=\"elementor-element elementor-element-79bf6f0f sc_fly_static elementor-widget elementor-widget-spacer\" data-id=\"79bf6f0f\" data-element_type=\"widget\" data-widget_type=\"spacer.default\">\n\t\t\t\t<div class=\"elementor-widget-container\">\n\t\t\t\t\t\t\t<div class=\"elementor-spacer\">\n\t\t\t<div class=\"elementor-spacer-inner\"><\/div>\n\t\t<\/div>\n\t\t\t\t\t\t<\/div>\n\t\t\t\t<\/div>\n\t\t\t\t\t<\/div>\n\t\t<\/div>\n\t\t\t\t\t<\/div>\n\t\t<\/section>\n\t\t\t\t<section class=\"elementor-section elementor-top-section elementor-element elementor-element-d0bcdc0 elementor-section-full_width elementor-reverse-mobile elementor-section-height-default elementor-section-height-default sc_fly_static\" data-id=\"d0bcdc0\" data-element_type=\"section\">\n\t\t\t\t\t\t<div class=\"elementor-container elementor-column-gap-default\">\n\t\t\t\t\t<div class=\"elementor-column elementor-col-50 elementor-top-column elementor-element elementor-element-f53eb3d sc_content_align_inherit sc_layouts_column_icons_position_left sc_fly_static\" data-id=\"f53eb3d\" data-element_type=\"column\">\n\t\t\t<div class=\"elementor-widget-wrap elementor-element-populated\">\n\t\t\t\t\t\t<div class=\"elementor-element elementor-element-48ee86d sc_fly_static elementor-widget elementor-widget-trx_sc_title\" data-id=\"48ee86d\" data-element_type=\"widget\" data-widget_type=\"trx_sc_title.default\">\n\t\t\t\t<div class=\"elementor-widget-container\">\n\t\t\t\t\t<div\t\tclass=\"sc_title sc_title_default\"><span class=\"sc_item_subtitle sc_title_subtitle sc_item_subtitle_above sc_item_title_style_default\">ANN\u00c9E 2008<\/span><h1 class=\"sc_item_title sc_title_title sc_item_title_style_default sc_item_title_tag\"\n\t\t\t><span class=\"sc_item_title_text\">Genesi<\/span><\/h1><\/div>\t\t\t\t<\/div>\n\t\t\t\t<\/div>\n\t\t\t\t<div class=\"elementor-element elementor-element-07219d7 sc_fly_static elementor-widget elementor-widget-spacer\" data-id=\"07219d7\" data-element_type=\"widget\" data-widget_type=\"spacer.default\">\n\t\t\t\t<div class=\"elementor-widget-container\">\n\t\t\t\t\t\t\t<div class=\"elementor-spacer\">\n\t\t\t<div class=\"elementor-spacer-inner\"><\/div>\n\t\t<\/div>\n\t\t\t\t\t\t<\/div>\n\t\t\t\t<\/div>\n\t\t\t\t<div class=\"elementor-element elementor-element-299610c sc_fly_static elementor-widget elementor-widget-text-editor\" data-id=\"299610c\" data-element_type=\"widget\" data-widget_type=\"text-editor.default\">\n\t\t\t\t<div class=\"elementor-widget-container\">\n\t\t\t\t\t\t\t\t\t<p><span class=\"s4\">L&rsquo;id\u00e9e a commenc\u00e9 \u00e0 prendre forme en 2008 lorsque<\/span><span class=\"s4\">,<\/span><span class=\"s4\"> \u00e0 la fin d&rsquo;un Grand Prix de Formule 1\u2122<\/span><span class=\"s4\">,<\/span><span class=\"s4\"> Giancarlo a remarqu\u00e9 de nombreux fans envahir la piste, ramassant des morceaux de pneu sur l&rsquo;asphalte pour les emporter chez eux comme souvenirs. L&rsquo;\u00e9tincelle a \u00e9t\u00e9 allum\u00e9e.<\/span><\/p>\t\t\t\t\t\t\t\t<\/div>\n\t\t\t\t<\/div>\n\t\t\t\t<div class=\"elementor-element elementor-element-4a02b8c sc_fly_static elementor-widget elementor-widget-spacer\" data-id=\"4a02b8c\" data-element_type=\"widget\" data-widget_type=\"spacer.default\">\n\t\t\t\t<div class=\"elementor-widget-container\">\n\t\t\t\t\t\t\t<div class=\"elementor-spacer\">\n\t\t\t<div class=\"elementor-spacer-inner\"><\/div>\n\t\t<\/div>\n\t\t\t\t\t\t<\/div>\n\t\t\t\t<\/div>\n\t\t\t\t\t<\/div>\n\t\t<\/div>\n\t\t\t\t<div class=\"elementor-column elementor-col-50 elementor-top-column elementor-element elementor-element-f125372 sc_content_align_inherit sc_layouts_column_icons_position_left sc_fly_static\" data-id=\"f125372\" data-element_type=\"column\" data-settings=\"{&quot;background_background&quot;:&quot;classic&quot;}\">\n\t\t\t<div class=\"elementor-widget-wrap elementor-element-populated\">\n\t\t\t\t\t\t<div class=\"elementor-element elementor-element-fefb515 sc_fly_static elementor-widget elementor-widget-spacer\" data-id=\"fefb515\" data-element_type=\"widget\" data-widget_type=\"spacer.default\">\n\t\t\t\t<div class=\"elementor-widget-container\">\n\t\t\t\t\t\t\t<div class=\"elementor-spacer\">\n\t\t\t<div class=\"elementor-spacer-inner\"><\/div>\n\t\t<\/div>\n\t\t\t\t\t\t<\/div>\n\t\t\t\t<\/div>\n\t\t\t\t\t<\/div>\n\t\t<\/div>\n\t\t\t\t\t<\/div>\n\t\t<\/section>\n\t\t\t\t<section class=\"elementor-section elementor-top-section elementor-element elementor-element-68558f3d elementor-section-boxed elementor-section-height-default elementor-section-height-default sc_fly_static\" data-id=\"68558f3d\" data-element_type=\"section\">\n\t\t\t\t\t\t<div class=\"elementor-container elementor-column-gap-extended\">\n\t\t\t\t\t<div class=\"elementor-column elementor-col-100 elementor-top-column elementor-element elementor-element-22bb9da sc_content_align_inherit sc_layouts_column_icons_position_left sc_fly_static\" data-id=\"22bb9da\" data-element_type=\"column\">\n\t\t\t<div class=\"elementor-widget-wrap elementor-element-populated\">\n\t\t\t\t\t\t<div class=\"elementor-element elementor-element-1e393c69 sc_fly_static elementor-widget elementor-widget-spacer\" data-id=\"1e393c69\" data-element_type=\"widget\" data-widget_type=\"spacer.default\">\n\t\t\t\t<div class=\"elementor-widget-container\">\n\t\t\t\t\t\t\t<div class=\"elementor-spacer\">\n\t\t\t<div class=\"elementor-spacer-inner\"><\/div>\n\t\t<\/div>\n\t\t\t\t\t\t<\/div>\n\t\t\t\t<\/div>\n\t\t\t\t\t<\/div>\n\t\t<\/div>\n\t\t\t\t\t<\/div>\n\t\t<\/section>\n\t\t\t\t<section class=\"elementor-section elementor-top-section elementor-element elementor-element-996059f elementor-section-full_width elementor-section-height-default elementor-section-height-default sc_fly_static\" data-id=\"996059f\" data-element_type=\"section\">\n\t\t\t\t\t\t<div class=\"elementor-container elementor-column-gap-default\">\n\t\t\t\t\t<div class=\"elementor-column elementor-col-50 elementor-top-column elementor-element elementor-element-2f1cb4e sc_content_align_inherit sc_layouts_column_icons_position_left sc_fly_static\" data-id=\"2f1cb4e\" data-element_type=\"column\" data-settings=\"{&quot;background_background&quot;:&quot;slideshow&quot;,&quot;background_slideshow_gallery&quot;:[{&quot;id&quot;:110312,&quot;url&quot;:&quot;https:\\\/\\\/www.mongrip.com\\\/wp-content\\\/uploads\\\/mongrip-hamilton-home-scaled.webp&quot;},{&quot;id&quot;:110801,&quot;url&quot;:&quot;https:\\\/\\\/www.mongrip.com\\\/wp-content\\\/uploads\\\/mongrip-story-gallery-scaled.webp&quot;},{&quot;id&quot;:108308,&quot;url&quot;:&quot;https:\\\/\\\/www.mongrip.com\\\/wp-content\\\/uploads\\\/tyre-collection-mongrip-home-1.webp&quot;}],&quot;background_slideshow_slide_duration&quot;:2000,&quot;background_slideshow_loop&quot;:&quot;yes&quot;,&quot;background_slideshow_slide_transition&quot;:&quot;fade&quot;,&quot;background_slideshow_transition_duration&quot;:500}\">\n\t\t\t<div class=\"elementor-widget-wrap elementor-element-populated\">\n\t\t\t\t\t\t<div class=\"elementor-element elementor-element-6d3a699 sc_fly_static elementor-widget elementor-widget-spacer\" data-id=\"6d3a699\" data-element_type=\"widget\" data-widget_type=\"spacer.default\">\n\t\t\t\t<div class=\"elementor-widget-container\">\n\t\t\t\t\t\t\t<div class=\"elementor-spacer\">\n\t\t\t<div class=\"elementor-spacer-inner\"><\/div>\n\t\t<\/div>\n\t\t\t\t\t\t<\/div>\n\t\t\t\t<\/div>\n\t\t\t\t\t<\/div>\n\t\t<\/div>\n\t\t\t\t<div class=\"elementor-column elementor-col-50 elementor-top-column elementor-element elementor-element-54ec85c sc_content_align_inherit sc_layouts_column_icons_position_left sc_fly_static\" data-id=\"54ec85c\" data-element_type=\"column\">\n\t\t\t<div class=\"elementor-widget-wrap elementor-element-populated\">\n\t\t\t\t\t\t<div class=\"elementor-element elementor-element-182e66c sc_fly_static elementor-widget elementor-widget-trx_sc_title\" data-id=\"182e66c\" data-element_type=\"widget\" data-widget_type=\"trx_sc_title.default\">\n\t\t\t\t<div class=\"elementor-widget-container\">\n\t\t\t\t\t<div\t\tclass=\"sc_title sc_title_default\"><span class=\"sc_item_subtitle sc_title_subtitle sc_item_subtitle_above sc_item_title_style_default\">ANN\u00c9E 2016<\/span><h1 class=\"sc_item_title sc_title_title sc_item_title_style_default sc_item_title_tag\"\n\t\t\t><span class=\"sc_item_title_text\">MONGRIP\u2122 Est N\u00e9<\/span><\/h1><\/div>\t\t\t\t<\/div>\n\t\t\t\t<\/div>\n\t\t\t\t<div class=\"elementor-element elementor-element-dacf092 sc_fly_static elementor-widget elementor-widget-spacer\" data-id=\"dacf092\" data-element_type=\"widget\" data-widget_type=\"spacer.default\">\n\t\t\t\t<div class=\"elementor-widget-container\">\n\t\t\t\t\t\t\t<div class=\"elementor-spacer\">\n\t\t\t<div class=\"elementor-spacer-inner\"><\/div>\n\t\t<\/div>\n\t\t\t\t\t\t<\/div>\n\t\t\t\t<\/div>\n\t\t\t\t<div class=\"elementor-element elementor-element-92d0e2a sc_fly_static elementor-widget elementor-widget-text-editor\" data-id=\"92d0e2a\" data-element_type=\"widget\" data-widget_type=\"text-editor.default\">\n\t\t\t\t<div class=\"elementor-widget-container\">\n\t\t\t\t\t\t\t\t\t<p class=\"p1\">Des ann\u00e9es de recherche assidue, d&rsquo;essais exhaustifs et de s\u00e9lection m\u00e9ticuleuse des fournisseurs ont suivi, culminant en mars 2016 avec la r\u00e9alisation tangible du projet inaugural gr\u00e2ce en partie \u00e0 un brevet exclusif: ainsi MONGRIP\u2122 est n\u00e9.<\/p><p class=\"p1\">Depuis pr\u00e8s de dix ans, le c\u0153ur de m\u00e9tier de MONGRIP\u2122 est d&rsquo;offrir aux fans les bijoux de course les plus authentiques sous la forme de bracelets de luxe cr\u00e9\u00e9s \u00e0 partir de portions de pneus\u00a0 utilis\u00e9s dans la Formula 1\u2122 Grand Prix, le GT et d&rsquo;autres s\u00e9ries de sport automobile.<\/p>\t\t\t\t\t\t\t\t<\/div>\n\t\t\t\t<\/div>\n\t\t\t\t<div class=\"elementor-element elementor-element-95479a0 sc_fly_static elementor-widget elementor-widget-spacer\" data-id=\"95479a0\" data-element_type=\"widget\" data-widget_type=\"spacer.default\">\n\t\t\t\t<div class=\"elementor-widget-container\">\n\t\t\t\t\t\t\t<div class=\"elementor-spacer\">\n\t\t\t<div class=\"elementor-spacer-inner\"><\/div>\n\t\t<\/div>\n\t\t\t\t\t\t<\/div>\n\t\t\t\t<\/div>\n\t\t\t\t\t<\/div>\n\t\t<\/div>\n\t\t\t\t\t<\/div>\n\t\t<\/section>\n\t\t\t\t<section class=\"elementor-section elementor-top-section elementor-element elementor-element-36c9882 elementor-section-boxed elementor-section-height-default elementor-section-height-default sc_fly_static\" data-id=\"36c9882\" data-element_type=\"section\">\n\t\t\t\t\t\t<div class=\"elementor-container elementor-column-gap-extended\">\n\t\t\t\t\t<div class=\"elementor-column elementor-col-100 elementor-top-column elementor-element elementor-element-0265b2b sc_content_align_inherit sc_layouts_column_icons_position_left sc_fly_static\" data-id=\"0265b2b\" data-element_type=\"column\">\n\t\t\t<div class=\"elementor-widget-wrap elementor-element-populated\">\n\t\t\t\t\t\t<div class=\"elementor-element elementor-element-1d03be5 sc_fly_static elementor-widget elementor-widget-spacer\" data-id=\"1d03be5\" data-element_type=\"widget\" data-widget_type=\"spacer.default\">\n\t\t\t\t<div class=\"elementor-widget-container\">\n\t\t\t\t\t\t\t<div class=\"elementor-spacer\">\n\t\t\t<div class=\"elementor-spacer-inner\"><\/div>\n\t\t<\/div>\n\t\t\t\t\t\t<\/div>\n\t\t\t\t<\/div>\n\t\t\t\t\t<\/div>\n\t\t<\/div>\n\t\t\t\t\t<\/div>\n\t\t<\/section>\n\t\t\t\t<section class=\"elementor-section elementor-top-section elementor-element elementor-element-d0eb42a elementor-section-full_width elementor-reverse-mobile elementor-section-height-default elementor-section-height-default sc_fly_static\" data-id=\"d0eb42a\" data-element_type=\"section\">\n\t\t\t\t\t\t<div class=\"elementor-container elementor-column-gap-default\">\n\t\t\t\t\t<div class=\"elementor-column elementor-col-50 elementor-top-column elementor-element elementor-element-291784f sc_content_align_inherit sc_layouts_column_icons_position_left sc_fly_static\" data-id=\"291784f\" data-element_type=\"column\">\n\t\t\t<div class=\"elementor-widget-wrap elementor-element-populated\">\n\t\t\t\t\t\t<div class=\"elementor-element elementor-element-498ef7c sc_fly_static elementor-widget elementor-widget-trx_sc_title\" data-id=\"498ef7c\" data-element_type=\"widget\" data-widget_type=\"trx_sc_title.default\">\n\t\t\t\t<div class=\"elementor-widget-container\">\n\t\t\t\t\t<div\t\tclass=\"sc_title sc_title_default\"><span class=\"sc_item_subtitle sc_title_subtitle sc_item_subtitle_above sc_item_title_style_default\">ANN\u00c9E 2024<\/span><h1 class=\"sc_item_title sc_title_title sc_item_title_style_default sc_item_title_tag\"\n\t\t\t><span class=\"sc_item_title_text\">La Nouvelle \u00c8re<\/span><\/h1><\/div>\t\t\t\t<\/div>\n\t\t\t\t<\/div>\n\t\t\t\t<div class=\"elementor-element elementor-element-86bc253 sc_fly_static elementor-widget elementor-widget-spacer\" data-id=\"86bc253\" data-element_type=\"widget\" data-widget_type=\"spacer.default\">\n\t\t\t\t<div class=\"elementor-widget-container\">\n\t\t\t\t\t\t\t<div class=\"elementor-spacer\">\n\t\t\t<div class=\"elementor-spacer-inner\"><\/div>\n\t\t<\/div>\n\t\t\t\t\t\t<\/div>\n\t\t\t\t<\/div>\n\t\t\t\t<div class=\"elementor-element elementor-element-d8d7fe2 elementor-widget__width-initial sc_fly_static elementor-widget elementor-widget-text-editor\" data-id=\"d8d7fe2\" data-element_type=\"widget\" data-widget_type=\"text-editor.default\">\n\t\t\t\t<div class=\"elementor-widget-container\">\n\t\t\t\t\t\t\t\t\t<p class=\"s3\"><span class=\"s4\">En 2023, lorsque l&rsquo;Autodrome Nazionale di Monza s&rsquo;est lanc\u00e9 dans la t\u00e2che monumentale de resurfa\u00e7age de l&rsquo;ensemble du circuit, il s&rsquo;est tourn\u00e9 vers MONGRIP\u2122 pour son expertise dans la pr\u00e9servation du patrimoine de la course. Ce projet visait \u00e0 transformer des segments de l&rsquo;asphalte historique du circuit en artefacts exclusifs, permettant aux fans de partager et de ch\u00e9rir un morceau de ce lieu embl\u00e9matique.<\/span><\/p><p class=\"s3\"><span class=\"s4\">La transition de la gomme \u00e0 l&rsquo;asphalte a \u00e9t\u00e9 naturelle pour MONGRIP<\/span><span class=\"s4\">\u2122<\/span><span class=\"s4\">, marquant l&rsquo;\u00e9volution et la continuation de notre mission de marque \u00e0 honorer l&rsquo;histoire du sport automobile avec de nouveaux produits et \u00e0 s&rsquo;\u00e9tablir mondialement comme un leader et une r\u00e9f\u00e9rence pour le secteur.<\/span><\/p><p class=\"s3\"><span class=\"s4\">En 2024, la \u201cAsphalt Collection\u201d, la premi\u00e8re d&rsquo;une s\u00e9rie d&rsquo;\u00e9ditions innovantes, est n\u00e9e, <\/span><span class=\"s4\">commen\u00e7ant par la transformation<\/span><span class=\"s4\"> de segments authentiques de la piste historique de Monza en souvenirs intemporels du sport automobile <\/span><span class=\"s4\">.<\/span><\/p><p class=\"s3\"><span class=\"s4\">La \u201cAsphalt Collection\u201d a marqu\u00e9 le d\u00e9but d&rsquo;une transformation de MONGRIP<\/span><span class=\"s4\">\u2122<\/span><span class=\"s4\">, offrant \u00e0 tous les passionn\u00e9s une nouvelle perspective sur la pr\u00e9servation du patrimoine de motorsport.<\/span><span class=\"s4\"><br \/><\/span><span class=\"s4\"><br \/><\/span><span class=\"s4\">C&rsquo;est juste une autre \u00e9tape de notre long parcours, un parcours guid\u00e9 par notre passion ind\u00e9fectible pour pr\u00e9server les l\u00e9gendes de la course et donner aux fans un lien puissant et tangible avec le sport qu&rsquo;ils aiment, immortalisant l&rsquo;adr\u00e9naline de la course d&rsquo;une mani\u00e8re unique jamais vue auparavant.<\/span><\/p>\t\t\t\t\t\t\t\t<\/div>\n\t\t\t\t<\/div>\n\t\t\t\t<div class=\"elementor-element elementor-element-1b52dc8 sc_fly_static elementor-widget elementor-widget-spacer\" data-id=\"1b52dc8\" data-element_type=\"widget\" data-widget_type=\"spacer.default\">\n\t\t\t\t<div class=\"elementor-widget-container\">\n\t\t\t\t\t\t\t<div class=\"elementor-spacer\">\n\t\t\t<div class=\"elementor-spacer-inner\"><\/div>\n\t\t<\/div>\n\t\t\t\t\t\t<\/div>\n\t\t\t\t<\/div>\n\t\t\t\t\t<\/div>\n\t\t<\/div>\n\t\t\t\t<div class=\"elementor-column elementor-col-50 elementor-top-column elementor-element elementor-element-8244673 sc_content_align_inherit sc_layouts_column_icons_position_left sc_fly_static\" data-id=\"8244673\" data-element_type=\"column\" data-settings=\"{&quot;background_background&quot;:&quot;classic&quot;}\">\n\t\t\t<div class=\"elementor-widget-wrap\">\n\t\t\t\t\t\t\t<\/div>\n\t\t<\/div>\n\t\t\t\t\t<\/div>\n\t\t<\/section>\n\t\t\t\t<section class=\"elementor-section elementor-top-section elementor-element elementor-element-cfc0a8c elementor-section-boxed elementor-section-height-default elementor-section-height-default sc_fly_static\" data-id=\"cfc0a8c\" data-element_type=\"section\">\n\t\t\t\t\t\t<div class=\"elementor-container elementor-column-gap-extended\">\n\t\t\t\t\t<div class=\"elementor-column elementor-col-100 elementor-top-column elementor-element elementor-element-eb19dcd sc_content_align_inherit sc_layouts_column_icons_position_left sc_fly_static\" data-id=\"eb19dcd\" data-element_type=\"column\">\n\t\t\t<div class=\"elementor-widget-wrap elementor-element-populated\">\n\t\t\t\t\t\t<div class=\"elementor-element elementor-element-e2cd218 sc_fly_static elementor-widget elementor-widget-spacer\" data-id=\"e2cd218\" data-element_type=\"widget\" data-widget_type=\"spacer.default\">\n\t\t\t\t<div class=\"elementor-widget-container\">\n\t\t\t\t\t\t\t<div class=\"elementor-spacer\">\n\t\t\t<div class=\"elementor-spacer-inner\"><\/div>\n\t\t<\/div>\n\t\t\t\t\t\t<\/div>\n\t\t\t\t<\/div>\n\t\t\t\t\t<\/div>\n\t\t<\/div>\n\t\t\t\t\t<\/div>\n\t\t<\/section>\n\t\t\t\t<\/div>\n\t\t","protected":false},"excerpt":{"rendered":"<p>Qui Nous Sommes Con\u00e7ue par Giancarlo Medici, un entrepreneur, artiste et collectionneur italien, MONGRIP\u2122 est une soci\u00e9t\u00e9 mon\u00e9gasque sp\u00e9cialis\u00e9e dans la cr\u00e9ation de bijoux, d&rsquo;\u0153uvres d&rsquo;art, et de mode \u00e0 partir de souvenirs de course automobile. MONGRIP\u2122 est n\u00e9e de la r\u00e9alisation d&rsquo;un r\u00eave et d&rsquo;une mission: permettre aux passionn\u00e9s de sport automobile de poss\u00e9der&hellip;<\/p>\n","protected":false},"author":9328,"featured_media":0,"parent":0,"menu_order":0,"comment_status":"closed","ping_status":"closed","template":"","meta":{"iawp_total_views":126,"footnotes":""},"class_list":["post-109853","page","type-page","status-publish","hentry"],"_links":{"self":[{"href":"https:\/\/www.mongrip.com\/fr\/wp-json\/wp\/v2\/pages\/109853","targetHints":{"allow":["GET"]}}],"collection":[{"href":"https:\/\/www.mongrip.com\/fr\/wp-json\/wp\/v2\/pages"}],"about":[{"href":"https:\/\/www.mongrip.com\/fr\/wp-json\/wp\/v2\/types\/page"}],"author":[{"embeddable":true,"href":"https:\/\/www.mongrip.com\/fr\/wp-json\/wp\/v2\/users\/9328"}],"replies":[{"embeddable":true,"href":"https:\/\/www.mongrip.com\/fr\/wp-json\/wp\/v2\/comments?post=109853"}],"version-history":[{"count":3,"href":"https:\/\/www.mongrip.com\/fr\/wp-json\/wp\/v2\/pages\/109853\/revisions"}],"predecessor-version":[{"id":199372,"href":"https:\/\/www.mongrip.com\/fr\/wp-json\/wp\/v2\/pages\/109853\/revisions\/199372"}],"wp:attachment":[{"href":"https:\/\/www.mongrip.com\/fr\/wp-json\/wp\/v2\/media?parent=109853"}],"curies":[{"name":"wp","href":"https:\/\/api.w.org\/{rel}","templated":true}]}}