



{"id":109842,"date":"2024-08-23T10:10:11","date_gmt":"2024-08-23T08:10:11","guid":{"rendered":"https:\/\/staging.mongrip.com\/ayrton-senna-le\/"},"modified":"2025-05-24T18:17:53","modified_gmt":"2025-05-24T16:17:53","slug":"ayrton-senna-le","status":"publish","type":"page","link":"https:\/\/www.mongrip.com\/fr\/ayrton-senna-le\/","title":{"rendered":"AYRTON SENNA LIMITED EDITION"},"content":{"rendered":"\t\t<div data-elementor-type=\"wp-page\" data-elementor-id=\"109842\" class=\"elementor elementor-109842 elementor-107655\" data-elementor-post-type=\"page\">\n\t\t\t\t\t\t<section class=\"elementor-section elementor-top-section elementor-element elementor-element-616aabf6 elementor-section-full_width elementor-section-height-full elementor-section-height-default elementor-section-items-middle sc_fly_static\" data-id=\"616aabf6\" data-element_type=\"section\" data-settings=\"{&quot;background_background&quot;:&quot;classic&quot;}\">\n\t\t\t\t\t\t<div class=\"elementor-container elementor-column-gap-extended\">\n\t\t\t\t\t<div class=\"elementor-column elementor-col-100 elementor-top-column elementor-element elementor-element-6f917a46 sc_content_align_inherit sc_layouts_column_icons_position_left sc_fly_static\" data-id=\"6f917a46\" data-element_type=\"column\">\n\t\t\t<div class=\"elementor-widget-wrap elementor-element-populated\">\n\t\t\t\t\t\t<div class=\"elementor-element elementor-element-3c7b653 sc_fly_static elementor-widget elementor-widget-trx_widget_video\" data-id=\"3c7b653\" data-element_type=\"widget\" data-widget_type=\"trx_widget_video.default\">\n\t\t\t\t<div class=\"elementor-widget-container\">\n\t\t\t\t\t<div class=\"widget_area sc_widget_video\"><aside class=\"widget widget_video\"><div id=\"sc_video_948661936\" class=\"trx_addons_video_player without_cover with_video_autoplay\"><div class=\"video_embed video_frame\"><iframe allow=\"autoplay\" src=\"https:\/\/player.vimeo.com\/video\/457667073?autoplay=1&feature=oembed&wmode=transparent&origin=https%3A%2F%2Fwww.mongrip.com%2Ffr%2F&widgetid=1&enablejsapi=1&disablekb=1&modestbranding=1&iv_load_policy=3&rel=0&showinfo=0&playsinline=1&muted=1&controls=0&background=1&autohide=1&loop=1\" width=\"1200\" height=\"675\"><\/iframe><\/div><\/div><\/aside><\/div>\t\t\t\t<\/div>\n\t\t\t\t<\/div>\n\t\t\t\t\t<\/div>\n\t\t<\/div>\n\t\t\t\t\t<\/div>\n\t\t<\/section>\n\t\t\t\t<section class=\"elementor-section elementor-top-section elementor-element elementor-element-aff4ff5 elementor-section-full_width elementor-reverse-mobile elementor-section-height-default elementor-section-height-default sc_fly_static\" data-id=\"aff4ff5\" data-element_type=\"section\" data-settings=\"{&quot;background_background&quot;:&quot;classic&quot;}\">\n\t\t\t\t\t\t<div class=\"elementor-container elementor-column-gap-default\">\n\t\t\t\t\t<div class=\"elementor-column elementor-col-25 elementor-top-column elementor-element elementor-element-cc4cccc sc_content_align_inherit sc_layouts_column_icons_position_left sc_fly_static\" data-id=\"cc4cccc\" data-element_type=\"column\" data-settings=\"{&quot;background_background&quot;:&quot;classic&quot;}\">\n\t\t\t<div class=\"elementor-widget-wrap elementor-element-populated\">\n\t\t\t\t\t\t<div class=\"elementor-element elementor-element-2fbe649 sc_fly_static elementor-widget elementor-widget-trx_sc_title\" data-id=\"2fbe649\" data-element_type=\"widget\" data-widget_type=\"trx_sc_title.default\">\n\t\t\t\t<div class=\"elementor-widget-container\">\n\t\t\t\t\t<div\t\tclass=\"sc_title sc_title_default\"><span class=\"sc_item_subtitle sc_title_subtitle sc_item_subtitle_above sc_item_title_style_default\">LEGEND LIMITED EDITION<\/span><h1 class=\"sc_item_title sc_title_title sc_item_title_style_default sc_item_title_tag trx_addons_inline_609921895\"\n\t\t\t><span class=\"sc_item_title_text\">Ayrton Senna<\/span><span class=\"sc_item_title_text2\"> DP93<\/span><\/h1><\/div>\t\t\t\t<\/div>\n\t\t\t\t<\/div>\n\t\t\t\t<div class=\"elementor-element elementor-element-2a757b9 sc_fly_static elementor-widget elementor-widget-spacer\" data-id=\"2a757b9\" data-element_type=\"widget\" data-widget_type=\"spacer.default\">\n\t\t\t\t<div class=\"elementor-widget-container\">\n\t\t\t\t\t\t\t<div class=\"elementor-spacer\">\n\t\t\t<div class=\"elementor-spacer-inner\"><\/div>\n\t\t<\/div>\n\t\t\t\t\t\t<\/div>\n\t\t\t\t<\/div>\n\t\t\t\t<div class=\"elementor-element elementor-element-a71a8f4 sc_fly_static elementor-widget elementor-widget-text-editor\" data-id=\"a71a8f4\" data-element_type=\"widget\" data-widget_type=\"text-editor.default\">\n\t\t\t\t<div class=\"elementor-widget-container\">\n\t\t\t\t\t\t\t\t\t<p>En d\u00e9cembre 2019, la premi\u00e8re collection Legend d\u00e9di\u00e9e au triple champion du monde de F1 Ayrton Senna a \u00e9t\u00e9 pr\u00e9sent\u00e9e : d\u00e9velopp\u00e9e en collaboration avec la famille Senna, elle se compose de 161 pi\u00e8ces fabriqu\u00e9es \u00e0 partir des pneus utilis\u00e9s par Senna \u00e0 Donington en 1993, l&rsquo;une des performances les plus embl\u00e9matiques de l&rsquo;histoire de la Formule 1\u2122.<\/p>\t\t\t\t\t\t\t\t<\/div>\n\t\t\t\t<\/div>\n\t\t\t\t<div class=\"elementor-element elementor-element-0656811 sc_fly_static elementor-widget elementor-widget-spacer\" data-id=\"0656811\" data-element_type=\"widget\" data-widget_type=\"spacer.default\">\n\t\t\t\t<div class=\"elementor-widget-container\">\n\t\t\t\t\t\t\t<div class=\"elementor-spacer\">\n\t\t\t<div class=\"elementor-spacer-inner\"><\/div>\n\t\t<\/div>\n\t\t\t\t\t\t<\/div>\n\t\t\t\t<\/div>\n\t\t\t\t<div class=\"elementor-element elementor-element-c38231b sc_fly_static elementor-widget elementor-widget-trx_sc_button\" data-id=\"c38231b\" data-element_type=\"widget\" data-widget_type=\"trx_sc_button.default\">\n\t\t\t\t<div class=\"elementor-widget-container\">\n\t\t\t\t\t<div\tclass=\"sc_item_button sc_button_wrap\"><a href=\"\/fr\/ayrton-senna-le\/\" class=\"sc_button sc_button_default sc_button_size_normal sc_button_icon_left color_style_link2\"><span class=\"sc_button_text\"><span class=\"sc_button_title\">ACHETEZ LE BRACELET<\/span><\/span><\/a><\/div>\t\t\t\t<\/div>\n\t\t\t\t<\/div>\n\t\t\t\t\t<\/div>\n\t\t<\/div>\n\t\t\t\t<div class=\"elementor-column elementor-col-25 elementor-top-column elementor-element elementor-element-b8d4d23 sc_content_align_inherit sc_layouts_column_icons_position_left sc_fly_static\" data-id=\"b8d4d23\" data-element_type=\"column\" data-settings=\"{&quot;background_background&quot;:&quot;slideshow&quot;,&quot;background_slideshow_gallery&quot;:[{&quot;id&quot;:121730,&quot;url&quot;:&quot;https:\\\/\\\/www.mongrip.com\\\/wp-content\\\/uploads\\\/mongrip-senna-gallery-2.jpg&quot;},{&quot;id&quot;:107844,&quot;url&quot;:&quot;https:\\\/\\\/www.mongrip.com\\\/wp-content\\\/uploads\\\/dp93-senna-mongrip-bracelet.webp&quot;},{&quot;id&quot;:121734,&quot;url&quot;:&quot;https:\\\/\\\/www.mongrip.com\\\/wp-content\\\/uploads\\\/mongrip-senna-gallery-3.webp&quot;}],&quot;background_slideshow_slide_duration&quot;:2500,&quot;background_slideshow_loop&quot;:&quot;yes&quot;,&quot;background_slideshow_slide_transition&quot;:&quot;fade&quot;,&quot;background_slideshow_transition_duration&quot;:500}\">\n\t\t\t<div class=\"elementor-widget-wrap elementor-element-populated\">\n\t\t\t\t\t\t<div class=\"elementor-element elementor-element-1ef1a82 sc_fly_static elementor-widget elementor-widget-spacer\" data-id=\"1ef1a82\" data-element_type=\"widget\" data-widget_type=\"spacer.default\">\n\t\t\t\t<div class=\"elementor-widget-container\">\n\t\t\t\t\t\t\t<div class=\"elementor-spacer\">\n\t\t\t<div class=\"elementor-spacer-inner\"><\/div>\n\t\t<\/div>\n\t\t\t\t\t\t<\/div>\n\t\t\t\t<\/div>\n\t\t\t\t\t<\/div>\n\t\t<\/div>\n\t\t\t\t<div class=\"sc_parallax sc_parallax_blocks elementor-column elementor-col-50 elementor-top-column elementor-element elementor-element-3a497b0 sc_layouts_hide_on_tablet sc_layouts_hide_on_mobile sc_content_align_inherit sc_layouts_column_icons_position_left sc_fly_static\" data-parallax-blocks=\"[{&quot;image&quot;:{&quot;url&quot;:&quot;https:\\\/\\\/www.mongrip.com\\\/wp-content\\\/uploads\\\/dp93-senna-mongrip-background-2.webp&quot;,&quot;id&quot;:107837,&quot;size&quot;:&quot;&quot;,&quot;alt&quot;:&quot;&quot;,&quot;source&quot;:&quot;library&quot;},&quot;speed&quot;:{&quot;unit&quot;:&quot;px&quot;,&quot;size&quot;:60,&quot;sizes&quot;:[]},&quot;_id&quot;:&quot;9a815d0&quot;,&quot;type&quot;:&quot;none&quot;,&quot;mouse_handler&quot;:&quot;row&quot;,&quot;animation_prop&quot;:&quot;background&quot;,&quot;bg_size&quot;:&quot;cover&quot;,&quot;left&quot;:{&quot;unit&quot;:&quot;px&quot;,&quot;size&quot;:0,&quot;sizes&quot;:[]},&quot;top&quot;:{&quot;unit&quot;:&quot;px&quot;,&quot;size&quot;:0,&quot;sizes&quot;:[]},&quot;z_index&quot;:{&quot;unit&quot;:&quot;px&quot;,&quot;size&quot;:&quot;&quot;,&quot;sizes&quot;:[]},&quot;class&quot;:&quot;&quot;,&quot;motion_dir&quot;:&quot;round&quot;,&quot;motion_time&quot;:{&quot;unit&quot;:&quot;px&quot;,&quot;size&quot;:5,&quot;sizes&quot;:[]},&quot;mouse_tilt_amount&quot;:{&quot;unit&quot;:&quot;px&quot;,&quot;size&quot;:70,&quot;sizes&quot;:[]}}]\" data-id=\"3a497b0\" data-element_type=\"column\" data-settings=\"{&quot;background_background&quot;:&quot;classic&quot;}\">\n\t\t\t<div class=\"elementor-widget-wrap\">\n\t\t\t\t\t\t\t<\/div>\n\t\t<\/div>\n\t\t\t\t\t<\/div>\n\t\t<\/section>\n\t\t\t\t<section class=\"elementor-section elementor-top-section elementor-element elementor-element-190a7627 elementor-section-full_width elementor-section-height-default elementor-section-height-default sc_fly_static\" data-id=\"190a7627\" data-element_type=\"section\" id=\"h4-scroll\" data-settings=\"{&quot;background_background&quot;:&quot;classic&quot;}\">\n\t\t\t\t\t\t<div class=\"elementor-container elementor-column-gap-no\">\n\t\t\t\t\t<div class=\"sc_parallax sc_parallax_blocks elementor-column elementor-col-25 elementor-top-column elementor-element elementor-element-ba16824 sc_layouts_hide_on_tablet sc_layouts_hide_on_mobile hide_bg_image_on_desktop sc_content_align_inherit sc_layouts_column_icons_position_left sc_fly_static\" data-parallax-blocks=\"[{&quot;image&quot;:{&quot;url&quot;:&quot;https:\\\/\\\/www.mongrip.com\\\/wp-content\\\/uploads\\\/senna-homepage-img-mongrip.webp&quot;,&quot;id&quot;:107381,&quot;size&quot;:&quot;&quot;,&quot;alt&quot;:&quot;&quot;,&quot;source&quot;:&quot;library&quot;},&quot;speed&quot;:{&quot;unit&quot;:&quot;px&quot;,&quot;size&quot;:10,&quot;sizes&quot;:[]},&quot;_id&quot;:&quot;1d350d9&quot;,&quot;type&quot;:&quot;none&quot;,&quot;mouse_handler&quot;:&quot;row&quot;,&quot;animation_prop&quot;:&quot;background&quot;,&quot;bg_size&quot;:&quot;cover&quot;,&quot;left&quot;:{&quot;unit&quot;:&quot;px&quot;,&quot;size&quot;:0,&quot;sizes&quot;:[]},&quot;top&quot;:{&quot;unit&quot;:&quot;px&quot;,&quot;size&quot;:0,&quot;sizes&quot;:[]},&quot;z_index&quot;:{&quot;unit&quot;:&quot;px&quot;,&quot;size&quot;:&quot;&quot;,&quot;sizes&quot;:[]},&quot;class&quot;:&quot;&quot;,&quot;motion_dir&quot;:&quot;round&quot;,&quot;motion_time&quot;:{&quot;unit&quot;:&quot;px&quot;,&quot;size&quot;:5,&quot;sizes&quot;:[]},&quot;mouse_tilt_amount&quot;:{&quot;unit&quot;:&quot;px&quot;,&quot;size&quot;:70,&quot;sizes&quot;:[]}}]\" data-id=\"ba16824\" data-element_type=\"column\" data-settings=\"{&quot;background_background&quot;:&quot;slideshow&quot;,&quot;background_slideshow_slide_duration&quot;:1000,&quot;background_slideshow_transition_duration&quot;:2000,&quot;background_slideshow_gallery&quot;:[],&quot;background_slideshow_loop&quot;:&quot;yes&quot;,&quot;background_slideshow_slide_transition&quot;:&quot;fade&quot;}\">\n\t\t\t<div class=\"elementor-widget-wrap\">\n\t\t\t\t\t\t\t<\/div>\n\t\t<\/div>\n\t\t\t\t<div data-parallax-params=\"{&quot;parallax&quot;:1,&quot;flow&quot;:&quot;default&quot;,&quot;crop&quot;:&quot;none&quot;,&quot;ease&quot;:&quot;power2&quot;,&quot;duration&quot;:1,&quot;delay&quot;:0,&quot;squeeze&quot;:1,&quot;text&quot;:&quot;block&quot;,&quot;text_separate&quot;:0,&quot;text_wrap&quot;:0,&quot;mouse&quot;:0,&quot;mouse_type&quot;:&quot;transform3d&quot;,&quot;mouse_tilt_amount&quot;:70,&quot;mouse_speed&quot;:10,&quot;mouse_z&quot;:&quot;&quot;,&quot;mouse_handler&quot;:&quot;row&quot;,&quot;range_start&quot;:0,&quot;range_end&quot;:40,&quot;sticky_offset&quot;:0,&quot;lag&quot;:0,&quot;x_start&quot;:0,&quot;x_start_unit&quot;:&quot;px&quot;,&quot;x_end&quot;:0,&quot;x_end_unit&quot;:&quot;px&quot;,&quot;y_start&quot;:0,&quot;y_start_unit&quot;:&quot;px&quot;,&quot;y_end&quot;:0,&quot;y_end_unit&quot;:&quot;px&quot;,&quot;scale_start&quot;:100,&quot;scale_end&quot;:100,&quot;rotate_start&quot;:0,&quot;rotate_end&quot;:0,&quot;opacity_start&quot;:1,&quot;opacity_end&quot;:1,&quot;crop_start&quot;:0,&quot;crop_end&quot;:100}\" class=\"elementor-column elementor-col-50 elementor-top-column elementor-element elementor-element-4b8422b5 sc_parallax sc_content_align_inherit sc_layouts_column_icons_position_left sc_fly_static sc_parallax_default\" data-id=\"4b8422b5\" data-element_type=\"column\" data-settings=\"{&quot;background_background&quot;:&quot;slideshow&quot;,&quot;background_slideshow_gallery&quot;:[{&quot;id&quot;:107683,&quot;url&quot;:&quot;https:\\\/\\\/www.mongrip.com\\\/wp-content\\\/uploads\\\/bruno-senna-wearing-mongrip.webp&quot;},{&quot;id&quot;:107858,&quot;url&quot;:&quot;https:\\\/\\\/www.mongrip.com\\\/wp-content\\\/uploads\\\/dp93-senna-mongrip-bruno-senna-2.webp&quot;}],&quot;background_slideshow_slide_duration&quot;:3000,&quot;background_slideshow_slide_transition&quot;:&quot;slide_right&quot;,&quot;background_slideshow_loop&quot;:&quot;yes&quot;,&quot;background_slideshow_transition_duration&quot;:500}\">\n\t\t\t<div class=\"elementor-widget-wrap elementor-element-populated\">\n\t\t\t\t\t\t<div class=\"elementor-element elementor-element-772a7b7 sc_fly_static elementor-widget elementor-widget-spacer\" data-id=\"772a7b7\" data-element_type=\"widget\" data-widget_type=\"spacer.default\">\n\t\t\t\t<div class=\"elementor-widget-container\">\n\t\t\t\t\t\t\t<div class=\"elementor-spacer\">\n\t\t\t<div class=\"elementor-spacer-inner\"><\/div>\n\t\t<\/div>\n\t\t\t\t\t\t<\/div>\n\t\t\t\t<\/div>\n\t\t\t\t\t<\/div>\n\t\t<\/div>\n\t\t\t\t<div class=\"elementor-column elementor-col-25 elementor-top-column elementor-element elementor-element-16987154 sc_content_align_inherit sc_layouts_column_icons_position_left sc_fly_static\" data-id=\"16987154\" data-element_type=\"column\" data-settings=\"{&quot;background_background&quot;:&quot;classic&quot;}\">\n\t\t\t<div class=\"elementor-widget-wrap elementor-element-populated\">\n\t\t\t\t\t\t<div class=\"elementor-element elementor-element-67d1cfcd sc_fly_static elementor-widget elementor-widget-trx_sc_title\" data-id=\"67d1cfcd\" data-element_type=\"widget\" data-widget_type=\"trx_sc_title.default\">\n\t\t\t\t<div class=\"elementor-widget-container\">\n\t\t\t\t\t<div\t\tclass=\"sc_title sc_title_default\"><span class=\"sc_item_subtitle sc_title_subtitle sc_item_subtitle_above sc_item_title_style_default\">TESTIMONIAL<\/span><h1 class=\"sc_item_title sc_title_title sc_item_title_style_default sc_item_title_tag trx_addons_inline_631558106\"\n\t\t\t><span class=\"sc_item_title_text\">Bruno Senna<\/span><\/h1><\/div>\t\t\t\t<\/div>\n\t\t\t\t<\/div>\n\t\t\t\t<div class=\"elementor-element elementor-element-11375657 sc_fly_static elementor-widget elementor-widget-spacer\" data-id=\"11375657\" data-element_type=\"widget\" data-widget_type=\"spacer.default\">\n\t\t\t\t<div class=\"elementor-widget-container\">\n\t\t\t\t\t\t\t<div class=\"elementor-spacer\">\n\t\t\t<div class=\"elementor-spacer-inner\"><\/div>\n\t\t<\/div>\n\t\t\t\t\t\t<\/div>\n\t\t\t\t<\/div>\n\t\t\t\t<div class=\"elementor-element elementor-element-3799b284 sc_fly_static elementor-widget elementor-widget-text-editor\" data-id=\"3799b284\" data-element_type=\"widget\" data-widget_type=\"text-editor.default\">\n\t\t\t\t<div class=\"elementor-widget-container\">\n\t\t\t\t\t\t\t\t\t<p>\u00ab Ce qui m\u2019a frapp\u00e9 avec l\u2019\u00e9dition MONGRIP\u2122 Senna, c\u2019est le fait qu\u2019ils ont pu se procurer l\u2019un des pneus les plus embl\u00e9matiques jamais utilis\u00e9s en F1\u2122. Le Grand Prix de Donington Park en 1993 est ind\u00e9niablement l\u2019une des performances les plus spectaculaires d\u2019Ayrton. J\u2019ai de nombreux souvenirs d\u2019Ayrton, mais aucun n\u2019est portable. C\u2019est vraiment un hommage authentique et il le fait de mani\u00e8re moderne et \u00e9l\u00e9gante. \u00bb<\/p><p>\u00a0<\/p><p><em>Bruno Senna &#8211; pilote de course professionnel et neveu d\u2019Ayrton Senna<\/em><\/p>\t\t\t\t\t\t\t\t<\/div>\n\t\t\t\t<\/div>\n\t\t\t\t<div class=\"elementor-element elementor-element-f8ba7a2 sc_fly_static elementor-widget elementor-widget-spacer\" data-id=\"f8ba7a2\" data-element_type=\"widget\" data-widget_type=\"spacer.default\">\n\t\t\t\t<div class=\"elementor-widget-container\">\n\t\t\t\t\t\t\t<div class=\"elementor-spacer\">\n\t\t\t<div class=\"elementor-spacer-inner\"><\/div>\n\t\t<\/div>\n\t\t\t\t\t\t<\/div>\n\t\t\t\t<\/div>\n\t\t\t\t\t<\/div>\n\t\t<\/div>\n\t\t\t\t\t<\/div>\n\t\t<\/section>\n\t\t\t\t<\/div>\n\t\t","protected":false},"excerpt":{"rendered":"<p>LEGEND LIMITED EDITION Ayrton Senna DP93 En d\u00e9cembre 2019, la premi\u00e8re collection Legend d\u00e9di\u00e9e au triple champion du monde de F1 Ayrton Senna a \u00e9t\u00e9 pr\u00e9sent\u00e9e : d\u00e9velopp\u00e9e en collaboration avec la famille Senna, elle se compose de 161 pi\u00e8ces fabriqu\u00e9es \u00e0 partir des pneus utilis\u00e9s par Senna \u00e0 Donington en 1993, l&rsquo;une des performances&hellip;<\/p>\n","protected":false},"author":9328,"featured_media":0,"parent":0,"menu_order":0,"comment_status":"closed","ping_status":"closed","template":"","meta":{"iawp_total_views":1021,"footnotes":""},"class_list":["post-109842","page","type-page","status-publish","hentry"],"_links":{"self":[{"href":"https:\/\/www.mongrip.com\/fr\/wp-json\/wp\/v2\/pages\/109842","targetHints":{"allow":["GET"]}}],"collection":[{"href":"https:\/\/www.mongrip.com\/fr\/wp-json\/wp\/v2\/pages"}],"about":[{"href":"https:\/\/www.mongrip.com\/fr\/wp-json\/wp\/v2\/types\/page"}],"author":[{"embeddable":true,"href":"https:\/\/www.mongrip.com\/fr\/wp-json\/wp\/v2\/users\/9328"}],"replies":[{"embeddable":true,"href":"https:\/\/www.mongrip.com\/fr\/wp-json\/wp\/v2\/comments?post=109842"}],"version-history":[{"count":0,"href":"https:\/\/www.mongrip.com\/fr\/wp-json\/wp\/v2\/pages\/109842\/revisions"}],"wp:attachment":[{"href":"https:\/\/www.mongrip.com\/fr\/wp-json\/wp\/v2\/media?parent=109842"}],"curies":[{"name":"wp","href":"https:\/\/api.w.org\/{rel}","templated":true}]}}